{"id":3067,"date":"2022-01-27T11:35:09","date_gmt":"2022-01-27T19:35:09","guid":{"rendered":"https:\/\/elsembradorministries.com\/esne\/mobile\/?page_id=3067"},"modified":"2023-07-18T15:40:23","modified_gmt":"2023-07-18T22:40:23","slug":"guia-tv","status":"publish","type":"page","link":"https:\/\/elsembradorministries.com\/esne\/mobile\/guia-tv\/","title":{"rendered":"Gu\u00eda TV"},"content":{"rendered":"\t\t<div data-elementor-type=\"wp-page\" data-elementor-id=\"3067\" class=\"elementor elementor-3067\">\n\t\t\t\t\t\t<section class=\"elementor-section elementor-top-section elementor-element elementor-element-0ce95ae elementor-section-boxed elementor-section-height-default elementor-section-height-default\" data-id=\"0ce95ae\" data-element_type=\"section\" data-e-type=\"section\">\n\t\t\t\t\t\t<div class=\"elementor-container elementor-column-gap-default\">\n\t\t\t\t\t<div class=\"elementor-column elementor-col-100 elementor-top-column elementor-element elementor-element-6d6afd2\" data-id=\"6d6afd2\" data-element_type=\"column\" data-e-type=\"column\">\n\t\t\t<div class=\"elementor-widget-wrap elementor-element-populated\">\n\t\t\t\t\t\t<div class=\"elementor-element elementor-element-b56c8f1 elementor-widget elementor-widget-spacer\" data-id=\"b56c8f1\" data-element_type=\"widget\" data-e-type=\"widget\" data-widget_type=\"spacer.default\">\n\t\t\t\t<div class=\"elementor-widget-container\">\n\t\t\t\t\t\t\t<div class=\"elementor-spacer\">\n\t\t\t<div class=\"elementor-spacer-inner\"><\/div>\n\t\t<\/div>\n\t\t\t\t\t\t<\/div>\n\t\t\t\t<\/div>\n\t\t\t\t<div class=\"elementor-element elementor-element-41a17a2 elementor-widget elementor-widget-text-editor\" data-id=\"41a17a2\" data-element_type=\"widget\" data-e-type=\"widget\" data-widget_type=\"text-editor.default\">\n\t\t\t\t<div class=\"elementor-widget-container\">\n\t\t\t\t\t\t\t\t\t<p style=\"text-align: center;\"><strong>ESNE TV<\/strong><br \/>GU\u00cdA DE PROGRAMACI\u00d3N<\/p>\t\t\t\t\t\t\t\t<\/div>\n\t\t\t\t<\/div>\n\t\t\t\t\t<\/div>\n\t\t<\/div>\n\t\t\t\t\t<\/div>\n\t\t<\/section>\n\t\t\t\t<section class=\"elementor-section elementor-top-section elementor-element elementor-element-3a55cd9 elementor-section-full_width elementor-section-stretched elementor-section-height-default elementor-section-height-default\" data-id=\"3a55cd9\" data-element_type=\"section\" data-e-type=\"section\" data-settings=\"{&quot;stretch_section&quot;:&quot;section-stretched&quot;}\">\n\t\t\t\t\t\t<div class=\"elementor-container elementor-column-gap-no\">\n\t\t\t\t\t<div class=\"elementor-column elementor-col-100 elementor-top-column elementor-element elementor-element-6e1b7e9\" data-id=\"6e1b7e9\" data-element_type=\"column\" data-e-type=\"column\">\n\t\t\t<div class=\"elementor-widget-wrap elementor-element-populated\">\n\t\t\t\t\t\t<div class=\"elementor-element elementor-element-b2132c9 elementor-widget elementor-widget-accordion\" data-id=\"b2132c9\" data-element_type=\"widget\" data-e-type=\"widget\" data-widget_type=\"accordion.default\">\n\t\t\t\t<div class=\"elementor-widget-container\">\n\t\t\t\t\t\t\t<div class=\"elementor-accordion\">\n\t\t\t\t\t\t\t<div class=\"elementor-accordion-item\">\n\t\t\t\t\t<div id=\"elementor-tab-title-1861\" class=\"elementor-tab-title\" data-tab=\"1\" role=\"button\" aria-controls=\"elementor-tab-content-1861\" aria-expanded=\"false\">\n\t\t\t\t\t\t\t\t\t\t\t\t\t<span class=\"elementor-accordion-icon elementor-accordion-icon-left\" aria-hidden=\"true\">\n\t\t\t\t\t\t\t\t\t\t\t\t\t\t\t<span class=\"elementor-accordion-icon-closed\"><i class=\"fas fa-caret-down\"><\/i><\/span>\n\t\t\t\t\t\t\t\t<span class=\"elementor-accordion-icon-opened\"><i class=\"fas fa-caret-up\"><\/i><\/span>\n\t\t\t\t\t\t\t\t\t\t\t\t\t\t<\/span>\n\t\t\t\t\t\t\t\t\t\t\t\t<a class=\"elementor-accordion-title\" tabindex=\"0\">DOMINGO<\/a>\n\t\t\t\t\t<\/div>\n\t\t\t\t\t<div id=\"elementor-tab-content-1861\" class=\"elementor-tab-content elementor-clearfix\" data-tab=\"1\" role=\"region\" aria-labelledby=\"elementor-tab-title-1861\"><p><img fetchpriority=\"high\" decoding=\"async\" class=\"size-full wp-image-4251 aligncenter\" src=\"https:\/\/elsembradorministries.com\/esne\/mobile\/wp-content\/uploads\/sites\/2\/2023\/07\/tv-mobile-01-domingo.png\" alt=\"\" width=\"499\" height=\"1088\" srcset=\"https:\/\/elsembradorministries.com\/esne\/mobile\/wp-content\/uploads\/sites\/2\/2023\/07\/tv-mobile-01-domingo.png 499w, https:\/\/elsembradorministries.com\/esne\/mobile\/wp-content\/uploads\/sites\/2\/2023\/07\/tv-mobile-01-domingo-138x300.png 138w, https:\/\/elsembradorministries.com\/esne\/mobile\/wp-content\/uploads\/sites\/2\/2023\/07\/tv-mobile-01-domingo-470x1024.png 470w\" sizes=\"(max-width: 499px) 100vw, 499px\" \/><\/p><\/div>\n\t\t\t\t<\/div>\n\t\t\t\t\t\t\t<div class=\"elementor-accordion-item\">\n\t\t\t\t\t<div id=\"elementor-tab-title-1862\" class=\"elementor-tab-title\" data-tab=\"2\" role=\"button\" aria-controls=\"elementor-tab-content-1862\" aria-expanded=\"false\">\n\t\t\t\t\t\t\t\t\t\t\t\t\t<span class=\"elementor-accordion-icon elementor-accordion-icon-left\" aria-hidden=\"true\">\n\t\t\t\t\t\t\t\t\t\t\t\t\t\t\t<span class=\"elementor-accordion-icon-closed\"><i class=\"fas fa-caret-down\"><\/i><\/span>\n\t\t\t\t\t\t\t\t<span class=\"elementor-accordion-icon-opened\"><i class=\"fas fa-caret-up\"><\/i><\/span>\n\t\t\t\t\t\t\t\t\t\t\t\t\t\t<\/span>\n\t\t\t\t\t\t\t\t\t\t\t\t<a class=\"elementor-accordion-title\" tabindex=\"0\">LUNES<\/a>\n\t\t\t\t\t<\/div>\n\t\t\t\t\t<div id=\"elementor-tab-content-1862\" class=\"elementor-tab-content elementor-clearfix\" data-tab=\"2\" role=\"region\" aria-labelledby=\"elementor-tab-title-1862\"><p><img decoding=\"async\" class=\"size-full wp-image-4252 aligncenter\" src=\"https:\/\/elsembradorministries.com\/esne\/mobile\/wp-content\/uploads\/sites\/2\/2023\/07\/tv-mobile-02-lunes.png\" alt=\"\" width=\"499\" height=\"1163\" srcset=\"https:\/\/elsembradorministries.com\/esne\/mobile\/wp-content\/uploads\/sites\/2\/2023\/07\/tv-mobile-02-lunes.png 499w, https:\/\/elsembradorministries.com\/esne\/mobile\/wp-content\/uploads\/sites\/2\/2023\/07\/tv-mobile-02-lunes-129x300.png 129w, https:\/\/elsembradorministries.com\/esne\/mobile\/wp-content\/uploads\/sites\/2\/2023\/07\/tv-mobile-02-lunes-439x1024.png 439w\" sizes=\"(max-width: 499px) 100vw, 499px\" \/><\/p><\/div>\n\t\t\t\t<\/div>\n\t\t\t\t\t\t\t<div class=\"elementor-accordion-item\">\n\t\t\t\t\t<div id=\"elementor-tab-title-1863\" class=\"elementor-tab-title\" data-tab=\"3\" role=\"button\" aria-controls=\"elementor-tab-content-1863\" aria-expanded=\"false\">\n\t\t\t\t\t\t\t\t\t\t\t\t\t<span class=\"elementor-accordion-icon elementor-accordion-icon-left\" aria-hidden=\"true\">\n\t\t\t\t\t\t\t\t\t\t\t\t\t\t\t<span class=\"elementor-accordion-icon-closed\"><i class=\"fas fa-caret-down\"><\/i><\/span>\n\t\t\t\t\t\t\t\t<span class=\"elementor-accordion-icon-opened\"><i class=\"fas fa-caret-up\"><\/i><\/span>\n\t\t\t\t\t\t\t\t\t\t\t\t\t\t<\/span>\n\t\t\t\t\t\t\t\t\t\t\t\t<a class=\"elementor-accordion-title\" tabindex=\"0\">MARTES<\/a>\n\t\t\t\t\t<\/div>\n\t\t\t\t\t<div id=\"elementor-tab-content-1863\" class=\"elementor-tab-content elementor-clearfix\" data-tab=\"3\" role=\"region\" aria-labelledby=\"elementor-tab-title-1863\"><p><img decoding=\"async\" class=\"size-full wp-image-4253 aligncenter\" src=\"https:\/\/elsembradorministries.com\/esne\/mobile\/wp-content\/uploads\/sites\/2\/2023\/07\/tv-mobile-03-martes.png\" alt=\"\" width=\"499\" height=\"1083\" srcset=\"https:\/\/elsembradorministries.com\/esne\/mobile\/wp-content\/uploads\/sites\/2\/2023\/07\/tv-mobile-03-martes.png 499w, https:\/\/elsembradorministries.com\/esne\/mobile\/wp-content\/uploads\/sites\/2\/2023\/07\/tv-mobile-03-martes-138x300.png 138w, https:\/\/elsembradorministries.com\/esne\/mobile\/wp-content\/uploads\/sites\/2\/2023\/07\/tv-mobile-03-martes-472x1024.png 472w\" sizes=\"(max-width: 499px) 100vw, 499px\" \/><\/p><\/div>\n\t\t\t\t<\/div>\n\t\t\t\t\t\t\t<div class=\"elementor-accordion-item\">\n\t\t\t\t\t<div id=\"elementor-tab-title-1864\" class=\"elementor-tab-title\" data-tab=\"4\" role=\"button\" aria-controls=\"elementor-tab-content-1864\" aria-expanded=\"false\">\n\t\t\t\t\t\t\t\t\t\t\t\t\t<span class=\"elementor-accordion-icon elementor-accordion-icon-left\" aria-hidden=\"true\">\n\t\t\t\t\t\t\t\t\t\t\t\t\t\t\t<span class=\"elementor-accordion-icon-closed\"><i class=\"fas fa-caret-down\"><\/i><\/span>\n\t\t\t\t\t\t\t\t<span class=\"elementor-accordion-icon-opened\"><i class=\"fas fa-caret-up\"><\/i><\/span>\n\t\t\t\t\t\t\t\t\t\t\t\t\t\t<\/span>\n\t\t\t\t\t\t\t\t\t\t\t\t<a class=\"elementor-accordion-title\" tabindex=\"0\">MI\u00c9RCOLES<\/a>\n\t\t\t\t\t<\/div>\n\t\t\t\t\t<div id=\"elementor-tab-content-1864\" class=\"elementor-tab-content elementor-clearfix\" data-tab=\"4\" role=\"region\" aria-labelledby=\"elementor-tab-title-1864\"><p><img loading=\"lazy\" decoding=\"async\" class=\"size-full wp-image-4254 aligncenter\" src=\"https:\/\/elsembradorministries.com\/esne\/mobile\/wp-content\/uploads\/sites\/2\/2023\/07\/tv-mobile-04-miercoles.png\" alt=\"\" width=\"499\" height=\"1125\" srcset=\"https:\/\/elsembradorministries.com\/esne\/mobile\/wp-content\/uploads\/sites\/2\/2023\/07\/tv-mobile-04-miercoles.png 499w, https:\/\/elsembradorministries.com\/esne\/mobile\/wp-content\/uploads\/sites\/2\/2023\/07\/tv-mobile-04-miercoles-133x300.png 133w, https:\/\/elsembradorministries.com\/esne\/mobile\/wp-content\/uploads\/sites\/2\/2023\/07\/tv-mobile-04-miercoles-454x1024.png 454w\" sizes=\"(max-width: 499px) 100vw, 499px\" \/><\/p><\/div>\n\t\t\t\t<\/div>\n\t\t\t\t\t\t\t<div class=\"elementor-accordion-item\">\n\t\t\t\t\t<div id=\"elementor-tab-title-1865\" class=\"elementor-tab-title\" data-tab=\"5\" role=\"button\" aria-controls=\"elementor-tab-content-1865\" aria-expanded=\"false\">\n\t\t\t\t\t\t\t\t\t\t\t\t\t<span class=\"elementor-accordion-icon elementor-accordion-icon-left\" aria-hidden=\"true\">\n\t\t\t\t\t\t\t\t\t\t\t\t\t\t\t<span class=\"elementor-accordion-icon-closed\"><i class=\"fas fa-caret-down\"><\/i><\/span>\n\t\t\t\t\t\t\t\t<span class=\"elementor-accordion-icon-opened\"><i class=\"fas fa-caret-up\"><\/i><\/span>\n\t\t\t\t\t\t\t\t\t\t\t\t\t\t<\/span>\n\t\t\t\t\t\t\t\t\t\t\t\t<a class=\"elementor-accordion-title\" tabindex=\"0\">JUEVES<\/a>\n\t\t\t\t\t<\/div>\n\t\t\t\t\t<div id=\"elementor-tab-content-1865\" class=\"elementor-tab-content elementor-clearfix\" data-tab=\"5\" role=\"region\" aria-labelledby=\"elementor-tab-title-1865\"><p><img loading=\"lazy\" decoding=\"async\" class=\"size-full wp-image-4255 aligncenter\" src=\"https:\/\/elsembradorministries.com\/esne\/mobile\/wp-content\/uploads\/sites\/2\/2023\/07\/tv-mobile-05-jueves.png\" alt=\"\" width=\"499\" height=\"1157\" srcset=\"https:\/\/elsembradorministries.com\/esne\/mobile\/wp-content\/uploads\/sites\/2\/2023\/07\/tv-mobile-05-jueves.png 499w, https:\/\/elsembradorministries.com\/esne\/mobile\/wp-content\/uploads\/sites\/2\/2023\/07\/tv-mobile-05-jueves-129x300.png 129w, https:\/\/elsembradorministries.com\/esne\/mobile\/wp-content\/uploads\/sites\/2\/2023\/07\/tv-mobile-05-jueves-442x1024.png 442w\" sizes=\"(max-width: 499px) 100vw, 499px\" \/><\/p><\/div>\n\t\t\t\t<\/div>\n\t\t\t\t\t\t\t<div class=\"elementor-accordion-item\">\n\t\t\t\t\t<div id=\"elementor-tab-title-1866\" class=\"elementor-tab-title\" data-tab=\"6\" role=\"button\" aria-controls=\"elementor-tab-content-1866\" aria-expanded=\"false\">\n\t\t\t\t\t\t\t\t\t\t\t\t\t<span class=\"elementor-accordion-icon elementor-accordion-icon-left\" aria-hidden=\"true\">\n\t\t\t\t\t\t\t\t\t\t\t\t\t\t\t<span class=\"elementor-accordion-icon-closed\"><i class=\"fas fa-caret-down\"><\/i><\/span>\n\t\t\t\t\t\t\t\t<span class=\"elementor-accordion-icon-opened\"><i class=\"fas fa-caret-up\"><\/i><\/span>\n\t\t\t\t\t\t\t\t\t\t\t\t\t\t<\/span>\n\t\t\t\t\t\t\t\t\t\t\t\t<a class=\"elementor-accordion-title\" tabindex=\"0\">VIERNES<\/a>\n\t\t\t\t\t<\/div>\n\t\t\t\t\t<div id=\"elementor-tab-content-1866\" class=\"elementor-tab-content elementor-clearfix\" data-tab=\"6\" role=\"region\" aria-labelledby=\"elementor-tab-title-1866\"><p><img loading=\"lazy\" decoding=\"async\" class=\"alignleft size-full wp-image-4261\" src=\"https:\/\/elsembradorministries.com\/esne\/mobile\/wp-content\/uploads\/sites\/2\/2023\/07\/tv-mobile-06-viernes-.png\" alt=\"\" width=\"499\" height=\"1160\" srcset=\"https:\/\/elsembradorministries.com\/esne\/mobile\/wp-content\/uploads\/sites\/2\/2023\/07\/tv-mobile-06-viernes-.png 499w, https:\/\/elsembradorministries.com\/esne\/mobile\/wp-content\/uploads\/sites\/2\/2023\/07\/tv-mobile-06-viernes--129x300.png 129w, https:\/\/elsembradorministries.com\/esne\/mobile\/wp-content\/uploads\/sites\/2\/2023\/07\/tv-mobile-06-viernes--440x1024.png 440w\" sizes=\"(max-width: 499px) 100vw, 499px\" \/><\/p><\/div>\n\t\t\t\t<\/div>\n\t\t\t\t\t\t\t<div class=\"elementor-accordion-item\">\n\t\t\t\t\t<div id=\"elementor-tab-title-1867\" class=\"elementor-tab-title\" data-tab=\"7\" role=\"button\" aria-controls=\"elementor-tab-content-1867\" aria-expanded=\"false\">\n\t\t\t\t\t\t\t\t\t\t\t\t\t<span class=\"elementor-accordion-icon elementor-accordion-icon-left\" aria-hidden=\"true\">\n\t\t\t\t\t\t\t\t\t\t\t\t\t\t\t<span class=\"elementor-accordion-icon-closed\"><i class=\"fas fa-caret-down\"><\/i><\/span>\n\t\t\t\t\t\t\t\t<span class=\"elementor-accordion-icon-opened\"><i class=\"fas fa-caret-up\"><\/i><\/span>\n\t\t\t\t\t\t\t\t\t\t\t\t\t\t<\/span>\n\t\t\t\t\t\t\t\t\t\t\t\t<a class=\"elementor-accordion-title\" tabindex=\"0\">S\u00c1BADO<\/a>\n\t\t\t\t\t<\/div>\n\t\t\t\t\t<div id=\"elementor-tab-content-1867\" class=\"elementor-tab-content elementor-clearfix\" data-tab=\"7\" role=\"region\" aria-labelledby=\"elementor-tab-title-1867\"><p><img loading=\"lazy\" decoding=\"async\" class=\"size-full wp-image-4257 aligncenter\" src=\"https:\/\/elsembradorministries.com\/esne\/mobile\/wp-content\/uploads\/sites\/2\/2023\/07\/tv-mobile-07-sabado.png\" alt=\"\" width=\"499\" height=\"1123\" srcset=\"https:\/\/elsembradorministries.com\/esne\/mobile\/wp-content\/uploads\/sites\/2\/2023\/07\/tv-mobile-07-sabado.png 499w, https:\/\/elsembradorministries.com\/esne\/mobile\/wp-content\/uploads\/sites\/2\/2023\/07\/tv-mobile-07-sabado-133x300.png 133w, https:\/\/elsembradorministries.com\/esne\/mobile\/wp-content\/uploads\/sites\/2\/2023\/07\/tv-mobile-07-sabado-455x1024.png 455w\" sizes=\"(max-width: 499px) 100vw, 499px\" \/><\/p><\/div>\n\t\t\t\t<\/div>\n\t\t\t\t\t\t\t\t<\/div>\n\t\t\t\t\t\t<\/div>\n\t\t\t\t<\/div>\n\t\t\t\t\t<\/div>\n\t\t<\/div>\n\t\t\t\t\t<\/div>\n\t\t<\/section>\n\t\t\t\t<\/div>\n\t\t","protected":false},"excerpt":{"rendered":"<p>ESNE TVGU\u00cdA DE PROGRAMACI\u00d3N DOMINGO LUNES MARTES MI\u00c9RCOLES JUEVES VIERNES S\u00c1BADO<\/p>\n","protected":false},"author":1,"featured_media":0,"parent":0,"menu_order":0,"comment_status":"closed","ping_status":"closed","template":"elementor_canvas","meta":{"_acf_changed":false,"ocean_post_layout":"","ocean_both_sidebars_style":"","ocean_both_sidebars_content_width":0,"ocean_both_sidebars_sidebars_width":0,"ocean_sidebar":"0","ocean_second_sidebar":"0","ocean_disable_margins":"enable","ocean_add_body_class":"","ocean_shortcode_before_top_bar":"","ocean_shortcode_after_top_bar":"","ocean_shortcode_before_header":"","ocean_shortcode_after_header":"","ocean_has_shortcode":"","ocean_shortcode_after_title":"","ocean_shortcode_before_footer_widgets":"","ocean_shortcode_after_footer_widgets":"","ocean_shortcode_before_footer_bottom":"","ocean_shortcode_after_footer_bottom":"","ocean_display_top_bar":"default","ocean_display_header":"default","ocean_header_style":"","ocean_center_header_left_menu":"0","ocean_custom_header_template":"0","ocean_custom_logo":0,"ocean_custom_retina_logo":0,"ocean_custom_logo_max_width":0,"ocean_custom_logo_tablet_max_width":0,"ocean_custom_logo_mobile_max_width":0,"ocean_custom_logo_max_height":0,"ocean_custom_logo_tablet_max_height":0,"ocean_custom_logo_mobile_max_height":0,"ocean_header_custom_menu":"0","ocean_menu_typo_font_family":"0","ocean_menu_typo_font_subset":"","ocean_menu_typo_font_size":0,"ocean_menu_typo_font_size_tablet":0,"ocean_menu_typo_font_size_mobile":0,"ocean_menu_typo_font_size_unit":"px","ocean_menu_typo_font_weight":"","ocean_menu_typo_font_weight_tablet":"","ocean_menu_typo_font_weight_mobile":"","ocean_menu_typo_transform":"","ocean_menu_typo_transform_tablet":"","ocean_menu_typo_transform_mobile":"","ocean_menu_typo_line_height":0,"ocean_menu_typo_line_height_tablet":0,"ocean_menu_typo_line_height_mobile":0,"ocean_menu_typo_line_height_unit":"","ocean_menu_typo_spacing":0,"ocean_menu_typo_spacing_tablet":0,"ocean_menu_typo_spacing_mobile":0,"ocean_menu_typo_spacing_unit":"","ocean_menu_link_color":"","ocean_menu_link_color_hover":"","ocean_menu_link_color_active":"","ocean_menu_link_background":"","ocean_menu_link_hover_background":"","ocean_menu_link_active_background":"","ocean_menu_social_links_bg":"","ocean_menu_social_hover_links_bg":"","ocean_menu_social_links_color":"","ocean_menu_social_hover_links_color":"","ocean_disable_title":"default","ocean_disable_heading":"default","ocean_post_title":"","ocean_post_subheading":"","ocean_post_title_style":"","ocean_post_title_background_color":"","ocean_post_title_background":0,"ocean_post_title_bg_image_position":"","ocean_post_title_bg_image_attachment":"","ocean_post_title_bg_image_repeat":"","ocean_post_title_bg_image_size":"","ocean_post_title_height":0,"ocean_post_title_bg_overlay":0.5,"ocean_post_title_bg_overlay_color":"","ocean_disable_breadcrumbs":"default","ocean_breadcrumbs_color":"","ocean_breadcrumbs_separator_color":"","ocean_breadcrumbs_links_color":"","ocean_breadcrumbs_links_hover_color":"","ocean_display_footer_widgets":"default","ocean_display_footer_bottom":"default","ocean_custom_footer_template":"0","footnotes":""},"class_list":["post-3067","page","type-page","status-publish","hentry","entry"],"acf":[],"publishpress_future_action":{"enabled":false,"date":"2026-05-07 23:08:21","action":"change-status","newStatus":"draft","terms":[],"taxonomy":"","extraData":[]},"publishpress_future_workflow_manual_trigger":{"enabledWorkflows":[]},"_links":{"self":[{"href":"https:\/\/elsembradorministries.com\/esne\/mobile\/wp-json\/wp\/v2\/pages\/3067","targetHints":{"allow":["GET"]}}],"collection":[{"href":"https:\/\/elsembradorministries.com\/esne\/mobile\/wp-json\/wp\/v2\/pages"}],"about":[{"href":"https:\/\/elsembradorministries.com\/esne\/mobile\/wp-json\/wp\/v2\/types\/page"}],"author":[{"embeddable":true,"href":"https:\/\/elsembradorministries.com\/esne\/mobile\/wp-json\/wp\/v2\/users\/1"}],"replies":[{"embeddable":true,"href":"https:\/\/elsembradorministries.com\/esne\/mobile\/wp-json\/wp\/v2\/comments?post=3067"}],"version-history":[{"count":6,"href":"https:\/\/elsembradorministries.com\/esne\/mobile\/wp-json\/wp\/v2\/pages\/3067\/revisions"}],"predecessor-version":[{"id":4264,"href":"https:\/\/elsembradorministries.com\/esne\/mobile\/wp-json\/wp\/v2\/pages\/3067\/revisions\/4264"}],"wp:attachment":[{"href":"https:\/\/elsembradorministries.com\/esne\/mobile\/wp-json\/wp\/v2\/media?parent=3067"}],"curies":[{"name":"wp","href":"https:\/\/api.w.org\/{rel}","templated":true}]}}