{"id":771,"date":"2025-12-09T14:11:31","date_gmt":"2025-12-09T22:11:31","guid":{"rendered":"https:\/\/elsembradorministries.com\/esne\/peregrinaciones\/?page_id=771"},"modified":"2026-04-13T16:24:41","modified_gmt":"2026-04-13T23:24:41","slug":"peregrinacion-mariana-2026","status":"publish","type":"page","link":"https:\/\/elsembradorministries.com\/esne\/peregrinaciones\/peregrinacion-mariana-2026\/","title":{"rendered":"Peregrinaci\u00f3n Mariana 2026"},"content":{"rendered":"\t\t<div data-elementor-type=\"wp-page\" data-elementor-id=\"771\" class=\"elementor elementor-771\">\n\t\t\t\t\t\t<section class=\"elementor-section elementor-top-section elementor-element elementor-element-093e3e5 elementor-section-full_width elementor-section-stretched elementor-section-height-default elementor-section-height-default\" data-id=\"093e3e5\" data-element_type=\"section\" data-e-type=\"section\" data-settings=\"{&quot;stretch_section&quot;:&quot;section-stretched&quot;,&quot;background_background&quot;:&quot;classic&quot;}\">\n\t\t\t\t\t\t<div class=\"elementor-container elementor-column-gap-no\">\n\t\t\t\t\t<div class=\"elementor-column elementor-col-50 elementor-top-column elementor-element elementor-element-c991cc5\" data-id=\"c991cc5\" data-element_type=\"column\" data-e-type=\"column\">\n\t\t\t<div class=\"elementor-widget-wrap elementor-element-populated\">\n\t\t\t\t\r\n\t\t<div class=\"elementor-element elementor-element-0f2f220 elementor-widget elementor-widget-text-editor\" data-id=\"0f2f220\" data-element_type=\"widget\" data-e-type=\"widget\" data-widget_type=\"text-editor.default\">\n\t\t\t\t<div class=\"elementor-widget-container\">\n\t\t\t\t\t\t\t\t\t<p>ESNE<\/p>\t\t\t\t\t\t\t\t<\/div>\n\t\t\t\t<\/div>\n\t\t\t\t<div class=\"elementor-element elementor-element-f8c2a27 elementor-widget elementor-widget-text-editor\" data-id=\"f8c2a27\" data-element_type=\"widget\" data-e-type=\"widget\" data-widget_type=\"text-editor.default\">\n\t\t\t\t<div class=\"elementor-widget-container\">\n\t\t\t\t\t\t\t\t\t<p>Para registrarte, llama al:<br \/><strong>(773) 777-7773<\/strong><\/p>\t\t\t\t\t\t\t\t<\/div>\n\t\t\t\t<\/div>\n\t\t\t\t\t<\/div>\n\t\t<\/div>\n\t\t\t\t<div class=\"elementor-column elementor-col-50 elementor-top-column elementor-element elementor-element-1721484\" data-id=\"1721484\" data-element_type=\"column\" data-e-type=\"column\">\n\t\t\t<div class=\"elementor-widget-wrap elementor-element-populated\">\n\t\t\t\t\t\t<div class=\"elementor-element elementor-element-f9c3082 elementor-widget elementor-widget-image\" data-id=\"f9c3082\" data-element_type=\"widget\" data-e-type=\"widget\" data-widget_type=\"image.default\">\n\t\t\t\t<div class=\"elementor-widget-container\">\n\t\t\t\t\t\t\t\t\t\t\t\t\t\t\t<img decoding=\"async\" width=\"300\" height=\"125\" src=\"https:\/\/elsembradorministries.com\/esne\/peregrinaciones\/wp-content\/uploads\/sites\/14\/2025\/10\/canterbury-pilgrimages-300x125.jpg\" class=\"attachment-medium size-medium wp-image-734\" alt=\"\" srcset=\"https:\/\/elsembradorministries.com\/esne\/peregrinaciones\/wp-content\/uploads\/sites\/14\/2025\/10\/canterbury-pilgrimages-300x125.jpg 300w, https:\/\/elsembradorministries.com\/esne\/peregrinaciones\/wp-content\/uploads\/sites\/14\/2025\/10\/canterbury-pilgrimages.jpg 473w\" sizes=\"(max-width: 300px) 100vw, 300px\" \/>\t\t\t\t\t\t\t\t\t\t\t\t\t\t\t<\/div>\n\t\t\t\t<\/div>\n\t\t\t\t\t<\/div>\n\t\t<\/div>\n\t\t\t\t\t<\/div>\n\t\t<\/section>\n\t\t\t\t<section class=\"elementor-section elementor-top-section elementor-element elementor-element-f7d1648 elementor-section-full_width elementor-section-height-default elementor-section-height-default\" data-id=\"f7d1648\" data-element_type=\"section\" data-e-type=\"section\">\n\t\t\t\t\t\t<div class=\"elementor-container elementor-column-gap-no\">\n\t\t\t\t\t<div class=\"elementor-column elementor-col-50 elementor-top-column elementor-element elementor-element-d343189\" data-id=\"d343189\" data-element_type=\"column\" data-e-type=\"column\">\n\t\t\t<div class=\"elementor-widget-wrap elementor-element-populated\">\n\t\t\t\t\t\t<div class=\"elementor-element elementor-element-cfe00de elementor-widget elementor-widget-image\" data-id=\"cfe00de\" data-element_type=\"widget\" data-e-type=\"widget\" data-widget_type=\"image.default\">\n\t\t\t\t<div class=\"elementor-widget-container\">\n\t\t\t\t\t\t\t\t\t\t\t\t\t\t\t<img fetchpriority=\"high\" decoding=\"async\" width=\"960\" height=\"500\" src=\"https:\/\/elsembradorministries.com\/esne\/peregrinaciones\/wp-content\/uploads\/sites\/14\/2026\/04\/per-mariana-2026-a.jpg\" class=\"attachment-full size-full wp-image-900\" alt=\"\" srcset=\"https:\/\/elsembradorministries.com\/esne\/peregrinaciones\/wp-content\/uploads\/sites\/14\/2026\/04\/per-mariana-2026-a.jpg 960w, https:\/\/elsembradorministries.com\/esne\/peregrinaciones\/wp-content\/uploads\/sites\/14\/2026\/04\/per-mariana-2026-a-300x156.jpg 300w, https:\/\/elsembradorministries.com\/esne\/peregrinaciones\/wp-content\/uploads\/sites\/14\/2026\/04\/per-mariana-2026-a-768x400.jpg 768w\" sizes=\"(max-width: 960px) 100vw, 960px\" \/>\t\t\t\t\t\t\t\t\t\t\t\t\t\t\t<\/div>\n\t\t\t\t<\/div>\n\t\t\t\t\t<\/div>\n\t\t<\/div>\n\t\t\t\t<div class=\"elementor-column elementor-col-50 elementor-top-column elementor-element elementor-element-35f0d5a\" data-id=\"35f0d5a\" data-element_type=\"column\" data-e-type=\"column\">\n\t\t\t<div class=\"elementor-widget-wrap elementor-element-populated\">\n\t\t\t\t\t\t<div class=\"elementor-element elementor-element-f49eef8 elementor-widget elementor-widget-image\" data-id=\"f49eef8\" data-element_type=\"widget\" data-e-type=\"widget\" data-widget_type=\"image.default\">\n\t\t\t\t<div class=\"elementor-widget-container\">\n\t\t\t\t\t\t\t\t\t\t\t\t\t\t\t<img decoding=\"async\" width=\"960\" height=\"500\" src=\"https:\/\/elsembradorministries.com\/esne\/peregrinaciones\/wp-content\/uploads\/sites\/14\/2026\/04\/per-mariana-2026-b.jpg\" class=\"attachment-full size-full wp-image-901\" alt=\"\" srcset=\"https:\/\/elsembradorministries.com\/esne\/peregrinaciones\/wp-content\/uploads\/sites\/14\/2026\/04\/per-mariana-2026-b.jpg 960w, https:\/\/elsembradorministries.com\/esne\/peregrinaciones\/wp-content\/uploads\/sites\/14\/2026\/04\/per-mariana-2026-b-300x156.jpg 300w, https:\/\/elsembradorministries.com\/esne\/peregrinaciones\/wp-content\/uploads\/sites\/14\/2026\/04\/per-mariana-2026-b-768x400.jpg 768w\" sizes=\"(max-width: 960px) 100vw, 960px\" \/>\t\t\t\t\t\t\t\t\t\t\t\t\t\t\t<\/div>\n\t\t\t\t<\/div>\n\t\t\t\t\t<\/div>\n\t\t<\/div>\n\t\t\t\t\t<\/div>\n\t\t<\/section>\n\t\t\t\t<section class=\"elementor-section elementor-top-section elementor-element elementor-element-c243758 elementor-section-full_width elementor-section-stretched elementor-section-height-default elementor-section-height-default\" data-id=\"c243758\" data-element_type=\"section\" data-e-type=\"section\" data-settings=\"{&quot;stretch_section&quot;:&quot;section-stretched&quot;}\">\n\t\t\t\t\t\t<div class=\"elementor-container elementor-column-gap-no\">\n\t\t\t\t\t<div class=\"elementor-column elementor-col-100 elementor-top-column elementor-element elementor-element-c05dbc8\" data-id=\"c05dbc8\" data-element_type=\"column\" data-e-type=\"column\">\n\t\t\t<div class=\"elementor-widget-wrap elementor-element-populated\">\n\t\t\t\t\t\t<div class=\"elementor-element elementor-element-ee96f9d elementor-widget elementor-widget-text-editor\" data-id=\"ee96f9d\" data-element_type=\"widget\" data-e-type=\"widget\" data-widget_type=\"text-editor.default\">\n\t\t\t\t<div class=\"elementor-widget-container\">\n\t\t\t\t\t\t\t\t\t<p>Canterbury Pilgrimages &amp; Tours Contrato y Reserva de Viaje<\/p>\t\t\t\t\t\t\t\t<\/div>\n\t\t\t\t<\/div>\n\t\t\t\t<div class=\"elementor-element elementor-element-aaa7330 elementor-widget elementor-widget-text-editor\" data-id=\"aaa7330\" data-element_type=\"widget\" data-e-type=\"widget\" data-widget_type=\"text-editor.default\">\n\t\t\t\t<div class=\"elementor-widget-container\">\n\t\t\t\t\t\t\t\t\t<p>Peregrinaci\u00f3n con ESNE\u00a0 \u00a0 |\u00a0 \u00a0 Apostolado El Sembrador<br \/><strong>Del 10 al 19 de Junio, 2026<\/strong><\/p>\t\t\t\t\t\t\t\t<\/div>\n\t\t\t\t<\/div>\n\t\t\t\t\t<\/div>\n\t\t<\/div>\n\t\t\t\t\t<\/div>\n\t\t<\/section>\n\t\t\t\t<section class=\"elementor-section elementor-top-section elementor-element elementor-element-cff2af1 elementor-section-boxed elementor-section-height-default elementor-section-height-default\" data-id=\"cff2af1\" data-element_type=\"section\" data-e-type=\"section\">\n\t\t\t\t\t\t<div class=\"elementor-container elementor-column-gap-default\">\n\t\t\t\t\t<div class=\"elementor-column elementor-col-100 elementor-top-column elementor-element elementor-element-ef48161\" data-id=\"ef48161\" data-element_type=\"column\" data-e-type=\"column\">\n\t\t\t<div class=\"elementor-widget-wrap elementor-element-populated\">\n\t\t\t\t\t\t<div class=\"elementor-element elementor-element-d575bde elementor-widget elementor-widget-html\" data-id=\"d575bde\" data-element_type=\"widget\" data-e-type=\"widget\" data-widget_type=\"html.default\">\n\t\t\t\t<div class=\"elementor-widget-container\">\n\t\t\t\t\t<iframe height=\"830\" id=\"fb_iframe\" src=\"https:\/\/elsembradorministries.com\/esne-email-forms\/peregrinaciones\/Peregrinacion-Mariana-2026-06-10-al-19.php\" style=\"border: none; background: transparent; overflow: hidden;\" width=\"100%\"><\/iframe>\t\t\t\t<\/div>\n\t\t\t\t<\/div>\n\t\t\t\t\t<\/div>\n\t\t<\/div>\n\t\t\t\t\t<\/div>\n\t\t<\/section>\n\t\t\t\t<section class=\"elementor-section elementor-top-section elementor-element elementor-element-10b45e4 elementor-section-boxed elementor-section-height-default elementor-section-height-default\" data-id=\"10b45e4\" data-element_type=\"section\" data-e-type=\"section\">\n\t\t\t\t\t\t<div class=\"elementor-container elementor-column-gap-default\">\n\t\t\t\t\t<div class=\"elementor-column elementor-col-100 elementor-top-column elementor-element elementor-element-ecc2b0e\" data-id=\"ecc2b0e\" data-element_type=\"column\" data-e-type=\"column\">\n\t\t\t<div class=\"elementor-widget-wrap elementor-element-populated\">\n\t\t\t\t\t\t<div class=\"elementor-element elementor-element-3ef6d78 elementor-widget elementor-widget-text-editor\" data-id=\"3ef6d78\" data-element_type=\"widget\" data-e-type=\"widget\" data-widget_type=\"text-editor.default\">\n\t\t\t\t<div class=\"elementor-widget-container\">\n\t\t\t\t\t\t\t\t\t<p>T\u00e9rminos de Servicio<\/p>\t\t\t\t\t\t\t\t<\/div>\n\t\t\t\t<\/div>\n\t\t\t\t\t<\/div>\n\t\t<\/div>\n\t\t\t\t\t<\/div>\n\t\t<\/section>\n\t\t\t\t<section class=\"elementor-section elementor-top-section elementor-element elementor-element-e693713 elementor-section-stretched elementor-section-boxed elementor-section-height-default elementor-section-height-default\" data-id=\"e693713\" data-element_type=\"section\" data-e-type=\"section\" data-settings=\"{&quot;stretch_section&quot;:&quot;section-stretched&quot;}\">\n\t\t\t\t\t\t<div class=\"elementor-container elementor-column-gap-default\">\n\t\t\t\t\t<div class=\"elementor-column elementor-col-100 elementor-top-column elementor-element elementor-element-f0f3cb3\" data-id=\"f0f3cb3\" data-element_type=\"column\" data-e-type=\"column\">\n\t\t\t<div class=\"elementor-widget-wrap elementor-element-populated\">\n\t\t\t\t\t\t<div class=\"elementor-element elementor-element-e2cacbe elementor-widget elementor-widget-text-editor\" data-id=\"e2cacbe\" data-element_type=\"widget\" data-e-type=\"widget\" data-widget_type=\"text-editor.default\">\n\t\t\t\t<div class=\"elementor-widget-container\">\n\t\t\t\t\t\t\t\t\t<p style=\"text-align: justify;\"><strong>Itinerarios<\/strong> los itinerarios se preparan con antelaci\u00f3n y est\u00e1n sujetos a cambio en cualquier momento. Se planifican y programan actividades de acuerdo con la mejor informaci\u00f3n disponible en el momento y puede cambiar antes de la fecha de la peregrinaci\u00f3n.<\/p>\n<p style=\"text-align: justify;\"><strong>Precios<\/strong> Canterbury Pilgrimages and Tours Inc. se reserva el derecho de ajustar los precios mediante aumentos significativos en: (1) Billete de avi\u00f3n, debido a mayores costos de combustible, etc. (2) los costos de tierra debido a los posibles incrementos en gastos de hotel, tarifas de autob\u00fas y tarifas y otros costos en funci\u00f3n del valor fluctuante del d\u00f3lar frente a la moneda extranjera.<\/p>\n<p style=\"text-align: justify;\"><strong>Dep\u00f3sitos y pagos finales<\/strong> Un dep\u00f3sito de $450.00 por persona se requiere para mantener su reserva. El pago final se debe 90 d\u00edas antes de la fecha de salida. El pago puede hacerse con cheque \/ tarjeta de cr\u00e9dito. Los pagos con tarjeta de cr\u00e9dito se le cobrar\u00e1n una tarifa de procesamiento (3%). Tel\u00e9fono para hacer un pago con tarjeta de cr\u00e9dito.<\/p>\n<p style=\"text-align: justify;\"><strong>Los gastos de cancelaci\u00f3n<\/strong> Si la cancelaci\u00f3n por escrito es recibida por Canterbury Pilgrimages and Tours Inc. m\u00e1s de 90 d\u00edas antes de la salida todos los pagos realizados hacia el precio de la excursi\u00f3n ser\u00e1 reembolsado, menos $200.00 dep\u00f3sito inicial. Las cancelaciones recibidas durante los 90 d\u00edas antes de la salida no son reembolsables: el dep\u00f3sito inicial de $450.00, adem\u00e1s de los cargos aplicables impuestos por las compa\u00f1\u00edas a\u00e9reas, hoteles y empresas de autobuses en Canterbury Pilgrimages and Tours Inc. Tenga en cuenta que la cantidad puede variar con cada peregrinaci\u00f3n. Canterbury Pilgrimages and Tours Inc. reserva el derecho de cancelar cualquier peregrinaci\u00f3n hasta la fecha de salida, en cuyo caso todos los fondos recibidos ser\u00e1n devueltos de inmediato. (En 10 d\u00edas \u00fatiles)<\/p>\n<p style=\"text-align: justify;\"><strong>Equipaje<\/strong> Por favor, siga la regla general del viajante &#8211; Si no puede llevarlo, no llevarlo. Los pasajeros se les permiten una pieza de equipaje por persona. El manejo del equipaje est\u00e1 incluido para una maleta por persona s\u00f3lo, siempre que sea posible, en el costo de la peregrinaci\u00f3n. Las compa\u00f1\u00edas a\u00e9reas para los vuelos internacionales no permiten una maleta superior a 50 libras (esto puede cambiar), y si el peso es m\u00e1s, las tasas pueden ser costosos. En los vuelos inter-europea, que no est\u00e1n conectados directamente a un vuelo transatl\u00e1ntico el l\u00edmite de peso del equipaje es menor. Nosotros le proporcionaremos esta informaci\u00f3n en los documentos finales de viaje. El manejo del equipaje no est\u00e1 disponible en cualquiera de los trenes. Se har\u00e1 todo lo posible para manejar el equipaje con cuidado, sin embargo Canterbury Pilgrimages and Tours Inc. no asume ninguna responsabilidad por equipaje perdido o da\u00f1ado. (El seguro de viaje puede aplicar-se)<\/p>\n<p style=\"text-align: justify;\"><strong>No estan incluidas<\/strong> Propinas, los servicios de habitaciones, lavander\u00eda, llamadas telef\u00f3nicas, bar etc&#8230;<\/p>\n<p style=\"text-align: justify;\"><strong>Responsabilidad<\/strong> Canterbury Pilgrimages and Tours, Inc., y sus empleados, accionistas, funcionarios y directores (colectivamente \u201cCPT\u201d) no posee ni opera en ninguna entidad que no sea proporcionar bienes o servicios para sus peregrinaciones, incluyendo, por ejemplo, facilidades de alojamiento, empresas de transporte, operadores locales, incluyendo, sin limitaci\u00f3n, diversas entidades que pueden utilizar el nombre de la CPT, gu\u00edas, empresas de turismo, entretenimiento, comida y bebida, proveedores de servicios, proveedores de equipos, etc. Como resultado, CPT no es responsable por cualquier acto de negligencia o intencional que act\u00fae sobre cualquier persona o entidad. Adem\u00e1s, CPT no es responsable por cualquier acto negligente o intencional falla o omisi\u00f3n de cualquier persona o entidad que no poseen y no controlan sus acto a terceras personas, o cualquier que no esteban bajo su control. Sin limitaciones CPT no se hace responsable de ning\u00fan da\u00f1o directo, indirecto, consecuencial, incidental o da\u00f1os, lesiones, muerte, p\u00e9rdida, accidente, retrasos, inconvenientes o irregularidades de cualquier tipo que pueda ser ocasionada por raz\u00f3n de cualquier acto o omisi\u00f3n fuera de su control, incluyendo , sin limitaci\u00f3n, cualquier acto intencional o negligente, omisi\u00f3n, incumplimiento de contrato o violaci\u00f3n de la ley locales o regulaci\u00f3n de terceras partes, como, l\u00ednea a\u00e9rea, tren, hotel, bus, taxi, furgoneta, receptivas o gu\u00eda, se, o no, utiliza el nombre de CPT, quiebra financiera o insolvencia de cualquier proveedor que hace suministrar los bienes o servicios para este viaje. Del mismo modo, la CPT no se hace responsable de ninguna p\u00e9rdida, lesi\u00f3n, muerte o inconveniencia debido al retraso o cambios en el horario, overbooking de alojamiento, por da\u00f1o de terceras partes, ataques de animales, lesiones o muerte durante actividades patrocinadas, instalaciones del alojamiento o de terceros, la enfermedad, la falta de atenci\u00f3n m\u00e9dica adecuada, la evacuaci\u00f3n de los mismos, si es necesario, huelgas, cat\u00e1strofes naturales, actos del gobierno, terrorismo, o amenaza de fuerza mayor, guerra, cuarentena, epidemias, o la amenaza de la misma, la actividad criminal, o cualquier otra causa fuera de nuestro control. Si alguna de las personas alistadas, el horario, material, oradores no est\u00e9n aptos para el evento, se har\u00e1 todo lo posible para asegurar la sustituci\u00f3n. Independientemente de la participaci\u00f3n de las personas que figuran en el itinerario provisorio o el horario de los altavoces de la gira, peregrinaci\u00f3n se proceder\u00e1 seg\u00fan lo<br \/>previsto a las fechas indicadas. Al firmar este formulario para participar en esta peregrinaci\u00f3n, el usuario acepta que los t\u00e9rminos de la pena de cancelaci\u00f3n ser\u00e1n vinculantes para usted, independientemente de si las personas que figuran en el itinerario provisorio o el horario de orador est\u00e9n listas para participar. CPT no ser\u00e1 responsable por cualquier p\u00e9rdida sufrida por viajero, incluidos los d\u00edas perdidos de la gira programada, debido a la cancelaci\u00f3n de un vuelo o por otros medios y modos de transporte. Por favor, consultar la compra de un seguro de viaje como se recomienda, para cubrir cualquier tipo de p\u00e9rdida asociada con cancelaciones de vuelos o otros medios de transporte<\/p>\t\t\t\t\t\t\t\t<\/div>\n\t\t\t\t<\/div>\n\t\t\t\t\t<\/div>\n\t\t<\/div>\n\t\t\t\t\t<\/div>\n\t\t<\/section>\n\t\t\t\t<\/div>\n\t\t","protected":false},"excerpt":{"rendered":"<p>ESNE Para registrarte, llama al: (773) 777-7773 Canterbury Pilgrimages &amp; Tours Contrato y Reserva de Viaje Peregrinaci\u00f3n con ESNE\u00a0 \u00a0 |\u00a0 \u00a0 Apostolado El Sembrador Del 10 al 19 de Junio, 2026 T\u00e9rminos de Servicio Itinerarios los itinerarios se preparan con antelaci\u00f3n y est\u00e1n sujetos a cambio en cualquier momento. Se planifican y programan actividades [&hellip;]<\/p>\n","protected":false},"author":1,"featured_media":0,"parent":0,"menu_order":0,"comment_status":"closed","ping_status":"closed","template":"elementor_canvas","meta":{"ocean_post_layout":"","ocean_both_sidebars_style":"","ocean_both_sidebars_content_width":0,"ocean_both_sidebars_sidebars_width":0,"ocean_sidebar":"0","ocean_second_sidebar":"0","ocean_disable_margins":"enable","ocean_add_body_class":"","ocean_shortcode_before_top_bar":"","ocean_shortcode_after_top_bar":"","ocean_shortcode_before_header":"","ocean_shortcode_after_header":"","ocean_has_shortcode":"","ocean_shortcode_after_title":"","ocean_shortcode_before_footer_widgets":"","ocean_shortcode_after_footer_widgets":"","ocean_shortcode_before_footer_bottom":"","ocean_shortcode_after_footer_bottom":"","ocean_display_top_bar":"default","ocean_display_header":"default","ocean_header_style":"","ocean_center_header_left_menu":"0","ocean_custom_header_template":"0","ocean_custom_logo":0,"ocean_custom_retina_logo":0,"ocean_custom_logo_max_width":0,"ocean_custom_logo_tablet_max_width":0,"ocean_custom_logo_mobile_max_width":0,"ocean_custom_logo_max_height":0,"ocean_custom_logo_tablet_max_height":0,"ocean_custom_logo_mobile_max_height":0,"ocean_header_custom_menu":"0","ocean_menu_typo_font_family":"0","ocean_menu_typo_font_subset":"","ocean_menu_typo_font_size":0,"ocean_menu_typo_font_size_tablet":0,"ocean_menu_typo_font_size_mobile":0,"ocean_menu_typo_font_size_unit":"px","ocean_menu_typo_font_weight":"","ocean_menu_typo_font_weight_tablet":"","ocean_menu_typo_font_weight_mobile":"","ocean_menu_typo_transform":"","ocean_menu_typo_transform_tablet":"","ocean_menu_typo_transform_mobile":"","ocean_menu_typo_line_height":0,"ocean_menu_typo_line_height_tablet":0,"ocean_menu_typo_line_height_mobile":0,"ocean_menu_typo_line_height_unit":"","ocean_menu_typo_spacing":0,"ocean_menu_typo_spacing_tablet":0,"ocean_menu_typo_spacing_mobile":0,"ocean_menu_typo_spacing_unit":"","ocean_menu_link_color":"","ocean_menu_link_color_hover":"","ocean_menu_link_color_active":"","ocean_menu_link_background":"","ocean_menu_link_hover_background":"","ocean_menu_link_active_background":"","ocean_menu_social_links_bg":"","ocean_menu_social_hover_links_bg":"","ocean_menu_social_links_color":"","ocean_menu_social_hover_links_color":"","ocean_disable_title":"default","ocean_disable_heading":"default","ocean_post_title":"","ocean_post_subheading":"","ocean_post_title_style":"","ocean_post_title_background_color":"","ocean_post_title_background":0,"ocean_post_title_bg_image_position":"","ocean_post_title_bg_image_attachment":"","ocean_post_title_bg_image_repeat":"","ocean_post_title_bg_image_size":"","ocean_post_title_height":0,"ocean_post_title_bg_overlay":0.5,"ocean_post_title_bg_overlay_color":"","ocean_disable_breadcrumbs":"default","ocean_breadcrumbs_color":"","ocean_breadcrumbs_separator_color":"","ocean_breadcrumbs_links_color":"","ocean_breadcrumbs_links_hover_color":"","ocean_display_footer_widgets":"default","ocean_display_footer_bottom":"default","ocean_custom_footer_template":"0","footnotes":""},"categories":[],"class_list":["post-771","page","type-page","status-publish","hentry","entry"],"publishpress_future_action":{"enabled":false,"date":"2026-05-08 07:02:50","action":"change-status","newStatus":"draft","terms":[],"taxonomy":"category","extraData":[]},"publishpress_future_workflow_manual_trigger":{"enabledWorkflows":[]},"_links":{"self":[{"href":"https:\/\/elsembradorministries.com\/esne\/peregrinaciones\/wp-json\/wp\/v2\/pages\/771","targetHints":{"allow":["GET"]}}],"collection":[{"href":"https:\/\/elsembradorministries.com\/esne\/peregrinaciones\/wp-json\/wp\/v2\/pages"}],"about":[{"href":"https:\/\/elsembradorministries.com\/esne\/peregrinaciones\/wp-json\/wp\/v2\/types\/page"}],"author":[{"embeddable":true,"href":"https:\/\/elsembradorministries.com\/esne\/peregrinaciones\/wp-json\/wp\/v2\/users\/1"}],"replies":[{"embeddable":true,"href":"https:\/\/elsembradorministries.com\/esne\/peregrinaciones\/wp-json\/wp\/v2\/comments?post=771"}],"version-history":[{"count":6,"href":"https:\/\/elsembradorministries.com\/esne\/peregrinaciones\/wp-json\/wp\/v2\/pages\/771\/revisions"}],"predecessor-version":[{"id":911,"href":"https:\/\/elsembradorministries.com\/esne\/peregrinaciones\/wp-json\/wp\/v2\/pages\/771\/revisions\/911"}],"wp:attachment":[{"href":"https:\/\/elsembradorministries.com\/esne\/peregrinaciones\/wp-json\/wp\/v2\/media?parent=771"}],"wp:term":[{"taxonomy":"category","embeddable":true,"href":"https:\/\/elsembradorministries.com\/esne\/peregrinaciones\/wp-json\/wp\/v2\/categories?post=771"}],"curies":[{"name":"wp","href":"https:\/\/api.w.org\/{rel}","templated":true}]}}