{"id":22398,"date":"2019-07-17T09:18:24","date_gmt":"2019-07-17T16:18:24","guid":{"rendered":"http:\/\/elsembradorministries.com\/esne\/?page_id=22398"},"modified":"2024-11-13T13:50:31","modified_gmt":"2024-11-13T21:50:31","slug":"oraciones-por-la-iglesia","status":"publish","type":"page","link":"https:\/\/elsembradorministries.com\/esne\/oraciones-y-devocionales\/oraciones-por-la-iglesia\/","title":{"rendered":"Oraciones por la Iglesia"},"content":{"rendered":"\t\t<div data-elementor-type=\"wp-post\" data-elementor-id=\"22398\" class=\"elementor elementor-22398\">\n\t\t\t\t\t\t<section class=\"has_eae_slider elementor-section elementor-top-section elementor-element elementor-element-1d430f64 elementor-section-stretched elementor-section-full_width elementor-section-height-default elementor-section-height-default\" data-eae-slider=\"4354\" data-id=\"1d430f64\" data-element_type=\"section\" data-e-type=\"section\" data-settings=\"{&quot;stretch_section&quot;:&quot;section-stretched&quot;}\">\n\t\t\t\t\t\t<div class=\"elementor-container elementor-column-gap-no\">\n\t\t\t\t\t<div class=\"has_eae_slider elementor-column elementor-col-100 elementor-top-column elementor-element elementor-element-494ce754\" data-eae-slider=\"72156\" data-id=\"494ce754\" data-element_type=\"column\" data-e-type=\"column\">\n\t\t\t<div class=\"elementor-widget-wrap elementor-element-populated\">\n\t\t\t\t\t\t<div class=\"elementor-element elementor-element-417df1de elementor-hidden-mobile elementor-widget elementor-widget-image\" data-id=\"417df1de\" data-element_type=\"widget\" data-e-type=\"widget\" data-widget_type=\"image.default\">\n\t\t\t\t<div class=\"elementor-widget-container\">\n\t\t\t\t\t\t\t\t\t\t\t\t\t\t\t<img fetchpriority=\"high\" decoding=\"async\" width=\"1920\" height=\"747\" src=\"https:\/\/elsembradorministries.com\/esne\/wp-content\/uploads\/2019\/07\/iglesia-web-2.jpg\" class=\"attachment-full size-full wp-image-22520\" alt=\"\" srcset=\"https:\/\/elsembradorministries.com\/esne\/wp-content\/uploads\/2019\/07\/iglesia-web-2.jpg 1920w, https:\/\/elsembradorministries.com\/esne\/wp-content\/uploads\/2019\/07\/iglesia-web-2-300x117.jpg 300w, https:\/\/elsembradorministries.com\/esne\/wp-content\/uploads\/2019\/07\/iglesia-web-2-768x299.jpg 768w, https:\/\/elsembradorministries.com\/esne\/wp-content\/uploads\/2019\/07\/iglesia-web-2-1024x398.jpg 1024w\" sizes=\"(max-width: 1920px) 100vw, 1920px\" \/>\t\t\t\t\t\t\t\t\t\t\t\t\t\t\t<\/div>\n\t\t\t\t<\/div>\n\t\t\t\t<div class=\"elementor-element elementor-element-79d51940 elementor-hidden-desktop elementor-hidden-tablet elementor-widget elementor-widget-image\" data-id=\"79d51940\" data-element_type=\"widget\" data-e-type=\"widget\" data-widget_type=\"image.default\">\n\t\t\t\t<div class=\"elementor-widget-container\">\n\t\t\t\t\t\t\t\t\t\t\t\t\t\t\t<img decoding=\"async\" width=\"800\" height=\"802\" src=\"https:\/\/elsembradorministries.com\/esne\/wp-content\/uploads\/2019\/07\/iglesia-mobile-2.jpg\" class=\"attachment-full size-full wp-image-22521\" alt=\"\" srcset=\"https:\/\/elsembradorministries.com\/esne\/wp-content\/uploads\/2019\/07\/iglesia-mobile-2.jpg 800w, https:\/\/elsembradorministries.com\/esne\/wp-content\/uploads\/2019\/07\/iglesia-mobile-2-150x150.jpg 150w, https:\/\/elsembradorministries.com\/esne\/wp-content\/uploads\/2019\/07\/iglesia-mobile-2-300x300.jpg 300w, https:\/\/elsembradorministries.com\/esne\/wp-content\/uploads\/2019\/07\/iglesia-mobile-2-768x770.jpg 768w\" sizes=\"(max-width: 800px) 100vw, 800px\" \/>\t\t\t\t\t\t\t\t\t\t\t\t\t\t\t<\/div>\n\t\t\t\t<\/div>\n\t\t\t\t\t<\/div>\n\t\t<\/div>\n\t\t\t\t\t<\/div>\n\t\t<\/section>\n\t\t\t\t<section class=\"has_eae_slider elementor-section elementor-top-section elementor-element elementor-element-775135b4 elementor-section-content-middle elementor-section-boxed elementor-section-height-default elementor-section-height-default\" data-eae-slider=\"19699\" data-id=\"775135b4\" data-element_type=\"section\" data-e-type=\"section\" data-settings=\"{&quot;background_background&quot;:&quot;classic&quot;}\">\n\t\t\t\t\t\t<div class=\"elementor-container elementor-column-gap-no\">\n\t\t\t\t\t<div class=\"has_eae_slider elementor-column elementor-col-100 elementor-top-column elementor-element elementor-element-18354f20\" data-eae-slider=\"17044\" data-id=\"18354f20\" data-element_type=\"column\" data-e-type=\"column\">\n\t\t\t<div class=\"elementor-widget-wrap elementor-element-populated\">\n\t\t\t\t\t\t<div class=\"elementor-element elementor-element-2c03c0b2 elementor-widget elementor-widget-text-editor\" data-id=\"2c03c0b2\" data-element_type=\"widget\" data-e-type=\"widget\" data-widget_type=\"text-editor.default\">\n\t\t\t\t<div class=\"elementor-widget-container\">\n\t\t\t\t\t\t\t\t\t<h3>Oraci\u00f3n por los Sacerdotes<\/h3><p><em>(Santa Teresita del ni\u00f1o Jes\u00fas)<\/em><\/p><p>\u00a1Oh Jes\u00fas!<br \/>Te ruego por tus fieles y fervorosos sacerdotes,<br \/>por tus sacerdotes tibios e infieles,<br \/>por tus sacerdotes que trabajan cerca o en lejanas misiones,<br \/>por tus sacerdotes que sufren tentaci\u00f3n,<br \/>por tus sacerdotes que sufren soledad y desolaci\u00f3n,<br \/>por tus j\u00f3venes sacerdotes,<br \/>por tus sacerdotes ancianos,<br \/>por tus sacerdotes enfermos,<br \/>por tus sacerdotes agonizantes<br \/>por los que padecen en el purgatorio.<\/p><p>Pero sobre todo, te encomiendo a los sacerdotes<br \/>que me son m\u00e1s queridos,<br \/>al sacerdote que me bautiz\u00f3,<br \/>al que me absolvi\u00f3 de mis pecados,<br \/>a los sacerdotes a cuyas Misas he asistido<br \/>y que me dieron tu Cuerpo y Sangre en la Sagrada Comuni\u00f3n,<br \/>a los sacerdotes que me ense\u00f1aron e instruyeron,<br \/>me alentaron y aconsejaron,<br \/>a todos los sacerdotes a quienes me liga<br \/>una deuda de gratitud, especialmente a&#8230;<\/p><p>\u00a1Oh Jes\u00fas, gu\u00e1rdalos a todos, junto a tu Coraz\u00f3n<br \/>y conc\u00e9deles abundantes bendiciones<br \/>en el tiempo y en la eternidad!<br \/>Am\u00e9n.<\/p><p><img decoding=\"async\" data-id=\"22013\" src=\"https:\/\/elsembradorministries.com\/esne\/wp-content\/uploads\/2019\/06\/misterios-separator-esne.jpg\" alt=\"\" width=\"800\" height=\"126\" \/><\/p><p><img loading=\"lazy\" decoding=\"async\" data-id=\"22488\" src=\"https:\/\/elsembradorministries.com\/esne\/wp-content\/uploads\/2019\/07\/oraciones-iglesia-ind-acto-de-contricion.jpg\" alt=\"\" width=\"800\" height=\"340\" class=\"aligncenter size-full wp-image-22488\" srcset=\"https:\/\/elsembradorministries.com\/esne\/wp-content\/uploads\/2019\/07\/oraciones-iglesia-ind-acto-de-contricion.jpg 800w, https:\/\/elsembradorministries.com\/esne\/wp-content\/uploads\/2019\/07\/oraciones-iglesia-ind-acto-de-contricion-300x128.jpg 300w, https:\/\/elsembradorministries.com\/esne\/wp-content\/uploads\/2019\/07\/oraciones-iglesia-ind-acto-de-contricion-768x326.jpg 768w\" sizes=\"(max-width: 800px) 100vw, 800px\" \/><\/p><h3>Acto de Contrici\u00f3n<\/h3><p>Se\u00f1or m\u00edo, Jesucristo, Dios y hombre verdadero, <br \/>Creador, Padre, Redentor m\u00edo, <br \/>por ser vos quien sois, bondad infinita <br \/>y por qu\u00e9 os am\u00f3 sobre todas las cosas, <br \/>me pesa de todo coraz\u00f3n haberos ofendido, <br \/>tambi\u00e9n me pesa porque pod\u00e9is castigarme con<br \/>las penas del infierno. <br \/>Animado con tu divina gracia, <br \/>propongo firmemente <br \/>nunca m\u00e1s pecar, confesarme <br \/>y cumplir la penitencia que me fuera impuesta, <br \/>para el perd\u00f3n de mis pecados. <br \/>Am\u00e9n.<\/p><p><img decoding=\"async\" data-id=\"22013\" src=\"https:\/\/elsembradorministries.com\/esne\/wp-content\/uploads\/2019\/06\/misterios-separator-esne.jpg\" alt=\"\" width=\"800\" height=\"126\" \/><\/p><p><img loading=\"lazy\" decoding=\"async\" data-id=\"22489\" src=\"https:\/\/elsembradorministries.com\/esne\/wp-content\/uploads\/2019\/07\/oraciones-iglesia-ind-papa-francisco.jpg\" alt=\"\" width=\"800\" height=\"340\" class=\"aligncenter size-full wp-image-22489\" srcset=\"https:\/\/elsembradorministries.com\/esne\/wp-content\/uploads\/2019\/07\/oraciones-iglesia-ind-papa-francisco.jpg 800w, https:\/\/elsembradorministries.com\/esne\/wp-content\/uploads\/2019\/07\/oraciones-iglesia-ind-papa-francisco-300x128.jpg 300w, https:\/\/elsembradorministries.com\/esne\/wp-content\/uploads\/2019\/07\/oraciones-iglesia-ind-papa-francisco-768x326.jpg 768w\" sizes=\"(max-width: 800px) 100vw, 800px\" \/><\/p><h3>Oraci\u00f3n del papa Francisco por la unidad de los cristianos<\/h3><p>Te adoramos, Dios omnipotente, Hijo y Esp\u00edritu Santo, Padre,<br \/>env\u00edanos el Esp\u00edritu Santo que Jes\u00fas nos ha prometido,<br \/>\u00c9l nos guiar\u00e1 hacia la unidad,<br \/>\u00c9l es el que nos da el carisma, <br \/>que hace las diferencias en la Iglesia, <br \/>y tambi\u00e9n \u00c9l nos da la unidad.<br \/>Env\u00edanos el Esp\u00edritu Santo. <br \/>Que nos ense\u00f1e todo lo que Jes\u00fas nos ha ense\u00f1ado,<br \/>que nos d\u00e9 la memoria de todo lo que Jes\u00fas ha dicho. <br \/>Jes\u00fas, Se\u00f1or, T\u00fa has pedido para todos nosotros la gracia de la unidad, <br \/>Se\u00f1or, esta Iglesia que es tuya, no es nuestra,<br \/>la historia nos ha dividido, <br \/>Jes\u00fas, ay\u00fadanos a ir por el camino de la unidad o <br \/>por el camino de esta unidad reconciliada,<br \/>Se\u00f1or, T\u00fa siempre has hecho todo lo que has prometido, <br \/>danos la unidad de todos los cristianos, <br \/>Am\u00e9n.<\/p><p><img decoding=\"async\" data-id=\"22013\" src=\"https:\/\/elsembradorministries.com\/esne\/wp-content\/uploads\/2019\/06\/misterios-separator-esne.jpg\" alt=\"\" width=\"800\" height=\"126\" \/><\/p><p><img loading=\"lazy\" decoding=\"async\" data-id=\"22503\" src=\"https:\/\/elsembradorministries.com\/esne\/wp-content\/uploads\/2019\/07\/oraciones-iglesia-ind-sanjose-por-la-iglesia.jpg\" alt=\"\" width=\"800\" height=\"340\" class=\"aligncenter size-full wp-image-22503\" srcset=\"https:\/\/elsembradorministries.com\/esne\/wp-content\/uploads\/2019\/07\/oraciones-iglesia-ind-sanjose-por-la-iglesia.jpg 800w, https:\/\/elsembradorministries.com\/esne\/wp-content\/uploads\/2019\/07\/oraciones-iglesia-ind-sanjose-por-la-iglesia-300x128.jpg 300w, https:\/\/elsembradorministries.com\/esne\/wp-content\/uploads\/2019\/07\/oraciones-iglesia-ind-sanjose-por-la-iglesia-768x326.jpg 768w\" sizes=\"(max-width: 800px) 100vw, 800px\" \/><\/p><h3>Oraci\u00f3n a san Jos\u00e9 por toda la Iglesia<\/h3><p>Oh glorioso San Jos\u00e9, t\u00fa fuiste escogido<br \/>para ser el padre adoptivo del Se\u00f1or Jes\u00fas,<br \/>el esposo de Mar\u00eda nuestra Madre, siempre Virgen,<br \/>y la cabeza de la Santa Familia.<br \/>T\u00fa has sido tambi\u00e9n escogido por el Vicario de Cristo<br \/>como el Patrono celestial y protector<br \/>de la Santa Iglesia fundada por Cristo.<br \/>Protege al Supremo Pont\u00edfice y a todos los obispos<br \/>y sacerdotes en comuni\u00f3n con \u00e9l.<br \/>S\u00e9 t\u00fa el protector de todos los que trabajan por los fieles<br \/>en medio de las pruebas y tribulaciones de este mundo;<br \/>y concede a todos los hombres ser d\u00f3ciles a la Iglesia<br \/>fuera de la cual no hay salvaci\u00f3n.<br \/>Querido San Jos\u00e9, acepta esta ofrenda que te hago.<br \/>S\u00e9 mi padre, protector y gu\u00eda en el camino de la salvaci\u00f3n.<br \/>Obtenme la pureza de coraz\u00f3n<br \/>y el amor para fortalecer mi vida espiritual.<br \/>Que siguiendo tu ejemplo, todas mis acciones<br \/>sean ofrecidas para mayor gloria de Dios,<br \/>en uni\u00f3n con el Divino Coraz\u00f3n de Jes\u00fas y de Mar\u00eda.<br \/>Finalmente, ruega para que pueda yo compartir<br \/>la paz y el gozo de tu santa muerte.<br \/>Am\u00e9n.<\/p><p><img decoding=\"async\" data-id=\"22013\" src=\"https:\/\/elsembradorministries.com\/esne\/wp-content\/uploads\/2019\/06\/misterios-separator-esne.jpg\" alt=\"\" width=\"800\" height=\"126\" \/><\/p><p><img loading=\"lazy\" decoding=\"async\" data-id=\"22506\" src=\"https:\/\/elsembradorministries.com\/esne\/wp-content\/uploads\/2019\/07\/oraciones-iglesia-ind-san-jose-protector-3.jpg\" alt=\"\" width=\"800\" height=\"340\" class=\"aligncenter size-full wp-image-22506\" srcset=\"https:\/\/elsembradorministries.com\/esne\/wp-content\/uploads\/2019\/07\/oraciones-iglesia-ind-san-jose-protector-3.jpg 800w, https:\/\/elsembradorministries.com\/esne\/wp-content\/uploads\/2019\/07\/oraciones-iglesia-ind-san-jose-protector-3-300x128.jpg 300w, https:\/\/elsembradorministries.com\/esne\/wp-content\/uploads\/2019\/07\/oraciones-iglesia-ind-san-jose-protector-3-768x326.jpg 768w\" sizes=\"(max-width: 800px) 100vw, 800px\" \/><\/p><h3>San Jos\u00e9 Protector de la Iglesia<\/h3><p>Bendito Jos\u00e9, casto esposo de la Virgen Mar\u00eda, permanece con nosotros en este d\u00eda. T\u00fa que protegiste a la Virgen; y amaste al Ni\u00f1o Jes\u00fas como a tu propio Hijo, le rescataste del peligro de muerte. Defiende la Iglesia, la casa de Dios, comprada por la sangre de Cristo.<br \/>Guardi\u00e1n de la Familia Santa, permanece con nosotros en nuestras pruebas. Que tus oraciones nos obtengan la fuerza para huir del error y luchar contra los poderes de la corrupci\u00f3n de manera que en esta vida crezcamos en santidad y despu\u00e9s de la muerte nos regocijemos con la corona de victoria. <br \/>Am\u00e9n.<\/p>\t\t\t\t\t\t\t\t<\/div>\n\t\t\t\t<\/div>\n\t\t\t\t\t<\/div>\n\t\t<\/div>\n\t\t\t\t\t<\/div>\n\t\t<\/section>\n\t\t\t\t<section class=\"has_eae_slider elementor-section elementor-top-section elementor-element elementor-element-158ecc46 elementor-section-full_width elementor-section-height-default elementor-section-height-default\" data-eae-slider=\"25059\" data-id=\"158ecc46\" data-element_type=\"section\" data-e-type=\"section\">\n\t\t\t\t\t\t<div class=\"elementor-container elementor-column-gap-default\">\n\t\t\t\t\t<div class=\"has_eae_slider elementor-column elementor-col-100 elementor-top-column elementor-element elementor-element-6609038f\" data-eae-slider=\"86604\" data-id=\"6609038f\" data-element_type=\"column\" data-e-type=\"column\">\n\t\t\t<div class=\"elementor-widget-wrap elementor-element-populated\">\n\t\t\t\t\t\t<div class=\"elementor-element elementor-element-7bf4f7c7 elementor-widget elementor-widget-image\" data-id=\"7bf4f7c7\" data-element_type=\"widget\" data-e-type=\"widget\" data-widget_type=\"image.default\">\n\t\t\t\t<div class=\"elementor-widget-container\">\n\t\t\t\t\t\t\t\t\t\t\t\t\t\t\t<img loading=\"lazy\" decoding=\"async\" width=\"190\" height=\"160\" src=\"https:\/\/elsembradorministries.com\/esne\/wp-content\/uploads\/2019\/06\/rosario-bottom-1.png\" class=\"attachment-full size-full wp-image-21967\" alt=\"\" \/>\t\t\t\t\t\t\t\t\t\t\t\t\t\t\t<\/div>\n\t\t\t\t<\/div>\n\t\t\t\t\t<\/div>\n\t\t<\/div>\n\t\t\t\t\t<\/div>\n\t\t<\/section>\n\t\t\t\t<section class=\"has_eae_slider elementor-section elementor-top-section elementor-element elementor-element-5c1bfa8e elementor-section-boxed elementor-section-height-default elementor-section-height-default\" data-eae-slider=\"45481\" data-id=\"5c1bfa8e\" data-element_type=\"section\" data-e-type=\"section\">\n\t\t\t\t\t\t<div class=\"elementor-container elementor-column-gap-default\">\n\t\t\t\t\t<div class=\"has_eae_slider elementor-column elementor-col-100 elementor-top-column elementor-element elementor-element-5790f8b5\" data-eae-slider=\"72219\" data-id=\"5790f8b5\" data-element_type=\"column\" data-e-type=\"column\">\n\t\t\t<div class=\"elementor-widget-wrap elementor-element-populated\">\n\t\t\t\t\t\t<div class=\"elementor-element elementor-element-6b253e42 elementor-widget elementor-widget-html\" data-id=\"6b253e42\" data-element_type=\"widget\" data-e-type=\"widget\" data-widget_type=\"html.default\">\n\t\t\t\t<div class=\"elementor-widget-container\">\n\t\t\t\t\t<!-- Remove Cusotm floating main menu -->\r\n<style>\r\n#center12 {\r\n    display: none;\r\n}\r\n<\/style>\t\t\t\t<\/div>\n\t\t\t\t<\/div>\n\t\t\t\t\t<\/div>\n\t\t<\/div>\n\t\t\t\t\t<\/div>\n\t\t<\/section>\n\t\t\t\t<\/div>\n\t\t","protected":false},"excerpt":{"rendered":"<p>Oraci\u00f3n por los Sacerdotes (Santa Teresita del ni\u00f1o Jes\u00fas) \u00a1Oh Jes\u00fas!Te ruego por tus fieles y fervorosos sacerdotes,por tus sacerdotes tibios e infieles,por tus sacerdotes que trabajan cerca o en lejanas misiones,por tus sacerdotes que sufren tentaci\u00f3n,por tus sacerdotes que sufren soledad y desolaci\u00f3n,por tus j\u00f3venes sacerdotes,por tus sacerdotes ancianos,por tus sacerdotes enfermos,por tus sacerdotes [&hellip;]<\/p>\n","protected":false},"author":1,"featured_media":0,"parent":22334,"menu_order":0,"comment_status":"closed","ping_status":"closed","template":"elementor_canvas","meta":{"_acf_changed":false,"ocean_post_layout":"","ocean_both_sidebars_style":"","ocean_both_sidebars_content_width":0,"ocean_both_sidebars_sidebars_width":0,"ocean_sidebar":"0","ocean_second_sidebar":"0","ocean_disable_margins":"enable","ocean_add_body_class":"","ocean_shortcode_before_top_bar":"","ocean_shortcode_after_top_bar":"","ocean_shortcode_before_header":"","ocean_shortcode_after_header":"","ocean_has_shortcode":"","ocean_shortcode_after_title":"","ocean_shortcode_before_footer_widgets":"","ocean_shortcode_after_footer_widgets":"","ocean_shortcode_before_footer_bottom":"","ocean_shortcode_after_footer_bottom":"","ocean_display_top_bar":"default","ocean_display_header":"default","ocean_header_style":"","ocean_center_header_left_menu":"0","ocean_custom_header_template":"0","ocean_custom_logo":0,"ocean_custom_retina_logo":0,"ocean_custom_logo_max_width":0,"ocean_custom_logo_tablet_max_width":0,"ocean_custom_logo_mobile_max_width":0,"ocean_custom_logo_max_height":0,"ocean_custom_logo_tablet_max_height":0,"ocean_custom_logo_mobile_max_height":0,"ocean_header_custom_menu":"0","ocean_menu_typo_font_family":"0","ocean_menu_typo_font_subset":"","ocean_menu_typo_font_size":0,"ocean_menu_typo_font_size_tablet":0,"ocean_menu_typo_font_size_mobile":0,"ocean_menu_typo_font_size_unit":"px","ocean_menu_typo_font_weight":"","ocean_menu_typo_font_weight_tablet":"","ocean_menu_typo_font_weight_mobile":"","ocean_menu_typo_transform":"","ocean_menu_typo_transform_tablet":"","ocean_menu_typo_transform_mobile":"","ocean_menu_typo_line_height":0,"ocean_menu_typo_line_height_tablet":0,"ocean_menu_typo_line_height_mobile":0,"ocean_menu_typo_line_height_unit":"","ocean_menu_typo_spacing":0,"ocean_menu_typo_spacing_tablet":0,"ocean_menu_typo_spacing_mobile":0,"ocean_menu_typo_spacing_unit":"","ocean_menu_link_color":"","ocean_menu_link_color_hover":"","ocean_menu_link_color_active":"","ocean_menu_link_background":"","ocean_menu_link_hover_background":"","ocean_menu_link_active_background":"","ocean_menu_social_links_bg":"","ocean_menu_social_hover_links_bg":"","ocean_menu_social_links_color":"","ocean_menu_social_hover_links_color":"","ocean_disable_title":"on","ocean_disable_heading":"default","ocean_post_title":"","ocean_post_subheading":"","ocean_post_title_style":"","ocean_post_title_background_color":"","ocean_post_title_background":0,"ocean_post_title_bg_image_position":"","ocean_post_title_bg_image_attachment":"","ocean_post_title_bg_image_repeat":"","ocean_post_title_bg_image_size":"","ocean_post_title_height":0,"ocean_post_title_bg_overlay":0.5,"ocean_post_title_bg_overlay_color":"","ocean_disable_breadcrumbs":"default","ocean_breadcrumbs_color":"","ocean_breadcrumbs_separator_color":"","ocean_breadcrumbs_links_color":"","ocean_breadcrumbs_links_hover_color":"","ocean_display_footer_widgets":"default","ocean_display_footer_bottom":"default","ocean_custom_footer_template":"0","footnotes":""},"categories":[16],"class_list":["post-22398","page","type-page","status-publish","hentry","category-oraciones-y-devocionales","entry"],"acf":[],"publishpress_future_action":{"enabled":false,"date":"2026-04-24 03:06:46","action":"change-status","newStatus":"draft","terms":[],"taxonomy":"category","extraData":[]},"publishpress_future_workflow_manual_trigger":{"enabledWorkflows":[]},"_links":{"self":[{"href":"https:\/\/elsembradorministries.com\/esne\/wp-json\/wp\/v2\/pages\/22398","targetHints":{"allow":["GET"]}}],"collection":[{"href":"https:\/\/elsembradorministries.com\/esne\/wp-json\/wp\/v2\/pages"}],"about":[{"href":"https:\/\/elsembradorministries.com\/esne\/wp-json\/wp\/v2\/types\/page"}],"author":[{"embeddable":true,"href":"https:\/\/elsembradorministries.com\/esne\/wp-json\/wp\/v2\/users\/1"}],"replies":[{"embeddable":true,"href":"https:\/\/elsembradorministries.com\/esne\/wp-json\/wp\/v2\/comments?post=22398"}],"version-history":[{"count":6,"href":"https:\/\/elsembradorministries.com\/esne\/wp-json\/wp\/v2\/pages\/22398\/revisions"}],"predecessor-version":[{"id":53138,"href":"https:\/\/elsembradorministries.com\/esne\/wp-json\/wp\/v2\/pages\/22398\/revisions\/53138"}],"up":[{"embeddable":true,"href":"https:\/\/elsembradorministries.com\/esne\/wp-json\/wp\/v2\/pages\/22334"}],"wp:attachment":[{"href":"https:\/\/elsembradorministries.com\/esne\/wp-json\/wp\/v2\/media?parent=22398"}],"wp:term":[{"taxonomy":"category","embeddable":true,"href":"https:\/\/elsembradorministries.com\/esne\/wp-json\/wp\/v2\/categories?post=22398"}],"curies":[{"name":"wp","href":"https:\/\/api.w.org\/{rel}","templated":true}]}}