{"id":22418,"date":"2019-07-17T09:54:49","date_gmt":"2019-07-17T16:54:49","guid":{"rendered":"http:\/\/elsembradorministries.com\/esne\/?page_id=22418"},"modified":"2024-11-13T13:50:13","modified_gmt":"2024-11-13T21:50:13","slug":"oraciones-por-el-trabajo","status":"publish","type":"page","link":"https:\/\/elsembradorministries.com\/esne\/oraciones-y-devocionales\/oraciones-por-el-trabajo\/","title":{"rendered":"Oraciones por el trabajo"},"content":{"rendered":"\t\t<div data-elementor-type=\"wp-post\" data-elementor-id=\"22418\" class=\"elementor elementor-22418\">\n\t\t\t\t\t\t<section class=\"has_eae_slider elementor-section elementor-top-section elementor-element elementor-element-3491eec6 elementor-section-stretched elementor-section-full_width elementor-section-height-default elementor-section-height-default\" data-eae-slider=\"68440\" data-id=\"3491eec6\" data-element_type=\"section\" data-e-type=\"section\" data-settings=\"{&quot;stretch_section&quot;:&quot;section-stretched&quot;}\">\n\t\t\t\t\t\t<div class=\"elementor-container elementor-column-gap-no\">\n\t\t\t\t\t<div class=\"has_eae_slider elementor-column elementor-col-100 elementor-top-column elementor-element elementor-element-7917baee\" data-eae-slider=\"59442\" data-id=\"7917baee\" data-element_type=\"column\" data-e-type=\"column\">\n\t\t\t<div class=\"elementor-widget-wrap elementor-element-populated\">\n\t\t\t\t\t\t<div class=\"elementor-element elementor-element-70af9ef1 elementor-hidden-mobile elementor-widget elementor-widget-image\" data-id=\"70af9ef1\" data-element_type=\"widget\" data-e-type=\"widget\" data-widget_type=\"image.default\">\n\t\t\t\t<div class=\"elementor-widget-container\">\n\t\t\t\t\t\t\t\t\t\t\t\t\t\t\t<img fetchpriority=\"high\" decoding=\"async\" width=\"1920\" height=\"747\" src=\"https:\/\/elsembradorministries.com\/esne\/wp-content\/uploads\/2019\/07\/trabajo-web-2.jpg\" class=\"attachment-full size-full wp-image-22515\" alt=\"\" srcset=\"https:\/\/elsembradorministries.com\/esne\/wp-content\/uploads\/2019\/07\/trabajo-web-2.jpg 1920w, https:\/\/elsembradorministries.com\/esne\/wp-content\/uploads\/2019\/07\/trabajo-web-2-300x117.jpg 300w, https:\/\/elsembradorministries.com\/esne\/wp-content\/uploads\/2019\/07\/trabajo-web-2-768x299.jpg 768w, https:\/\/elsembradorministries.com\/esne\/wp-content\/uploads\/2019\/07\/trabajo-web-2-1024x398.jpg 1024w\" sizes=\"(max-width: 1920px) 100vw, 1920px\" \/>\t\t\t\t\t\t\t\t\t\t\t\t\t\t\t<\/div>\n\t\t\t\t<\/div>\n\t\t\t\t<div class=\"elementor-element elementor-element-634ed3e8 elementor-hidden-desktop elementor-hidden-tablet elementor-widget elementor-widget-image\" data-id=\"634ed3e8\" data-element_type=\"widget\" data-e-type=\"widget\" data-widget_type=\"image.default\">\n\t\t\t\t<div class=\"elementor-widget-container\">\n\t\t\t\t\t\t\t\t\t\t\t\t\t\t\t<img decoding=\"async\" width=\"800\" height=\"802\" src=\"https:\/\/elsembradorministries.com\/esne\/wp-content\/uploads\/2019\/07\/trabajo-mobile-2.jpg\" class=\"attachment-full size-full wp-image-22514\" alt=\"\" srcset=\"https:\/\/elsembradorministries.com\/esne\/wp-content\/uploads\/2019\/07\/trabajo-mobile-2.jpg 800w, https:\/\/elsembradorministries.com\/esne\/wp-content\/uploads\/2019\/07\/trabajo-mobile-2-150x150.jpg 150w, https:\/\/elsembradorministries.com\/esne\/wp-content\/uploads\/2019\/07\/trabajo-mobile-2-300x300.jpg 300w, https:\/\/elsembradorministries.com\/esne\/wp-content\/uploads\/2019\/07\/trabajo-mobile-2-768x770.jpg 768w\" sizes=\"(max-width: 800px) 100vw, 800px\" \/>\t\t\t\t\t\t\t\t\t\t\t\t\t\t\t<\/div>\n\t\t\t\t<\/div>\n\t\t\t\t\t<\/div>\n\t\t<\/div>\n\t\t\t\t\t<\/div>\n\t\t<\/section>\n\t\t\t\t<section class=\"has_eae_slider elementor-section elementor-top-section elementor-element elementor-element-f770fbb elementor-section-content-middle elementor-section-boxed elementor-section-height-default elementor-section-height-default\" data-eae-slider=\"50283\" data-id=\"f770fbb\" data-element_type=\"section\" data-e-type=\"section\" data-settings=\"{&quot;background_background&quot;:&quot;classic&quot;}\">\n\t\t\t\t\t\t<div class=\"elementor-container elementor-column-gap-no\">\n\t\t\t\t\t<div class=\"has_eae_slider elementor-column elementor-col-100 elementor-top-column elementor-element elementor-element-47f4b2b6\" data-eae-slider=\"982\" data-id=\"47f4b2b6\" data-element_type=\"column\" data-e-type=\"column\">\n\t\t\t<div class=\"elementor-widget-wrap elementor-element-populated\">\n\t\t\t\t\t\t<div class=\"elementor-element elementor-element-bee7999 elementor-widget elementor-widget-text-editor\" data-id=\"bee7999\" data-element_type=\"widget\" data-e-type=\"widget\" data-widget_type=\"text-editor.default\">\n\t\t\t\t<div class=\"elementor-widget-container\">\n\t\t\t\t\t\t\t\t\t<h3>Oraci\u00f3n a San Jos\u00e9 para que nos ayude a decidir nuestra vocaci\u00f3n<\/h3><p>Oh grandioso San Jos\u00e9, tu que fuiste completamente d\u00f3cil a las mociones del Esp\u00edritu Santo, obtenme la gracia de conocer el estado de vida al que el Se\u00f1or en su providencia ha escogido para m\u00ed.<\/p><p>Y ya que mi felicidad en la tierra y la eterna en el Cielo dependen de esta opci\u00f3n, perm\u00edteme elegir sin errar. Obtenme la luz para conocer el Plan de Dios, para seguirlo confiadamente, y escoger la vocaci\u00f3n que me habr\u00e1 de llevar a la vida eterna. <br \/>Am\u00e9n.<\/p><p><img decoding=\"async\" data-id=\"22013\" src=\"https:\/\/elsembradorministries.com\/esne\/wp-content\/uploads\/2019\/06\/misterios-separator-esne.jpg\" alt=\"\" width=\"800\" height=\"126\" \/><\/p><p><img loading=\"lazy\" decoding=\"async\" data-id=\"22499\" src=\"https:\/\/elsembradorministries.com\/esne\/wp-content\/uploads\/2019\/07\/oraciones-trabajo-ind-san-cayetano.jpg\" alt=\"\" width=\"800\" height=\"340\" class=\"aligncenter size-full wp-image-22499\" srcset=\"https:\/\/elsembradorministries.com\/esne\/wp-content\/uploads\/2019\/07\/oraciones-trabajo-ind-san-cayetano.jpg 800w, https:\/\/elsembradorministries.com\/esne\/wp-content\/uploads\/2019\/07\/oraciones-trabajo-ind-san-cayetano-300x128.jpg 300w, https:\/\/elsembradorministries.com\/esne\/wp-content\/uploads\/2019\/07\/oraciones-trabajo-ind-san-cayetano-768x326.jpg 768w\" sizes=\"(max-width: 800px) 100vw, 800px\" \/><\/p><h3>Oraci\u00f3n a San Cayetano por pan y trabajo<\/h3><p>Dios de todo consuelo, Padre misericordioso, que vez en lo secreto y conoces nuestras necesidades, que alimentas a los p\u00e1jaros del cielo y vistes a los lirios del campo, te pedimos, oh Se\u00f1or nuestro, por intercesi\u00f3n de San Cayetano, que nos ayudes a vivir siempre en tu amor y en el de nuestros hermanos, y as\u00ed nos otorgues la gracia de que no nos falte el pan y el trabajo de cada d\u00eda.<\/p><p>Oh glorioso San Cayetano, confiamos en la providencia de Dios, y tu providencia de intercesi\u00f3n.<\/p><p>\u2013 Pedir la gracia que desea conseguir \u2013<br \/>Rezar Padrenuestro, Avemar\u00eda y Gloria<\/p><p><strong><em>Jaculatoria<br \/><\/em><\/strong>Glorioso San Cayetano, intercede por nosotros ante la Divina Providencia.<br \/>Te lo pedimos por Nuestro Se\u00f1or Jesucristo tu Hijo, que vive y reina Contigo, en unidad con el Esp\u00edritu Santo y es Dios, por los siglos de los siglos.<br \/>Am\u00e9n.<\/p><p><img decoding=\"async\" data-id=\"22013\" src=\"https:\/\/elsembradorministries.com\/esne\/wp-content\/uploads\/2019\/06\/misterios-separator-esne.jpg\" alt=\"\" width=\"800\" height=\"126\" \/><\/p><p><img loading=\"lazy\" decoding=\"async\" data-id=\"22500\" src=\"https:\/\/elsembradorministries.com\/esne\/wp-content\/uploads\/2019\/07\/oraciones-trabajo-ind-obtener-espiritu.jpg\" alt=\"\" width=\"800\" height=\"340\" class=\"aligncenter size-full wp-image-22500\" srcset=\"https:\/\/elsembradorministries.com\/esne\/wp-content\/uploads\/2019\/07\/oraciones-trabajo-ind-obtener-espiritu.jpg 800w, https:\/\/elsembradorministries.com\/esne\/wp-content\/uploads\/2019\/07\/oraciones-trabajo-ind-obtener-espiritu-300x128.jpg 300w, https:\/\/elsembradorministries.com\/esne\/wp-content\/uploads\/2019\/07\/oraciones-trabajo-ind-obtener-espiritu-768x326.jpg 768w\" sizes=\"(max-width: 800px) 100vw, 800px\" \/><\/p><h3>Oraci\u00f3n a San Jos\u00e9 para obtener el esp\u00edritu en el trabajo<\/h3><p>Glorioso San Jos\u00e9, modelo de todos los trabajadores, obtenme la gracia de trabajar en un esp\u00edritu penitente para compensar mis pecados; para trabajar conscientemente, anteponiendo el deber a mis tendencias e inclinaciones; para trabajar con gratitud y gozo, considerando como un honor usar y desarrollar en mi trabajo los dones que he recibido de Dios; para trabajar con orden, paz, moderaci\u00f3n y paciencia, y nunca ceder ante el cansancio o las dificultades.<\/p><p>Ay\u00fadame a trabajar, sobre todo, con pureza de intenci\u00f3n y desprendimiento, teniendo siempre ante mis ojos la hora de la muerte y la cuenta que debo dar a Dios por mi tiempo perdido, talentos desperdiciados, omisi\u00f3n de buenas obras, y vana complacencia por el \u00e9xito, tan fatal para el trabajo de Dios.<\/p><p>Todo por Jes\u00fas, todo por Mar\u00eda Inmaculada, todo por seguir tu ejemplo, \u00a1Oh Patriarca San Jos\u00e9! Am\u00e9n<\/p><p><img decoding=\"async\" data-id=\"22013\" src=\"https:\/\/elsembradorministries.com\/esne\/wp-content\/uploads\/2019\/06\/misterios-separator-esne.jpg\" alt=\"\" width=\"800\" height=\"126\" \/><\/p><p><img loading=\"lazy\" decoding=\"async\" data-id=\"22501\" src=\"https:\/\/elsembradorministries.com\/esne\/wp-content\/uploads\/2019\/07\/oraciones-trabajo-ind-san-judas.jpg\" alt=\"\" width=\"800\" height=\"340\" class=\"aligncenter size-full wp-image-22501\" srcset=\"https:\/\/elsembradorministries.com\/esne\/wp-content\/uploads\/2019\/07\/oraciones-trabajo-ind-san-judas.jpg 800w, https:\/\/elsembradorministries.com\/esne\/wp-content\/uploads\/2019\/07\/oraciones-trabajo-ind-san-judas-300x128.jpg 300w, https:\/\/elsembradorministries.com\/esne\/wp-content\/uploads\/2019\/07\/oraciones-trabajo-ind-san-judas-768x326.jpg 768w\" sizes=\"(max-width: 800px) 100vw, 800px\" \/><\/p><h3>Oraci\u00f3n a San Judas Tadeo para el trabajo<\/h3><p>Oh, Siervo fiel, que acompa\u00f1aste a tu maestro en el trabajo de ense\u00f1ar la palabra. Tu que compartiste el pan con Jes\u00fas, clamo tu presencia en este lugar. Que tu energ\u00eda luminosa nos brinde bienestar.<\/p><p>Vengo preocupado por mi trabajo y acudo a ti para encontrar consuelo. Mi trabajo se encuentra vulnerable y temo por mi estabilidad. Cuido de mi familia y con mi trabajo sostengo su bienestar.<\/p><p>Te ruego sant\u00edsimo patrono, encomiendo mi alma para que la sanes de todo mal y le des vitalidad. Necesito tu ayuda para encontrar empleo y mejorar mis finanzas. Reconozco que te he olvidado pero me comprometo a honrarte con devoci\u00f3n.<\/p><p>Ser un fiel creyente para que los que no creen, crean. Para que los que no sepan de ti, te conozcan y sean testigos de las bondades de tu poder. Se\u00f1or, adorado, de los casos imposibles, te pido ayuda en mi trabajo.<\/p><p>Te pido ayuda en especial por este motivo, (di lo que necesitas). Gracias San Judas Tadeo.<\/p><p>Amen.<\/p>\t\t\t\t\t\t\t\t<\/div>\n\t\t\t\t<\/div>\n\t\t\t\t\t<\/div>\n\t\t<\/div>\n\t\t\t\t\t<\/div>\n\t\t<\/section>\n\t\t\t\t<section class=\"has_eae_slider elementor-section elementor-top-section elementor-element elementor-element-6ce7e26d elementor-section-full_width elementor-section-height-default elementor-section-height-default\" data-eae-slider=\"42880\" data-id=\"6ce7e26d\" data-element_type=\"section\" data-e-type=\"section\">\n\t\t\t\t\t\t<div class=\"elementor-container elementor-column-gap-default\">\n\t\t\t\t\t<div class=\"has_eae_slider elementor-column elementor-col-100 elementor-top-column elementor-element elementor-element-304c9876\" data-eae-slider=\"18564\" data-id=\"304c9876\" data-element_type=\"column\" data-e-type=\"column\">\n\t\t\t<div class=\"elementor-widget-wrap elementor-element-populated\">\n\t\t\t\t\t\t<div class=\"elementor-element elementor-element-7336558 elementor-widget elementor-widget-image\" data-id=\"7336558\" data-element_type=\"widget\" data-e-type=\"widget\" data-widget_type=\"image.default\">\n\t\t\t\t<div class=\"elementor-widget-container\">\n\t\t\t\t\t\t\t\t\t\t\t\t\t\t\t<img loading=\"lazy\" decoding=\"async\" width=\"190\" height=\"160\" src=\"https:\/\/elsembradorministries.com\/esne\/wp-content\/uploads\/2019\/06\/rosario-bottom-1.png\" class=\"attachment-full size-full wp-image-21967\" alt=\"\" \/>\t\t\t\t\t\t\t\t\t\t\t\t\t\t\t<\/div>\n\t\t\t\t<\/div>\n\t\t\t\t\t<\/div>\n\t\t<\/div>\n\t\t\t\t\t<\/div>\n\t\t<\/section>\n\t\t\t\t<section class=\"has_eae_slider elementor-section elementor-top-section elementor-element elementor-element-b18b438 elementor-section-boxed elementor-section-height-default elementor-section-height-default\" data-eae-slider=\"3932\" data-id=\"b18b438\" data-element_type=\"section\" data-e-type=\"section\">\n\t\t\t\t\t\t<div class=\"elementor-container elementor-column-gap-default\">\n\t\t\t\t\t<div class=\"has_eae_slider elementor-column elementor-col-100 elementor-top-column elementor-element elementor-element-73176df\" data-eae-slider=\"37239\" data-id=\"73176df\" data-element_type=\"column\" data-e-type=\"column\">\n\t\t\t<div class=\"elementor-widget-wrap elementor-element-populated\">\n\t\t\t\t\t\t<div class=\"elementor-element elementor-element-65fdbde6 elementor-widget elementor-widget-html\" data-id=\"65fdbde6\" data-element_type=\"widget\" data-e-type=\"widget\" data-widget_type=\"html.default\">\n\t\t\t\t<div class=\"elementor-widget-container\">\n\t\t\t\t\t<!-- Remove Cusotm floating main menu -->\r\n<style>\r\n#center12 {\r\n    display: none;\r\n}\r\n<\/style>\t\t\t\t<\/div>\n\t\t\t\t<\/div>\n\t\t\t\t\t<\/div>\n\t\t<\/div>\n\t\t\t\t\t<\/div>\n\t\t<\/section>\n\t\t\t\t<\/div>\n\t\t","protected":false},"excerpt":{"rendered":"<p>Oraci\u00f3n a San Jos\u00e9 para que nos ayude a decidir nuestra vocaci\u00f3n Oh grandioso San Jos\u00e9, tu que fuiste completamente d\u00f3cil a las mociones del Esp\u00edritu Santo, obtenme la gracia de conocer el estado de vida al que el Se\u00f1or en su providencia ha escogido para m\u00ed. Y ya que mi felicidad en la tierra [&hellip;]<\/p>\n","protected":false},"author":1,"featured_media":0,"parent":22334,"menu_order":0,"comment_status":"closed","ping_status":"closed","template":"elementor_canvas","meta":{"_acf_changed":false,"ocean_post_layout":"","ocean_both_sidebars_style":"","ocean_both_sidebars_content_width":0,"ocean_both_sidebars_sidebars_width":0,"ocean_sidebar":"0","ocean_second_sidebar":"0","ocean_disable_margins":"enable","ocean_add_body_class":"","ocean_shortcode_before_top_bar":"","ocean_shortcode_after_top_bar":"","ocean_shortcode_before_header":"","ocean_shortcode_after_header":"","ocean_has_shortcode":"","ocean_shortcode_after_title":"","ocean_shortcode_before_footer_widgets":"","ocean_shortcode_after_footer_widgets":"","ocean_shortcode_before_footer_bottom":"","ocean_shortcode_after_footer_bottom":"","ocean_display_top_bar":"default","ocean_display_header":"default","ocean_header_style":"","ocean_center_header_left_menu":"0","ocean_custom_header_template":"0","ocean_custom_logo":0,"ocean_custom_retina_logo":0,"ocean_custom_logo_max_width":0,"ocean_custom_logo_tablet_max_width":0,"ocean_custom_logo_mobile_max_width":0,"ocean_custom_logo_max_height":0,"ocean_custom_logo_tablet_max_height":0,"ocean_custom_logo_mobile_max_height":0,"ocean_header_custom_menu":"0","ocean_menu_typo_font_family":"0","ocean_menu_typo_font_subset":"","ocean_menu_typo_font_size":0,"ocean_menu_typo_font_size_tablet":0,"ocean_menu_typo_font_size_mobile":0,"ocean_menu_typo_font_size_unit":"px","ocean_menu_typo_font_weight":"","ocean_menu_typo_font_weight_tablet":"","ocean_menu_typo_font_weight_mobile":"","ocean_menu_typo_transform":"","ocean_menu_typo_transform_tablet":"","ocean_menu_typo_transform_mobile":"","ocean_menu_typo_line_height":0,"ocean_menu_typo_line_height_tablet":0,"ocean_menu_typo_line_height_mobile":0,"ocean_menu_typo_line_height_unit":"","ocean_menu_typo_spacing":0,"ocean_menu_typo_spacing_tablet":0,"ocean_menu_typo_spacing_mobile":0,"ocean_menu_typo_spacing_unit":"","ocean_menu_link_color":"","ocean_menu_link_color_hover":"","ocean_menu_link_color_active":"","ocean_menu_link_background":"","ocean_menu_link_hover_background":"","ocean_menu_link_active_background":"","ocean_menu_social_links_bg":"","ocean_menu_social_hover_links_bg":"","ocean_menu_social_links_color":"","ocean_menu_social_hover_links_color":"","ocean_disable_title":"on","ocean_disable_heading":"default","ocean_post_title":"","ocean_post_subheading":"","ocean_post_title_style":"","ocean_post_title_background_color":"","ocean_post_title_background":0,"ocean_post_title_bg_image_position":"","ocean_post_title_bg_image_attachment":"","ocean_post_title_bg_image_repeat":"","ocean_post_title_bg_image_size":"","ocean_post_title_height":0,"ocean_post_title_bg_overlay":0.5,"ocean_post_title_bg_overlay_color":"","ocean_disable_breadcrumbs":"default","ocean_breadcrumbs_color":"","ocean_breadcrumbs_separator_color":"","ocean_breadcrumbs_links_color":"","ocean_breadcrumbs_links_hover_color":"","ocean_display_footer_widgets":"default","ocean_display_footer_bottom":"default","ocean_custom_footer_template":"0","footnotes":""},"categories":[16],"class_list":["post-22418","page","type-page","status-publish","hentry","category-oraciones-y-devocionales","entry"],"acf":[],"publishpress_future_action":{"enabled":false,"date":"2026-05-09 02:14:02","action":"change-status","newStatus":"draft","terms":[],"taxonomy":"category","extraData":[]},"publishpress_future_workflow_manual_trigger":{"enabledWorkflows":[]},"_links":{"self":[{"href":"https:\/\/elsembradorministries.com\/esne\/wp-json\/wp\/v2\/pages\/22418","targetHints":{"allow":["GET"]}}],"collection":[{"href":"https:\/\/elsembradorministries.com\/esne\/wp-json\/wp\/v2\/pages"}],"about":[{"href":"https:\/\/elsembradorministries.com\/esne\/wp-json\/wp\/v2\/types\/page"}],"author":[{"embeddable":true,"href":"https:\/\/elsembradorministries.com\/esne\/wp-json\/wp\/v2\/users\/1"}],"replies":[{"embeddable":true,"href":"https:\/\/elsembradorministries.com\/esne\/wp-json\/wp\/v2\/comments?post=22418"}],"version-history":[{"count":6,"href":"https:\/\/elsembradorministries.com\/esne\/wp-json\/wp\/v2\/pages\/22418\/revisions"}],"predecessor-version":[{"id":53132,"href":"https:\/\/elsembradorministries.com\/esne\/wp-json\/wp\/v2\/pages\/22418\/revisions\/53132"}],"up":[{"embeddable":true,"href":"https:\/\/elsembradorministries.com\/esne\/wp-json\/wp\/v2\/pages\/22334"}],"wp:attachment":[{"href":"https:\/\/elsembradorministries.com\/esne\/wp-json\/wp\/v2\/media?parent=22418"}],"wp:term":[{"taxonomy":"category","embeddable":true,"href":"https:\/\/elsembradorministries.com\/esne\/wp-json\/wp\/v2\/categories?post=22418"}],"curies":[{"name":"wp","href":"https:\/\/api.w.org\/{rel}","templated":true}]}}