{"id":28029,"date":"2020-03-09T11:44:59","date_gmt":"2020-03-09T18:44:59","guid":{"rendered":"http:\/\/elsembradorministries.com\/esne\/?page_id=28029"},"modified":"2024-11-13T13:50:04","modified_gmt":"2024-11-13T21:50:04","slug":"oraciones-a-la-sagrada-familia","status":"publish","type":"page","link":"https:\/\/elsembradorministries.com\/esne\/oraciones-y-devocionales\/oraciones-a-la-sagrada-familia\/","title":{"rendered":"Oraciones a la Sagrada Familia"},"content":{"rendered":"\t\t<div data-elementor-type=\"wp-post\" data-elementor-id=\"28029\" class=\"elementor elementor-28029\">\n\t\t\t\t\t\t<section class=\"has_eae_slider elementor-section elementor-top-section elementor-element elementor-element-3491eec6 elementor-section-stretched elementor-section-full_width elementor-section-height-default elementor-section-height-default\" data-eae-slider=\"28239\" data-id=\"3491eec6\" data-element_type=\"section\" data-e-type=\"section\" data-settings=\"{&quot;stretch_section&quot;:&quot;section-stretched&quot;}\">\n\t\t\t\t\t\t<div class=\"elementor-container elementor-column-gap-no\">\n\t\t\t\t\t<div class=\"has_eae_slider elementor-column elementor-col-100 elementor-top-column elementor-element elementor-element-7917baee\" data-eae-slider=\"62203\" data-id=\"7917baee\" data-element_type=\"column\" data-e-type=\"column\">\n\t\t\t<div class=\"elementor-widget-wrap elementor-element-populated\">\n\t\t\t\t\t\t<div class=\"elementor-element elementor-element-70af9ef1 elementor-hidden-mobile elementor-widget elementor-widget-image\" data-id=\"70af9ef1\" data-element_type=\"widget\" data-e-type=\"widget\" data-widget_type=\"image.default\">\n\t\t\t\t<div class=\"elementor-widget-container\">\n\t\t\t\t\t\t\t\t\t\t\t\t\t\t\t<img fetchpriority=\"high\" decoding=\"async\" width=\"1920\" height=\"747\" src=\"https:\/\/elsembradorministries.com\/esne\/wp-content\/uploads\/2020\/03\/oraciones-sagrada-familia-w.jpg\" class=\"attachment-full size-full wp-image-28133\" alt=\"\" srcset=\"https:\/\/elsembradorministries.com\/esne\/wp-content\/uploads\/2020\/03\/oraciones-sagrada-familia-w.jpg 1920w, https:\/\/elsembradorministries.com\/esne\/wp-content\/uploads\/2020\/03\/oraciones-sagrada-familia-w-300x117.jpg 300w, https:\/\/elsembradorministries.com\/esne\/wp-content\/uploads\/2020\/03\/oraciones-sagrada-familia-w-768x299.jpg 768w, https:\/\/elsembradorministries.com\/esne\/wp-content\/uploads\/2020\/03\/oraciones-sagrada-familia-w-1024x398.jpg 1024w\" sizes=\"(max-width: 1920px) 100vw, 1920px\" \/>\t\t\t\t\t\t\t\t\t\t\t\t\t\t\t<\/div>\n\t\t\t\t<\/div>\n\t\t\t\t<div class=\"elementor-element elementor-element-634ed3e8 elementor-hidden-desktop elementor-hidden-tablet elementor-widget elementor-widget-image\" data-id=\"634ed3e8\" data-element_type=\"widget\" data-e-type=\"widget\" data-widget_type=\"image.default\">\n\t\t\t\t<div class=\"elementor-widget-container\">\n\t\t\t\t\t\t\t\t\t\t\t\t\t\t\t<img decoding=\"async\" width=\"800\" height=\"802\" src=\"https:\/\/elsembradorministries.com\/esne\/wp-content\/uploads\/2020\/03\/oraciones-sagrada-familia-app.jpg\" class=\"attachment-full size-full wp-image-28134\" alt=\"\" srcset=\"https:\/\/elsembradorministries.com\/esne\/wp-content\/uploads\/2020\/03\/oraciones-sagrada-familia-app.jpg 800w, https:\/\/elsembradorministries.com\/esne\/wp-content\/uploads\/2020\/03\/oraciones-sagrada-familia-app-150x150.jpg 150w, https:\/\/elsembradorministries.com\/esne\/wp-content\/uploads\/2020\/03\/oraciones-sagrada-familia-app-300x300.jpg 300w, https:\/\/elsembradorministries.com\/esne\/wp-content\/uploads\/2020\/03\/oraciones-sagrada-familia-app-768x770.jpg 768w\" sizes=\"(max-width: 800px) 100vw, 800px\" \/>\t\t\t\t\t\t\t\t\t\t\t\t\t\t\t<\/div>\n\t\t\t\t<\/div>\n\t\t\t\t\t<\/div>\n\t\t<\/div>\n\t\t\t\t\t<\/div>\n\t\t<\/section>\n\t\t\t\t<section class=\"has_eae_slider elementor-section elementor-top-section elementor-element elementor-element-f770fbb elementor-section-content-middle elementor-section-boxed elementor-section-height-default elementor-section-height-default\" data-eae-slider=\"41061\" data-id=\"f770fbb\" data-element_type=\"section\" data-e-type=\"section\" data-settings=\"{&quot;background_background&quot;:&quot;classic&quot;}\">\n\t\t\t\t\t\t<div class=\"elementor-container elementor-column-gap-no\">\n\t\t\t\t\t<div class=\"has_eae_slider elementor-column elementor-col-100 elementor-top-column elementor-element elementor-element-47f4b2b6\" data-eae-slider=\"42051\" data-id=\"47f4b2b6\" data-element_type=\"column\" data-e-type=\"column\">\n\t\t\t<div class=\"elementor-widget-wrap elementor-element-populated\">\n\t\t\t\t\t\t<div class=\"elementor-element elementor-element-bee7999 elementor-widget elementor-widget-text-editor\" data-id=\"bee7999\" data-element_type=\"widget\" data-e-type=\"widget\" data-widget_type=\"text-editor.default\">\n\t\t\t\t<div class=\"elementor-widget-container\">\n\t\t\t\t\t\t\t\t\t<h3>Oraci\u00f3n a la Sagrada Familia<\/h3><p>Jes\u00fas, Mar\u00eda y Jos\u00e9, en ustedes contemplamos el esplendor del verdadero amor, a ustedes, confiados, nos dirigimos. Santa Familia de Nazaret, haz tambi\u00e9n de nuestras familias lugar de comuni\u00f3n y cen\u00e1culo de oraci\u00f3n, aut\u00e9nticas escuelas del Evangelio y peque\u00f1as Iglesias dom\u00e9sticas.<\/p><p>Santa Familia de Nazaret, que nunca m\u00e1s haya en las familias episodios de violencia, de cerraz\u00f3n y divisi\u00f3n; que quien haya sido herido o escandalizado sea pronto consolado y curado.<\/p><p>Santa Familia de Nazaret, que el pr\u00f3ximo S\u00ednodo de los Obispos haga tomar conciencia a todos del car\u00e1cter sagrado e inviolable de la familia, de su belleza en el proyecto de Dios.<\/p><p>Jes\u00fas, Mar\u00eda y Jos\u00e9, escuchen, acogan nuestra s\u00faplica.<\/p><p>Am\u00e9n<\/p><p><img decoding=\"async\" src=\"https:\/\/elsembradorministries.com\/esne\/wp-content\/uploads\/2019\/06\/misterios-separator-esne.jpg\" alt=\"\" width=\"800\" height=\"126\" data-id=\"22013\" \/><\/p><h3>ORACI\u00d3N<\/h3><p>Sagrada Familia de Nazaret: ens\u00e9\u00f1anos el recogimiento, la interioridad; danos la disposici\u00f3n de escuchar las buenas inspiraciones y las palabras de los verdaderos maestros. Ens\u00e9\u00f1anos la necesidad del trabajo de reparaci\u00f3n, del estudio, de la vida interior personal, de la oraci\u00f3n, que s\u00f3lo Dios ve en lo secreto;ens\u00e9\u00f1anos lo que es la familia, su comuni\u00f3n de amor, su belleza simple y austera, su car\u00e1cter sagrado e inviolable. Am\u00e9n.<\/p><p><img decoding=\"async\" src=\"https:\/\/elsembradorministries.com\/esne\/wp-content\/uploads\/2019\/06\/misterios-separator-esne.jpg\" alt=\"\" width=\"800\" height=\"126\" data-id=\"22013\" \/><\/p><p>\u00a0<\/p><h3>CONSAGRACI\u00d3N A LA SAGRADA FAMILIA I<\/h3><p>Oh Jes\u00fas, Redentor nuestro amabil\u00edsimo, que habiendo venido a iluminar al mundo con la doctrina y con el ejemplo, has querido pasar la mayor parte de T\u00fa vida, humilde y sujeto a Mar\u00eda y a Jos\u00e9 en la pobre casa de Nazaret, santificando a aquella Familia que hab\u00eda de ser el modelo de todas las familias cristianas; acoge benigno la nuestra, que ahora se dedica y consagra a Ti. D\u00edgnate de protegerla, guardarla y establecer en ella Tu santo temor, con la paz y concordia de la caridad cristiana, para que imitando el ejemplo divino de tu Familia, pueda alcanzarla toda entera, sin faltar uno solo, la eterna bienaventuranza.<\/p><p>Mar\u00eda, Madre de Jes\u00fas y Madre nuestra, con tu piadosa intercesi\u00f3n haz que sea aceptable a Jes\u00fas esta humilde ofrenda, y as\u00ed obtener su su gracia y bendici\u00f3n.<\/p><p>Oh san Jos\u00e9, custodio sant\u00edsimo de Jes\u00fas y de Mar\u00eda, socorrernos con tus plegarias en todas las necesidades espirituales y temporales, a fin de que en uni\u00f3n con Mar\u00eda y contigo, podamos bendecir eternamente a nuestro divino Redentor Jes\u00fas. As\u00ed sea.<\/p><p><img decoding=\"async\" src=\"https:\/\/elsembradorministries.com\/esne\/wp-content\/uploads\/2019\/06\/misterios-separator-esne.jpg\" alt=\"\" width=\"800\" height=\"126\" data-id=\"22013\" \/><\/p>\t\t\t\t\t\t\t\t<\/div>\n\t\t\t\t<\/div>\n\t\t\t\t\t<\/div>\n\t\t<\/div>\n\t\t\t\t\t<\/div>\n\t\t<\/section>\n\t\t\t\t<section class=\"has_eae_slider elementor-section elementor-top-section elementor-element elementor-element-6ce7e26d elementor-section-full_width elementor-section-height-default elementor-section-height-default\" data-eae-slider=\"44358\" data-id=\"6ce7e26d\" data-element_type=\"section\" data-e-type=\"section\">\n\t\t\t\t\t\t<div class=\"elementor-container elementor-column-gap-default\">\n\t\t\t\t\t<div class=\"has_eae_slider elementor-column elementor-col-100 elementor-top-column elementor-element elementor-element-304c9876\" data-eae-slider=\"93571\" data-id=\"304c9876\" data-element_type=\"column\" data-e-type=\"column\">\n\t\t\t<div class=\"elementor-widget-wrap elementor-element-populated\">\n\t\t\t\t\t\t<div class=\"elementor-element elementor-element-7336558 elementor-widget elementor-widget-image\" data-id=\"7336558\" data-element_type=\"widget\" data-e-type=\"widget\" data-widget_type=\"image.default\">\n\t\t\t\t<div class=\"elementor-widget-container\">\n\t\t\t\t\t\t\t\t\t\t\t\t\t\t\t<img loading=\"lazy\" decoding=\"async\" width=\"190\" height=\"160\" src=\"https:\/\/elsembradorministries.com\/esne\/wp-content\/uploads\/2019\/06\/rosario-bottom-1.png\" class=\"attachment-full size-full wp-image-21967\" alt=\"\" \/>\t\t\t\t\t\t\t\t\t\t\t\t\t\t\t<\/div>\n\t\t\t\t<\/div>\n\t\t\t\t\t<\/div>\n\t\t<\/div>\n\t\t\t\t\t<\/div>\n\t\t<\/section>\n\t\t\t\t<section class=\"has_eae_slider elementor-section elementor-top-section elementor-element elementor-element-b18b438 elementor-section-boxed elementor-section-height-default elementor-section-height-default\" data-eae-slider=\"6057\" data-id=\"b18b438\" data-element_type=\"section\" data-e-type=\"section\">\n\t\t\t\t\t\t<div class=\"elementor-container elementor-column-gap-default\">\n\t\t\t\t\t<div class=\"has_eae_slider elementor-column elementor-col-100 elementor-top-column elementor-element elementor-element-73176df\" data-eae-slider=\"52853\" data-id=\"73176df\" data-element_type=\"column\" data-e-type=\"column\">\n\t\t\t<div class=\"elementor-widget-wrap elementor-element-populated\">\n\t\t\t\t\t\t<div class=\"elementor-element elementor-element-65fdbde6 elementor-widget elementor-widget-html\" data-id=\"65fdbde6\" data-element_type=\"widget\" data-e-type=\"widget\" data-widget_type=\"html.default\">\n\t\t\t\t<div class=\"elementor-widget-container\">\n\t\t\t\t\t<!-- Remove Cusotm floating main menu -->\r\n<style>\r\n#center12 {\r\n    display: none;\r\n}\r\n<\/style>\t\t\t\t<\/div>\n\t\t\t\t<\/div>\n\t\t\t\t\t<\/div>\n\t\t<\/div>\n\t\t\t\t\t<\/div>\n\t\t<\/section>\n\t\t\t\t<\/div>\n\t\t","protected":false},"excerpt":{"rendered":"<p>Oraci\u00f3n a la Sagrada Familia Jes\u00fas, Mar\u00eda y Jos\u00e9, en ustedes contemplamos el esplendor del verdadero amor, a ustedes, confiados, nos dirigimos. Santa Familia de Nazaret, haz tambi\u00e9n de nuestras familias lugar de comuni\u00f3n y cen\u00e1culo de oraci\u00f3n, aut\u00e9nticas escuelas del Evangelio y peque\u00f1as Iglesias dom\u00e9sticas. Santa Familia de Nazaret, que nunca m\u00e1s haya en [&hellip;]<\/p>\n","protected":false},"author":1,"featured_media":0,"parent":22334,"menu_order":0,"comment_status":"closed","ping_status":"closed","template":"elementor_canvas","meta":{"_acf_changed":false,"ocean_post_layout":"","ocean_both_sidebars_style":"","ocean_both_sidebars_content_width":0,"ocean_both_sidebars_sidebars_width":0,"ocean_sidebar":"0","ocean_second_sidebar":"0","ocean_disable_margins":"enable","ocean_add_body_class":"","ocean_shortcode_before_top_bar":"","ocean_shortcode_after_top_bar":"","ocean_shortcode_before_header":"","ocean_shortcode_after_header":"","ocean_has_shortcode":"","ocean_shortcode_after_title":"","ocean_shortcode_before_footer_widgets":"","ocean_shortcode_after_footer_widgets":"","ocean_shortcode_before_footer_bottom":"","ocean_shortcode_after_footer_bottom":"","ocean_display_top_bar":"default","ocean_display_header":"default","ocean_header_style":"","ocean_center_header_left_menu":"0","ocean_custom_header_template":"0","ocean_custom_logo":0,"ocean_custom_retina_logo":0,"ocean_custom_logo_max_width":0,"ocean_custom_logo_tablet_max_width":0,"ocean_custom_logo_mobile_max_width":0,"ocean_custom_logo_max_height":0,"ocean_custom_logo_tablet_max_height":0,"ocean_custom_logo_mobile_max_height":0,"ocean_header_custom_menu":"0","ocean_menu_typo_font_family":"0","ocean_menu_typo_font_subset":"","ocean_menu_typo_font_size":0,"ocean_menu_typo_font_size_tablet":0,"ocean_menu_typo_font_size_mobile":0,"ocean_menu_typo_font_size_unit":"px","ocean_menu_typo_font_weight":"","ocean_menu_typo_font_weight_tablet":"","ocean_menu_typo_font_weight_mobile":"","ocean_menu_typo_transform":"","ocean_menu_typo_transform_tablet":"","ocean_menu_typo_transform_mobile":"","ocean_menu_typo_line_height":0,"ocean_menu_typo_line_height_tablet":0,"ocean_menu_typo_line_height_mobile":0,"ocean_menu_typo_line_height_unit":"","ocean_menu_typo_spacing":0,"ocean_menu_typo_spacing_tablet":0,"ocean_menu_typo_spacing_mobile":0,"ocean_menu_typo_spacing_unit":"","ocean_menu_link_color":"","ocean_menu_link_color_hover":"","ocean_menu_link_color_active":"","ocean_menu_link_background":"","ocean_menu_link_hover_background":"","ocean_menu_link_active_background":"","ocean_menu_social_links_bg":"","ocean_menu_social_hover_links_bg":"","ocean_menu_social_links_color":"","ocean_menu_social_hover_links_color":"","ocean_disable_title":"on","ocean_disable_heading":"default","ocean_post_title":"","ocean_post_subheading":"","ocean_post_title_style":"","ocean_post_title_background_color":"","ocean_post_title_background":0,"ocean_post_title_bg_image_position":"","ocean_post_title_bg_image_attachment":"","ocean_post_title_bg_image_repeat":"","ocean_post_title_bg_image_size":"","ocean_post_title_height":0,"ocean_post_title_bg_overlay":0.5,"ocean_post_title_bg_overlay_color":"","ocean_disable_breadcrumbs":"default","ocean_breadcrumbs_color":"","ocean_breadcrumbs_separator_color":"","ocean_breadcrumbs_links_color":"","ocean_breadcrumbs_links_hover_color":"","ocean_display_footer_widgets":"default","ocean_display_footer_bottom":"default","ocean_custom_footer_template":"0","footnotes":""},"categories":[16],"class_list":["post-28029","page","type-page","status-publish","hentry","category-oraciones-y-devocionales","entry"],"acf":[],"publishpress_future_action":{"enabled":false,"date":"2026-04-19 09:09:17","action":"change-status","newStatus":"draft","terms":[],"taxonomy":"category","extraData":[]},"publishpress_future_workflow_manual_trigger":{"enabledWorkflows":[]},"_links":{"self":[{"href":"https:\/\/elsembradorministries.com\/esne\/wp-json\/wp\/v2\/pages\/28029","targetHints":{"allow":["GET"]}}],"collection":[{"href":"https:\/\/elsembradorministries.com\/esne\/wp-json\/wp\/v2\/pages"}],"about":[{"href":"https:\/\/elsembradorministries.com\/esne\/wp-json\/wp\/v2\/types\/page"}],"author":[{"embeddable":true,"href":"https:\/\/elsembradorministries.com\/esne\/wp-json\/wp\/v2\/users\/1"}],"replies":[{"embeddable":true,"href":"https:\/\/elsembradorministries.com\/esne\/wp-json\/wp\/v2\/comments?post=28029"}],"version-history":[{"count":6,"href":"https:\/\/elsembradorministries.com\/esne\/wp-json\/wp\/v2\/pages\/28029\/revisions"}],"predecessor-version":[{"id":53129,"href":"https:\/\/elsembradorministries.com\/esne\/wp-json\/wp\/v2\/pages\/28029\/revisions\/53129"}],"up":[{"embeddable":true,"href":"https:\/\/elsembradorministries.com\/esne\/wp-json\/wp\/v2\/pages\/22334"}],"wp:attachment":[{"href":"https:\/\/elsembradorministries.com\/esne\/wp-json\/wp\/v2\/media?parent=28029"}],"wp:term":[{"taxonomy":"category","embeddable":true,"href":"https:\/\/elsembradorministries.com\/esne\/wp-json\/wp\/v2\/categories?post=28029"}],"curies":[{"name":"wp","href":"https:\/\/api.w.org\/{rel}","templated":true}]}}