{"id":29199,"date":"2020-05-08T13:02:59","date_gmt":"2020-05-08T20:02:59","guid":{"rendered":"http:\/\/elsembradorministries.com\/esne\/?page_id=29199"},"modified":"2024-11-13T13:49:31","modified_gmt":"2024-11-13T21:49:31","slug":"coronilla-a-la-divina-misericordia-para-leer","status":"publish","type":"page","link":"https:\/\/elsembradorministries.com\/esne\/oraciones-y-devocionales\/coronilla-a-la-divina-misericordia-para-leer\/","title":{"rendered":"Coronilla a la Divina Misericordia &#8211; Para leer"},"content":{"rendered":"\t\t<div data-elementor-type=\"wp-post\" data-elementor-id=\"29199\" class=\"elementor elementor-29199\">\n\t\t\t\t\t\t<section class=\"has_eae_slider elementor-section elementor-top-section elementor-element elementor-element-1d73cf10 elementor-section-stretched elementor-section-full_width elementor-section-height-default elementor-section-height-default\" data-eae-slider=\"15846\" data-id=\"1d73cf10\" data-element_type=\"section\" data-e-type=\"section\" data-settings=\"{&quot;stretch_section&quot;:&quot;section-stretched&quot;}\">\n\t\t\t\t\t\t<div class=\"elementor-container elementor-column-gap-no\">\n\t\t\t\t\t<div class=\"has_eae_slider elementor-column elementor-col-100 elementor-top-column elementor-element elementor-element-1218cec2\" data-eae-slider=\"26053\" data-id=\"1218cec2\" data-element_type=\"column\" data-e-type=\"column\">\n\t\t\t<div class=\"elementor-widget-wrap elementor-element-populated\">\n\t\t\t\t\t\t<div class=\"elementor-element elementor-element-6dc0b570 elementor-hidden-mobile elementor-widget elementor-widget-image\" data-id=\"6dc0b570\" data-element_type=\"widget\" data-e-type=\"widget\" data-widget_type=\"image.default\">\n\t\t\t\t<div class=\"elementor-widget-container\">\n\t\t\t\t\t\t\t\t\t\t\t\t\t\t\t<img fetchpriority=\"high\" decoding=\"async\" width=\"1920\" height=\"747\" src=\"https:\/\/elsembradorministries.com\/esne\/wp-content\/uploads\/2020\/05\/coronilla-top-full.jpg\" class=\"attachment-full size-full wp-image-29202\" alt=\"\" srcset=\"https:\/\/elsembradorministries.com\/esne\/wp-content\/uploads\/2020\/05\/coronilla-top-full.jpg 1920w, https:\/\/elsembradorministries.com\/esne\/wp-content\/uploads\/2020\/05\/coronilla-top-full-300x117.jpg 300w, https:\/\/elsembradorministries.com\/esne\/wp-content\/uploads\/2020\/05\/coronilla-top-full-768x299.jpg 768w, https:\/\/elsembradorministries.com\/esne\/wp-content\/uploads\/2020\/05\/coronilla-top-full-1024x398.jpg 1024w\" sizes=\"(max-width: 1920px) 100vw, 1920px\" \/>\t\t\t\t\t\t\t\t\t\t\t\t\t\t\t<\/div>\n\t\t\t\t<\/div>\n\t\t\t\t<div class=\"elementor-element elementor-element-b4113e elementor-hidden-desktop elementor-hidden-tablet elementor-widget elementor-widget-image\" data-id=\"b4113e\" data-element_type=\"widget\" data-e-type=\"widget\" data-widget_type=\"image.default\">\n\t\t\t\t<div class=\"elementor-widget-container\">\n\t\t\t\t\t\t\t\t\t\t\t\t\t\t\t<img decoding=\"async\" width=\"800\" height=\"802\" src=\"https:\/\/elsembradorministries.com\/esne\/wp-content\/uploads\/2020\/05\/coronilla-top-mobile.jpg\" class=\"attachment-full size-full wp-image-29203\" alt=\"\" srcset=\"https:\/\/elsembradorministries.com\/esne\/wp-content\/uploads\/2020\/05\/coronilla-top-mobile.jpg 800w, https:\/\/elsembradorministries.com\/esne\/wp-content\/uploads\/2020\/05\/coronilla-top-mobile-150x150.jpg 150w, https:\/\/elsembradorministries.com\/esne\/wp-content\/uploads\/2020\/05\/coronilla-top-mobile-300x300.jpg 300w, https:\/\/elsembradorministries.com\/esne\/wp-content\/uploads\/2020\/05\/coronilla-top-mobile-768x770.jpg 768w\" sizes=\"(max-width: 800px) 100vw, 800px\" \/>\t\t\t\t\t\t\t\t\t\t\t\t\t\t\t<\/div>\n\t\t\t\t<\/div>\n\t\t\t\t\t<\/div>\n\t\t<\/div>\n\t\t\t\t\t<\/div>\n\t\t<\/section>\n\t\t\t\t<section class=\"has_eae_slider elementor-section elementor-top-section elementor-element elementor-element-4c220ad6 elementor-section-content-middle elementor-section-boxed elementor-section-height-default elementor-section-height-default\" data-eae-slider=\"99138\" data-id=\"4c220ad6\" data-element_type=\"section\" data-e-type=\"section\" data-settings=\"{&quot;background_background&quot;:&quot;classic&quot;}\">\n\t\t\t\t\t\t<div class=\"elementor-container elementor-column-gap-no\">\n\t\t\t\t\t<div class=\"has_eae_slider elementor-column elementor-col-100 elementor-top-column elementor-element elementor-element-39c8fbf6\" data-eae-slider=\"50181\" data-id=\"39c8fbf6\" data-element_type=\"column\" data-e-type=\"column\">\n\t\t\t<div class=\"elementor-widget-wrap elementor-element-populated\">\n\t\t\t\t\t\t<div class=\"elementor-element elementor-element-1f41788e elementor-widget elementor-widget-text-editor\" data-id=\"1f41788e\" data-element_type=\"widget\" data-e-type=\"widget\" data-widget_type=\"text-editor.default\">\n\t\t\t\t<div class=\"elementor-widget-container\">\n\t\t\t\t\t\t\t\t\t<h1>Oraciones de la Coronilla a la Divina Misericordia<\/h1><p><strong>La se\u00f1al de la Cruz:<\/strong> En el nombre del Padre, del Hijo y del Esp\u00edritu Santo. Am\u00e9n.<\/p><p><strong>Oraci\u00f3n al principio (opcional)<\/strong>: Expiraste, Jes\u00fas, pero la fuente de vida brot\u00f3 para las almas y el mar de misericordia se abri\u00f3 para el mundo entero. Oh fuente de vida, insondable Misericordia Divina, abarca al mundo entero y derr\u00e1mate sobre nosotros.<\/p><p>Oh Sangre y Agua que brotaste del Coraz\u00f3n de Jes\u00fas, como una Fuente de Misericordia para nosotros, en Ti conf\u00edo . Primero se reza una vez el Padre Nuestro, el Ave Mar\u00eda y el Credo de los Ap\u00f3stoles.<\/p><p><strong>Padre Nuestro<\/strong>: Padre Nuestro, que est\u00e1s en el cielo, santificado sea Tu nombre; venga a nosotros Tu reino; h\u00e1gase Tu voluntad en la tierra como en el cielo. Danos hoy nuestro pan de cada d\u00eda; perdona nuestras ofensas, como tambi\u00e9n nosotros perdonamos a los que nos ofenden; no nos dejes caer en la tentaci\u00f3n, y l\u00edbranos del mal. Am\u00e9n.<\/p><p><strong>Ave Mar\u00eda<\/strong>: Dios te salve Mar\u00eda, llena eres de gracia, el Se\u00f1or es contigo, bendita eres entre todas las mujeres y bendito es el fruto de tu vientre, Jes\u00fas. Santa Mar\u00eda, Madre de Dios, ruega por nosotros pecadores, ahora y en la hora de nuestra muerte. Am\u00e9n.<\/p><p><strong>Credo de los Ap\u00f3stoles<\/strong>: Creo en Dios, Padre Todopoderoso, Creador del cielo y de la tierra. Creo en Jesucristo, Su \u00fanico Hijo, nuestro Se\u00f1or, que fue concebido por obra y gracia del Esp\u00edritu Santo, naci\u00f3 de Santa Mar\u00eda Virgen, padeci\u00f3 bajo el poder de Poncio Pilato, fue crucificado, muerto y sepultado, descendi\u00f3 a los infiernos, al tercer d\u00eda resucit\u00f3 de entre los muertos, subi\u00f3 a los cielos y est\u00e1 sentado a la derecha de Dios Padre Todopoderoso. Desde all\u00ed ha de venir a juzgar a vivos y muertos.<br \/>Creo en el Esp\u00edritu Santo, la santa Iglesia Cat\u00f3lica, la comuni\u00f3n de los santos, el perd\u00f3n de los pecados, la resurrecci\u00f3n de la carne y la vida eterna. Am\u00e9n.<\/p><p><strong>En las cuentas grandes del Padre Nuestro<\/strong> antes de cada decena: Padre Eterno, Te ofrezco el Cuerpo y la Sangre, el Alma y la Divinidad de Tu Amad\u00edsimo Hijo, nuestro Se\u00f1or Jesucristo, como propiciaci\u00f3n de nuestros pecados y los del mundo entero.<\/p><p><strong>En las 10 cuentas peque\u00f1as de cada decena:<\/strong><\/p><p>Por Su dolorosa Pasi\u00f3n, ten misericordia de nosotros y del mundo entero.<\/p><p><strong>Despu\u00e9s de cinco decenas, la doxolog\u00eda final (tres veces): <\/strong><\/p><p>Santo Dios, Santo Fuerte, Santo Inmortal, ten piedad de nosotros y del mundo entero.<\/p><p><strong>Oraci\u00f3n final:<\/strong> Oh Dios Eterno, en quien la misericordia es infinita y el tesoro de compasi\u00f3n inagotable, vuelve a nosotros Tu mirada bondadosa y aumenta Tu misericordia en nosotros, para que en momentos dif\u00edciles no nos desesperemos ni nos desalentamos, sino que, con gran confianza, nos sometamos a Tu santa voluntad, que es el Amor y la Misericordia Mismos.<\/p>\t\t\t\t\t\t\t\t<\/div>\n\t\t\t\t<\/div>\n\t\t\t\t\t<\/div>\n\t\t<\/div>\n\t\t\t\t\t<\/div>\n\t\t<\/section>\n\t\t\t\t<section class=\"has_eae_slider elementor-section elementor-top-section elementor-element elementor-element-cbb3a97 elementor-section-full_width elementor-section-height-default elementor-section-height-default\" data-eae-slider=\"75860\" data-id=\"cbb3a97\" data-element_type=\"section\" data-e-type=\"section\">\n\t\t\t\t\t\t<div class=\"elementor-container elementor-column-gap-default\">\n\t\t\t\t\t<div class=\"has_eae_slider elementor-column elementor-col-100 elementor-top-column elementor-element elementor-element-6063e9a6\" data-eae-slider=\"26650\" data-id=\"6063e9a6\" data-element_type=\"column\" data-e-type=\"column\">\n\t\t\t<div class=\"elementor-widget-wrap elementor-element-populated\">\n\t\t\t\t\t\t<div class=\"elementor-element elementor-element-1e96ff6a elementor-widget elementor-widget-image\" data-id=\"1e96ff6a\" data-element_type=\"widget\" data-e-type=\"widget\" data-widget_type=\"image.default\">\n\t\t\t\t<div class=\"elementor-widget-container\">\n\t\t\t\t\t\t\t\t\t\t\t\t\t\t\t<img decoding=\"async\" width=\"190\" height=\"160\" src=\"https:\/\/elsembradorministries.com\/esne\/wp-content\/uploads\/2019\/06\/rosario-bottom-1.png\" class=\"attachment-full size-full wp-image-21967\" alt=\"\" \/>\t\t\t\t\t\t\t\t\t\t\t\t\t\t\t<\/div>\n\t\t\t\t<\/div>\n\t\t\t\t\t<\/div>\n\t\t<\/div>\n\t\t\t\t\t<\/div>\n\t\t<\/section>\n\t\t\t\t<section class=\"has_eae_slider elementor-section elementor-top-section elementor-element elementor-element-f8c58d9 elementor-section-boxed elementor-section-height-default elementor-section-height-default\" data-eae-slider=\"16060\" data-id=\"f8c58d9\" data-element_type=\"section\" data-e-type=\"section\">\n\t\t\t\t\t\t<div class=\"elementor-container elementor-column-gap-default\">\n\t\t\t\t\t<div class=\"has_eae_slider elementor-column elementor-col-100 elementor-top-column elementor-element elementor-element-bd558af\" data-eae-slider=\"26154\" data-id=\"bd558af\" data-element_type=\"column\" data-e-type=\"column\">\n\t\t\t<div class=\"elementor-widget-wrap elementor-element-populated\">\n\t\t\t\t\t\t<div class=\"elementor-element elementor-element-3495f2e elementor-widget elementor-widget-html\" data-id=\"3495f2e\" data-element_type=\"widget\" data-e-type=\"widget\" data-widget_type=\"html.default\">\n\t\t\t\t<div class=\"elementor-widget-container\">\n\t\t\t\t\t<!-- Remove Custom floating main menu -->\r\n<style>\r\n#center12 {\r\n    display: none;\r\n}\r\n<\/style>\t\t\t\t<\/div>\n\t\t\t\t<\/div>\n\t\t\t\t\t<\/div>\n\t\t<\/div>\n\t\t\t\t\t<\/div>\n\t\t<\/section>\n\t\t\t\t<\/div>\n\t\t","protected":false},"excerpt":{"rendered":"<p>Oraciones de la Coronilla a la Divina Misericordia La se\u00f1al de la Cruz: En el nombre del Padre, del Hijo y del Esp\u00edritu Santo. Am\u00e9n. Oraci\u00f3n al principio (opcional): Expiraste, Jes\u00fas, pero la fuente de vida brot\u00f3 para las almas y el mar de misericordia se abri\u00f3 para el mundo entero. Oh fuente de vida, [&hellip;]<\/p>\n","protected":false},"author":1,"featured_media":0,"parent":22334,"menu_order":0,"comment_status":"closed","ping_status":"closed","template":"elementor_canvas","meta":{"_acf_changed":false,"ocean_post_layout":"","ocean_both_sidebars_style":"","ocean_both_sidebars_content_width":0,"ocean_both_sidebars_sidebars_width":0,"ocean_sidebar":"0","ocean_second_sidebar":"0","ocean_disable_margins":"enable","ocean_add_body_class":"","ocean_shortcode_before_top_bar":"","ocean_shortcode_after_top_bar":"","ocean_shortcode_before_header":"","ocean_shortcode_after_header":"","ocean_has_shortcode":"","ocean_shortcode_after_title":"","ocean_shortcode_before_footer_widgets":"","ocean_shortcode_after_footer_widgets":"","ocean_shortcode_before_footer_bottom":"","ocean_shortcode_after_footer_bottom":"","ocean_display_top_bar":"default","ocean_display_header":"default","ocean_header_style":"","ocean_center_header_left_menu":"0","ocean_custom_header_template":"0","ocean_custom_logo":0,"ocean_custom_retina_logo":0,"ocean_custom_logo_max_width":0,"ocean_custom_logo_tablet_max_width":0,"ocean_custom_logo_mobile_max_width":0,"ocean_custom_logo_max_height":0,"ocean_custom_logo_tablet_max_height":0,"ocean_custom_logo_mobile_max_height":0,"ocean_header_custom_menu":"0","ocean_menu_typo_font_family":"0","ocean_menu_typo_font_subset":"","ocean_menu_typo_font_size":0,"ocean_menu_typo_font_size_tablet":0,"ocean_menu_typo_font_size_mobile":0,"ocean_menu_typo_font_size_unit":"px","ocean_menu_typo_font_weight":"","ocean_menu_typo_font_weight_tablet":"","ocean_menu_typo_font_weight_mobile":"","ocean_menu_typo_transform":"","ocean_menu_typo_transform_tablet":"","ocean_menu_typo_transform_mobile":"","ocean_menu_typo_line_height":0,"ocean_menu_typo_line_height_tablet":0,"ocean_menu_typo_line_height_mobile":0,"ocean_menu_typo_line_height_unit":"","ocean_menu_typo_spacing":0,"ocean_menu_typo_spacing_tablet":0,"ocean_menu_typo_spacing_mobile":0,"ocean_menu_typo_spacing_unit":"","ocean_menu_link_color":"","ocean_menu_link_color_hover":"","ocean_menu_link_color_active":"","ocean_menu_link_background":"","ocean_menu_link_hover_background":"","ocean_menu_link_active_background":"","ocean_menu_social_links_bg":"","ocean_menu_social_hover_links_bg":"","ocean_menu_social_links_color":"","ocean_menu_social_hover_links_color":"","ocean_disable_title":"on","ocean_disable_heading":"default","ocean_post_title":"","ocean_post_subheading":"","ocean_post_title_style":"","ocean_post_title_background_color":"","ocean_post_title_background":0,"ocean_post_title_bg_image_position":"","ocean_post_title_bg_image_attachment":"","ocean_post_title_bg_image_repeat":"","ocean_post_title_bg_image_size":"","ocean_post_title_height":0,"ocean_post_title_bg_overlay":0.5,"ocean_post_title_bg_overlay_color":"","ocean_disable_breadcrumbs":"default","ocean_breadcrumbs_color":"","ocean_breadcrumbs_separator_color":"","ocean_breadcrumbs_links_color":"","ocean_breadcrumbs_links_hover_color":"","ocean_display_footer_widgets":"default","ocean_display_footer_bottom":"default","ocean_custom_footer_template":"0","footnotes":""},"categories":[16],"class_list":["post-29199","page","type-page","status-publish","hentry","category-oraciones-y-devocionales","entry"],"acf":[],"publishpress_future_action":{"enabled":false,"date":"2026-04-25 00:01:22","action":"change-status","newStatus":"draft","terms":[],"taxonomy":"category","extraData":[]},"publishpress_future_workflow_manual_trigger":{"enabledWorkflows":[]},"_links":{"self":[{"href":"https:\/\/elsembradorministries.com\/esne\/wp-json\/wp\/v2\/pages\/29199","targetHints":{"allow":["GET"]}}],"collection":[{"href":"https:\/\/elsembradorministries.com\/esne\/wp-json\/wp\/v2\/pages"}],"about":[{"href":"https:\/\/elsembradorministries.com\/esne\/wp-json\/wp\/v2\/types\/page"}],"author":[{"embeddable":true,"href":"https:\/\/elsembradorministries.com\/esne\/wp-json\/wp\/v2\/users\/1"}],"replies":[{"embeddable":true,"href":"https:\/\/elsembradorministries.com\/esne\/wp-json\/wp\/v2\/comments?post=29199"}],"version-history":[{"count":6,"href":"https:\/\/elsembradorministries.com\/esne\/wp-json\/wp\/v2\/pages\/29199\/revisions"}],"predecessor-version":[{"id":53120,"href":"https:\/\/elsembradorministries.com\/esne\/wp-json\/wp\/v2\/pages\/29199\/revisions\/53120"}],"up":[{"embeddable":true,"href":"https:\/\/elsembradorministries.com\/esne\/wp-json\/wp\/v2\/pages\/22334"}],"wp:attachment":[{"href":"https:\/\/elsembradorministries.com\/esne\/wp-json\/wp\/v2\/media?parent=29199"}],"wp:term":[{"taxonomy":"category","embeddable":true,"href":"https:\/\/elsembradorministries.com\/esne\/wp-json\/wp\/v2\/categories?post=29199"}],"curies":[{"name":"wp","href":"https:\/\/api.w.org\/{rel}","templated":true}]}}