{"id":38930,"date":"2021-09-09T14:20:16","date_gmt":"2021-09-09T21:20:16","guid":{"rendered":"https:\/\/elsembradorministries.com\/esne\/?page_id=38930"},"modified":"2024-11-13T13:49:42","modified_gmt":"2024-11-13T21:49:42","slug":"coronilla-a-san-miguel-arcangel","status":"publish","type":"page","link":"https:\/\/elsembradorministries.com\/esne\/oraciones-y-devocionales\/coronilla-a-san-miguel-arcangel\/","title":{"rendered":"Coronilla a San Miguel Arc\u00e1ngel"},"content":{"rendered":"\t\t<div data-elementor-type=\"wp-post\" data-elementor-id=\"38930\" class=\"elementor elementor-38930\">\n\t\t\t\t\t\t<section class=\"has_eae_slider elementor-section elementor-top-section elementor-element elementor-element-1d73cf10 elementor-section-stretched elementor-section-full_width elementor-section-height-default elementor-section-height-default\" data-eae-slider=\"44085\" data-id=\"1d73cf10\" data-element_type=\"section\" data-e-type=\"section\" data-settings=\"{&quot;stretch_section&quot;:&quot;section-stretched&quot;}\">\n\t\t\t\t\t\t<div class=\"elementor-container elementor-column-gap-no\">\n\t\t\t\t\t<div class=\"has_eae_slider elementor-column elementor-col-100 elementor-top-column elementor-element elementor-element-1218cec2\" data-eae-slider=\"96261\" data-id=\"1218cec2\" data-element_type=\"column\" data-e-type=\"column\">\n\t\t\t<div class=\"elementor-widget-wrap elementor-element-populated\">\n\t\t\t\t\t\t<div class=\"elementor-element elementor-element-6dc0b570 elementor-hidden-mobile elementor-widget elementor-widget-image\" data-id=\"6dc0b570\" data-element_type=\"widget\" data-e-type=\"widget\" data-widget_type=\"image.default\">\n\t\t\t\t<div class=\"elementor-widget-container\">\n\t\t\t\t\t\t\t\t\t\t\t\t\t\t\t<img fetchpriority=\"high\" decoding=\"async\" width=\"1920\" height=\"747\" src=\"https:\/\/elsembradorministries.com\/esne\/wp-content\/uploads\/2021\/09\/coronilla-a-san-migel-arcangel-web.jpg\" class=\"attachment-full size-full wp-image-38932\" alt=\"\" srcset=\"https:\/\/elsembradorministries.com\/esne\/wp-content\/uploads\/2021\/09\/coronilla-a-san-migel-arcangel-web.jpg 1920w, https:\/\/elsembradorministries.com\/esne\/wp-content\/uploads\/2021\/09\/coronilla-a-san-migel-arcangel-web-300x117.jpg 300w, https:\/\/elsembradorministries.com\/esne\/wp-content\/uploads\/2021\/09\/coronilla-a-san-migel-arcangel-web-1024x398.jpg 1024w, https:\/\/elsembradorministries.com\/esne\/wp-content\/uploads\/2021\/09\/coronilla-a-san-migel-arcangel-web-768x299.jpg 768w, https:\/\/elsembradorministries.com\/esne\/wp-content\/uploads\/2021\/09\/coronilla-a-san-migel-arcangel-web-1536x598.jpg 1536w\" sizes=\"(max-width: 1920px) 100vw, 1920px\" \/>\t\t\t\t\t\t\t\t\t\t\t\t\t\t\t<\/div>\n\t\t\t\t<\/div>\n\t\t\t\t<div class=\"elementor-element elementor-element-b4113e elementor-hidden-desktop elementor-hidden-tablet elementor-widget elementor-widget-image\" data-id=\"b4113e\" data-element_type=\"widget\" data-e-type=\"widget\" data-widget_type=\"image.default\">\n\t\t\t\t<div class=\"elementor-widget-container\">\n\t\t\t\t\t\t\t\t\t\t\t\t\t\t\t<img decoding=\"async\" width=\"800\" height=\"802\" src=\"https:\/\/elsembradorministries.com\/esne\/wp-content\/uploads\/2021\/09\/coronilla-a-san-migel-arcangel-mobile.jpg\" class=\"attachment-full size-full wp-image-38933\" alt=\"\" srcset=\"https:\/\/elsembradorministries.com\/esne\/wp-content\/uploads\/2021\/09\/coronilla-a-san-migel-arcangel-mobile.jpg 800w, https:\/\/elsembradorministries.com\/esne\/wp-content\/uploads\/2021\/09\/coronilla-a-san-migel-arcangel-mobile-300x300.jpg 300w, https:\/\/elsembradorministries.com\/esne\/wp-content\/uploads\/2021\/09\/coronilla-a-san-migel-arcangel-mobile-150x150.jpg 150w, https:\/\/elsembradorministries.com\/esne\/wp-content\/uploads\/2021\/09\/coronilla-a-san-migel-arcangel-mobile-768x770.jpg 768w\" sizes=\"(max-width: 800px) 100vw, 800px\" \/>\t\t\t\t\t\t\t\t\t\t\t\t\t\t\t<\/div>\n\t\t\t\t<\/div>\n\t\t\t\t\t<\/div>\n\t\t<\/div>\n\t\t\t\t\t<\/div>\n\t\t<\/section>\n\t\t\t\t<section class=\"has_eae_slider elementor-section elementor-top-section elementor-element elementor-element-0528e3e elementor-section-boxed elementor-section-height-default elementor-section-height-default\" data-eae-slider=\"74700\" data-id=\"0528e3e\" data-element_type=\"section\" data-e-type=\"section\">\n\t\t\t\t\t\t<div class=\"elementor-container elementor-column-gap-default\">\n\t\t\t\t\t<div class=\"has_eae_slider elementor-column elementor-col-100 elementor-top-column elementor-element elementor-element-074f923\" data-eae-slider=\"49672\" data-id=\"074f923\" data-element_type=\"column\" data-e-type=\"column\">\n\t\t\t<div class=\"elementor-widget-wrap elementor-element-populated\">\n\t\t\t\t\t\t<div class=\"elementor-element elementor-element-c5a7c12 elementor-widget elementor-widget-text-editor\" data-id=\"c5a7c12\" data-element_type=\"widget\" data-e-type=\"widget\" data-widget_type=\"text-editor.default\">\n\t\t\t\t<div class=\"elementor-widget-container\">\n\t\t\t\t\t\t\t\t\t<p style=\"text-align: center;\"><strong><em>Se comienza la Corona rezando la siguiente invocaci\u00f3n:<\/em><\/strong><\/p>\t\t\t\t\t\t\t\t<\/div>\n\t\t\t\t<\/div>\n\t\t\t\t<div class=\"elementor-element elementor-element-698234d elementor-widget elementor-widget-text-editor\" data-id=\"698234d\" data-element_type=\"widget\" data-e-type=\"widget\" data-widget_type=\"text-editor.default\">\n\t\t\t\t<div class=\"elementor-widget-container\">\n\t\t\t\t\t\t\t\t\t<p style=\"text-align: center;\">En el Nombre del Padre, del Hijo y del Esp\u00edritu Santo.<br \/>Dios m\u00edo, ven en mi auxilio. Se\u00f1or, date prisa en socorrerme.<br \/>Gloria al Padre, al Hijo y al Esp\u00edritu Santo. Am\u00e9n.<br \/><strong><em><span style=\"font-size: .7em;\">(Hacer Petici\u00f3n o Agradecimiento).<\/span><\/em><\/strong><\/p>\t\t\t\t\t\t\t\t<\/div>\n\t\t\t\t<\/div>\n\t\t\t\t<div class=\"elementor-element elementor-element-337af49 elementor-widget elementor-widget-text-editor\" data-id=\"337af49\" data-element_type=\"widget\" data-e-type=\"widget\" data-widget_type=\"text-editor.default\">\n\t\t\t\t<div class=\"elementor-widget-container\">\n\t\t\t\t\t\t\t\t\t<p style=\"text-align: justify;\"><strong style=\"font-size: 1.2em; color: red;\">I.<\/strong> Por la intercesi\u00f3n de <strong>San Miguel y el Coro Celestial de los Serafines<\/strong>, que Dios Nuestro Se\u00f1or prepare nuestras almas y as\u00ed recibir dignamente en nuestros corazones, el fuego de la Caridad Perfecta. Am\u00e9n.<br \/><strong>1 Padre Nuestro<\/strong><br \/><strong>3 Avemar\u00edas<\/strong><\/p>\n<p style=\"text-align: justify;\"><strong style=\"font-size: 1.2em; color: red;\">II.<\/strong> Por la intercesi\u00f3n de <strong>San Miguel y el Coro Celestial de los Querubines<\/strong>, que Dios Nuestro Se\u00f1or nos conceda la gracia de abandonar los caminos del pecado, y seguir el camino de la Perfecci\u00f3n Cristiana. Am\u00e9n.<br \/><strong>1 Padre Nuestro<\/strong><br \/><strong>3 Avemar\u00edas<\/strong><\/p>\n<p style=\"text-align: justify;\"><strong style=\"font-size: 1.2em; color: red;\">III.<\/strong> Por la intercesi\u00f3n de <strong>San Miguel y el Coro Celestial de los Tronos<\/strong>, que Dios Nuestro Se\u00f1or derrame en nuestros corazones, el verdadero y sincero esp\u00edritu de humildad. Am\u00e9n.<br \/><strong>1 Padre Nuestro<\/strong><br \/><strong>3 Avemar\u00edas<\/strong><\/p>\n<p style=\"text-align: justify;\"><strong style=\"font-size: 1.2em; color: red;\">IV.<\/strong> Por la intercesi\u00f3n de <strong>San Miguel y el Coro Celestial de Dominaciones<\/strong>, que Dios Nuestro Se\u00f1or nos conceda la gracia de controlar nuestros sentidos y as\u00ed dominar nuestras pasiones. Am\u00e9n.<br \/><strong>1 Padre Nuestro<\/strong><br \/><strong>3 Avemar\u00edas<\/strong><\/p>\n<p style=\"text-align: justify;\"><strong style=\"font-size: 1.2em; color: red;\">V.<\/strong> Por la intercesi\u00f3n de <strong>San Miguel y el Coro Celestial de Potestades<\/strong>, que Dios Nuestro Se\u00f1or proteja nuestras almas contra las asechanzas del demonio. Am\u00e9n.<br \/><strong>1 Padre Nuestro<\/strong><br \/><strong>3 Avemar\u00edas<\/strong><\/p>\n<p style=\"text-align: justify;\"><strong style=\"font-size: 1.2em; color: red;\">VI.<\/strong> Por la intercesi\u00f3n de <strong>San Miguel y el Coro Celestial de las Virtudes<\/strong>, que Dios Nuestro Se\u00f1or nos conserve de todo mal y no nos deje caer en la tentaci\u00f3n. Am\u00e9n.<br \/><strong>1 Padre Nuestro<\/strong><br \/><strong>3 Avemar\u00edas<\/strong><\/p>\n<p style=\"text-align: justify;\"><strong style=\"font-size: 1.2em; color: red;\">VII.<\/strong> Por la intercesi\u00f3n de <strong>San Miguel y el Coro Celestial de los Principados<\/strong>, que Dios Nuestro Se\u00f1or se digne llenar nuestras almas con el verdadero esp\u00edritu de obediencia. Am\u00e9n.<br \/><strong>1 Padre Nuestro<\/strong><br \/><strong>3 Avemar\u00edas<\/strong><\/p>\n<p style=\"text-align: justify;\"><strong style=\"font-size: 1.2em; color: red;\">VIII.<\/strong> Por la intercesi\u00f3n de <strong>San Miguel y el Coro Celestial de Los Arc\u00e1ngeles<\/strong>, que Dios Nuestro Se\u00f1or nos conceda la gracia de la perseverancia final en la Fe, y en las buenas obras, y as\u00ed nos lleve a la Gloria del Para\u00edso. Am\u00e9n.<br \/><strong>1 Padre Nuestro<\/strong><br \/><strong>3 Avemar\u00edas<\/strong><\/p>\n<p style=\"text-align: justify;\"><strong style=\"font-size: 1.2em; color: red;\">IX.<\/strong> Por la intercesi\u00f3n de <strong>San Miguel y el Coro Celestial de los \u00c1ngeles<\/strong>, que Dios Nuestro Se\u00f1or nos conceda la gracia de ser protegidos por ellos durante esta vida mortal, y nos gu\u00eden a la Gloria Eterna. Am\u00e9n.<br \/><strong>1 Padre Nuestro<\/strong><br \/><strong>3 Avemar\u00edas<\/strong><\/p>\t\t\t\t\t\t\t\t<\/div>\n\t\t\t\t<\/div>\n\t\t\t\t<div class=\"elementor-element elementor-element-d7653d3 elementor-widget elementor-widget-text-editor\" data-id=\"d7653d3\" data-element_type=\"widget\" data-e-type=\"widget\" data-widget_type=\"text-editor.default\">\n\t\t\t\t<div class=\"elementor-widget-container\">\n\t\t\t\t\t\t\t\t\t<h2 style=\"text-align: justify;\">Conclusi\u00f3n<\/h2>\n<p style=\"text-align: justify;\">En honor a San Miguel. (1 Padre Nuestro)<br \/>En honor a San Gabriel. (1Padre Nuestro)<br \/>En honor a San Rafael. (1 Padre Nuestro)<br \/>En honor a nuestro \u00e1ngel de la Guarda. (1 Padre Nuestro)<\/p>\n<p style=\"text-align: justify;\">O Glorioso Pr\u00edncipe San Miguel, Jefe Principal de la Milicia Celestial, Guardi\u00e1n fidel\u00edsimo de las almas, Vencedor eficaz de los esp\u00edritus rebeldes, fiel Servidor en el Palacio del Rey Divino,\u2026Sois nuestro admirable Gu\u00eda y Conductor.<\/p>\n<p style=\"text-align: justify;\">T\u00fa que brillas con excelente resplandor y con virtud sobrehumana, l\u00edbranos de todo mal. Con plena confianza recurrimos a ti As\u00edstenos con vuestra afable protecci\u00f3n para que seamos m\u00e1s y m\u00e1s fieles al servicio de Dios todos los d\u00edas de nuestra vida.<\/p>\n<p style=\"text-align: justify;\">V. <strong><em>Rogad por nosotros, O Glorioso San Miguel,<\/em> Pr\u00edncipe de la Iglesia de Jesucristo.<\/strong><br \/>R. Para que seamos dignos de alcanzar las promesas de Nuestro Se\u00f1or.<\/p>\t\t\t\t\t\t\t\t<\/div>\n\t\t\t\t<\/div>\n\t\t\t\t<div class=\"elementor-element elementor-element-f2ceb8a elementor-widget elementor-widget-text-editor\" data-id=\"f2ceb8a\" data-element_type=\"widget\" data-e-type=\"widget\" data-widget_type=\"text-editor.default\">\n\t\t\t\t<div class=\"elementor-widget-container\">\n\t\t\t\t\t\t\t\t\t<p>Omnipotente y Eterno Dios, te adoramos y bendecimos. En vuestra maravillosa bondad, y con el misericordioso deseo de salvar las almas del g\u00e9nero humano, has escogido al Glorioso Arc\u00e1ngel, San Miguel, como Pr\u00edncipe de tu Iglesia.<\/p>\n<p>Humildemente te suplicamos, Padre Celestial, que nos libr\u00e9is de nuestros enemigos. En la hora de la muerte, no permit\u00e1is que ning\u00fan esp\u00edritu maligno se nos acerque, para perjudicar nuestras almas. Oh Dios y Se\u00f1or Nuestro, guiadnos por medio de este mismo Arc\u00e1ngel. Env\u00edale que nos conduzca a la Presencia de Vuestra Excelsa y divina Majestad. Te lo pedimos por los m\u00e9ritos de Jesucristo, Nuestro Se\u00f1or. Am\u00e9n.<\/p>\t\t\t\t\t\t\t\t<\/div>\n\t\t\t\t<\/div>\n\t\t\t\t<div class=\"elementor-element elementor-element-d24a53e elementor-widget elementor-widget-text-editor\" data-id=\"d24a53e\" data-element_type=\"widget\" data-e-type=\"widget\" data-widget_type=\"text-editor.default\">\n\t\t\t\t<div class=\"elementor-widget-container\">\n\t\t\t\t\t\t\t\t\t<h2>Informaci\u00f3n adicional<\/h2>\n<p style=\"text-align: justify;\">La coronilla fue revelada en Portugal a la sierva de Dios Ant\u00f3nia de Ast\u00f3naco aproximadamente en el a\u00f1o 1750. El arc\u00e1ngel Miguel le dijo a la religiosa que deseaba ser honrado mediante la recitaci\u00f3n de nueve salutaciones a trav\u00e9s de las cuales se invoca la intercesi\u00f3n de San Miguel y del Coro Celestial correspondiente, rezando un padrenuestro y tres avemar\u00edas en cada salutaci\u00f3n.<\/p>\n<p style=\"text-align: justify;\">Esta devoci\u00f3n se propag\u00f3 a lo largo de otros pa\u00edses. El papa P\u00edo IX el 8 de agosto de 1851 concedi\u00f3 las siguientes <strong>indulgencias a quienes recen la coronilla<\/strong>:<\/p>\n<ul>\n<li>Indulgencia parcial, a los que recen esta Corona con el coraz\u00f3n contrito.<\/li>\n<li>Indulgencia parcial, cada d\u00eda que lleven consigo la Corona o besaren la medalla de los Santos \u00c1ngeles que cuelga de ella.<\/li>\n<li>Indulgencia plenaria, a aquellos que la rezaren una vez al mes, el d\u00eda que escogieren, verdaderamente contritos, confesados y comulgados, rogando por las intenciones de su Santidad.<\/li>\n<li>Indulgencia plenaria, con las mismas condiciones, en las fiestas de la Aparici\u00f3n de San Miguel Arc\u00e1ngel (8 de mayo); de su Dedicaci\u00f3n (29 de septiembre); y de los Santos \u00c1ngeles Custodios (2 de octubre).<\/li>\n<\/ul>\n<h2><br \/>Promesas y Beneficios<\/h2>\n<p>El arc\u00e1ngel Miguel prometi\u00f3 a quien rece la coronilla:<\/p>\n<ul>\n<li>Enviar un \u00e1ngel escogido de cada coro angelical para acompa\u00f1ar a los devotos a la hora de la comuni\u00f3n.<br \/>Y a quienes reciten estas nueve salutaciones todos los d\u00edas les asegura que:<\/li>\n<li>Disfrutar\u00e1n de su asistencia continua durante esta vida y tambi\u00e9n despu\u00e9s de la muerte.<\/li>\n<li>Ser\u00e1n acompa\u00f1ados de todos los \u00e1ngeles y con todos sus seres queridos, parientes y familiares ser\u00e1n librados del Purgatorio.<\/li>\n<\/ul>\t\t\t\t\t\t\t\t<\/div>\n\t\t\t\t<\/div>\n\t\t\t\t\t<\/div>\n\t\t<\/div>\n\t\t\t\t\t<\/div>\n\t\t<\/section>\n\t\t\t\t<section class=\"has_eae_slider elementor-section elementor-top-section elementor-element elementor-element-cbb3a97 elementor-section-full_width elementor-section-height-default elementor-section-height-default\" data-eae-slider=\"5478\" data-id=\"cbb3a97\" data-element_type=\"section\" data-e-type=\"section\">\n\t\t\t\t\t\t<div class=\"elementor-container elementor-column-gap-default\">\n\t\t\t\t\t<div class=\"has_eae_slider elementor-column elementor-col-100 elementor-top-column elementor-element elementor-element-6063e9a6\" data-eae-slider=\"47246\" data-id=\"6063e9a6\" data-element_type=\"column\" data-e-type=\"column\">\n\t\t\t<div class=\"elementor-widget-wrap elementor-element-populated\">\n\t\t\t\t\t\t<div class=\"elementor-element elementor-element-1e96ff6a elementor-widget elementor-widget-image\" data-id=\"1e96ff6a\" data-element_type=\"widget\" data-e-type=\"widget\" data-widget_type=\"image.default\">\n\t\t\t\t<div class=\"elementor-widget-container\">\n\t\t\t\t\t\t\t\t\t\t\t\t\t\t\t<img decoding=\"async\" width=\"190\" height=\"160\" src=\"https:\/\/elsembradorministries.com\/esne\/wp-content\/uploads\/2019\/06\/rosario-bottom-1.png\" class=\"attachment-full size-full wp-image-21967\" alt=\"\" \/>\t\t\t\t\t\t\t\t\t\t\t\t\t\t\t<\/div>\n\t\t\t\t<\/div>\n\t\t\t\t\t<\/div>\n\t\t<\/div>\n\t\t\t\t\t<\/div>\n\t\t<\/section>\n\t\t\t\t<\/div>\n\t\t","protected":false},"excerpt":{"rendered":"<p>Se comienza la Corona rezando la siguiente invocaci\u00f3n: En el Nombre del Padre, del Hijo y del Esp\u00edritu Santo.Dios m\u00edo, ven en mi auxilio. Se\u00f1or, date prisa en socorrerme.Gloria al Padre, al Hijo y al Esp\u00edritu Santo. Am\u00e9n.(Hacer Petici\u00f3n o Agradecimiento). I. Por la intercesi\u00f3n de San Miguel y el Coro Celestial de los Serafines, [&hellip;]<\/p>\n","protected":false},"author":1,"featured_media":0,"parent":22334,"menu_order":0,"comment_status":"closed","ping_status":"closed","template":"elementor_canvas","meta":{"_acf_changed":false,"ocean_post_layout":"","ocean_both_sidebars_style":"","ocean_both_sidebars_content_width":0,"ocean_both_sidebars_sidebars_width":0,"ocean_sidebar":"0","ocean_second_sidebar":"0","ocean_disable_margins":"enable","ocean_add_body_class":"","ocean_shortcode_before_top_bar":"","ocean_shortcode_after_top_bar":"","ocean_shortcode_before_header":"","ocean_shortcode_after_header":"","ocean_has_shortcode":"","ocean_shortcode_after_title":"","ocean_shortcode_before_footer_widgets":"","ocean_shortcode_after_footer_widgets":"","ocean_shortcode_before_footer_bottom":"","ocean_shortcode_after_footer_bottom":"","ocean_display_top_bar":"default","ocean_display_header":"default","ocean_header_style":"","ocean_center_header_left_menu":"0","ocean_custom_header_template":"0","ocean_custom_logo":0,"ocean_custom_retina_logo":0,"ocean_custom_logo_max_width":0,"ocean_custom_logo_tablet_max_width":0,"ocean_custom_logo_mobile_max_width":0,"ocean_custom_logo_max_height":0,"ocean_custom_logo_tablet_max_height":0,"ocean_custom_logo_mobile_max_height":0,"ocean_header_custom_menu":"0","ocean_menu_typo_font_family":"0","ocean_menu_typo_font_subset":"","ocean_menu_typo_font_size":0,"ocean_menu_typo_font_size_tablet":0,"ocean_menu_typo_font_size_mobile":0,"ocean_menu_typo_font_size_unit":"px","ocean_menu_typo_font_weight":"","ocean_menu_typo_font_weight_tablet":"","ocean_menu_typo_font_weight_mobile":"","ocean_menu_typo_transform":"","ocean_menu_typo_transform_tablet":"","ocean_menu_typo_transform_mobile":"","ocean_menu_typo_line_height":0,"ocean_menu_typo_line_height_tablet":0,"ocean_menu_typo_line_height_mobile":0,"ocean_menu_typo_line_height_unit":"","ocean_menu_typo_spacing":0,"ocean_menu_typo_spacing_tablet":0,"ocean_menu_typo_spacing_mobile":0,"ocean_menu_typo_spacing_unit":"","ocean_menu_link_color":"","ocean_menu_link_color_hover":"","ocean_menu_link_color_active":"","ocean_menu_link_background":"","ocean_menu_link_hover_background":"","ocean_menu_link_active_background":"","ocean_menu_social_links_bg":"","ocean_menu_social_hover_links_bg":"","ocean_menu_social_links_color":"","ocean_menu_social_hover_links_color":"","ocean_disable_title":"on","ocean_disable_heading":"default","ocean_post_title":"","ocean_post_subheading":"","ocean_post_title_style":"","ocean_post_title_background_color":"","ocean_post_title_background":0,"ocean_post_title_bg_image_position":"","ocean_post_title_bg_image_attachment":"","ocean_post_title_bg_image_repeat":"","ocean_post_title_bg_image_size":"","ocean_post_title_height":0,"ocean_post_title_bg_overlay":0.5,"ocean_post_title_bg_overlay_color":"","ocean_disable_breadcrumbs":"default","ocean_breadcrumbs_color":"","ocean_breadcrumbs_separator_color":"","ocean_breadcrumbs_links_color":"","ocean_breadcrumbs_links_hover_color":"","ocean_display_footer_widgets":"default","ocean_display_footer_bottom":"default","ocean_custom_footer_template":"0","footnotes":""},"categories":[16],"class_list":["post-38930","page","type-page","status-publish","hentry","category-oraciones-y-devocionales","entry"],"acf":[],"publishpress_future_action":{"enabled":false,"date":"2026-04-24 01:36:59","action":"change-status","newStatus":"draft","terms":[],"taxonomy":"category","extraData":[]},"publishpress_future_workflow_manual_trigger":{"enabledWorkflows":[]},"_links":{"self":[{"href":"https:\/\/elsembradorministries.com\/esne\/wp-json\/wp\/v2\/pages\/38930","targetHints":{"allow":["GET"]}}],"collection":[{"href":"https:\/\/elsembradorministries.com\/esne\/wp-json\/wp\/v2\/pages"}],"about":[{"href":"https:\/\/elsembradorministries.com\/esne\/wp-json\/wp\/v2\/types\/page"}],"author":[{"embeddable":true,"href":"https:\/\/elsembradorministries.com\/esne\/wp-json\/wp\/v2\/users\/1"}],"replies":[{"embeddable":true,"href":"https:\/\/elsembradorministries.com\/esne\/wp-json\/wp\/v2\/comments?post=38930"}],"version-history":[{"count":6,"href":"https:\/\/elsembradorministries.com\/esne\/wp-json\/wp\/v2\/pages\/38930\/revisions"}],"predecessor-version":[{"id":53123,"href":"https:\/\/elsembradorministries.com\/esne\/wp-json\/wp\/v2\/pages\/38930\/revisions\/53123"}],"up":[{"embeddable":true,"href":"https:\/\/elsembradorministries.com\/esne\/wp-json\/wp\/v2\/pages\/22334"}],"wp:attachment":[{"href":"https:\/\/elsembradorministries.com\/esne\/wp-json\/wp\/v2\/media?parent=38930"}],"wp:term":[{"taxonomy":"category","embeddable":true,"href":"https:\/\/elsembradorministries.com\/esne\/wp-json\/wp\/v2\/categories?post=38930"}],"curies":[{"name":"wp","href":"https:\/\/api.w.org\/{rel}","templated":true}]}}