{"id":50734,"date":"2024-03-22T14:09:43","date_gmt":"2024-03-22T21:09:43","guid":{"rendered":"https:\/\/elsembradorministries.com\/esne\/?page_id=50734"},"modified":"2025-07-12T10:47:54","modified_gmt":"2025-07-12T17:47:54","slug":"casas-productoras","status":"publish","type":"page","link":"https:\/\/elsembradorministries.com\/esne\/40-aniversario\/casas-productoras\/","title":{"rendered":"Casas productoras"},"content":{"rendered":"\t\t<div data-elementor-type=\"wp-page\" data-elementor-id=\"50734\" class=\"elementor elementor-50734\">\n\t\t\t\t\t\t<section class=\"has_eae_slider elementor-section elementor-top-section elementor-element elementor-element-973e467 elementor-section-full_width elementor-section-height-default elementor-section-height-default\" data-eae-slider=\"69646\" data-id=\"973e467\" data-element_type=\"section\" data-e-type=\"section\">\n\t\t\t\t\t\t<div class=\"elementor-container elementor-column-gap-no\">\n\t\t\t\t\t<div class=\"has_eae_slider elementor-column elementor-col-100 elementor-top-column elementor-element elementor-element-9af8ac1\" data-eae-slider=\"35210\" data-id=\"9af8ac1\" data-element_type=\"column\" data-e-type=\"column\">\n\t\t\t<div class=\"elementor-widget-wrap elementor-element-populated\">\n\t\t\t\t\t\t<div class=\"elementor-element elementor-element-c1c1e79 elementor-hidden-mobile elementor-widget elementor-widget-image\" data-id=\"c1c1e79\" data-element_type=\"widget\" data-e-type=\"widget\" data-widget_type=\"image.default\">\n\t\t\t\t<div class=\"elementor-widget-container\">\n\t\t\t\t\t\t\t\t\t\t\t\t\t\t\t<img fetchpriority=\"high\" decoding=\"async\" width=\"1920\" height=\"500\" src=\"https:\/\/elsembradorministries.com\/esne\/wp-content\/uploads\/2024\/04\/9-casas-productoras.jpg\" class=\"attachment-full size-full wp-image-51028\" alt=\"\" srcset=\"https:\/\/elsembradorministries.com\/esne\/wp-content\/uploads\/2024\/04\/9-casas-productoras.jpg 1920w, https:\/\/elsembradorministries.com\/esne\/wp-content\/uploads\/2024\/04\/9-casas-productoras-300x78.jpg 300w, https:\/\/elsembradorministries.com\/esne\/wp-content\/uploads\/2024\/04\/9-casas-productoras-1024x267.jpg 1024w, https:\/\/elsembradorministries.com\/esne\/wp-content\/uploads\/2024\/04\/9-casas-productoras-768x200.jpg 768w, https:\/\/elsembradorministries.com\/esne\/wp-content\/uploads\/2024\/04\/9-casas-productoras-1536x400.jpg 1536w\" sizes=\"(max-width: 1920px) 100vw, 1920px\" \/>\t\t\t\t\t\t\t\t\t\t\t\t\t\t\t<\/div>\n\t\t\t\t<\/div>\n\t\t\t\t<div class=\"elementor-element elementor-element-819c97b elementor-hidden-desktop elementor-hidden-tablet elementor-widget elementor-widget-image\" data-id=\"819c97b\" data-element_type=\"widget\" data-e-type=\"widget\" data-widget_type=\"image.default\">\n\t\t\t\t<div class=\"elementor-widget-container\">\n\t\t\t\t\t\t\t\t\t\t\t\t\t\t\t<img decoding=\"async\" width=\"700\" height=\"788\" src=\"https:\/\/elsembradorministries.com\/esne\/wp-content\/uploads\/2024\/04\/9-casas-productoras-a.jpg\" class=\"attachment-full size-full wp-image-51029\" alt=\"\" srcset=\"https:\/\/elsembradorministries.com\/esne\/wp-content\/uploads\/2024\/04\/9-casas-productoras-a.jpg 700w, https:\/\/elsembradorministries.com\/esne\/wp-content\/uploads\/2024\/04\/9-casas-productoras-a-266x300.jpg 266w\" sizes=\"(max-width: 700px) 100vw, 700px\" \/>\t\t\t\t\t\t\t\t\t\t\t\t\t\t\t<\/div>\n\t\t\t\t<\/div>\n\t\t\t\t\t<\/div>\n\t\t<\/div>\n\t\t\t\t\t<\/div>\n\t\t<\/section>\n\t\t\t\t<section class=\"has_eae_slider elementor-section elementor-top-section elementor-element elementor-element-5ff344d elementor-section-boxed elementor-section-height-default elementor-section-height-default\" data-eae-slider=\"53662\" data-id=\"5ff344d\" data-element_type=\"section\" data-e-type=\"section\">\n\t\t\t\t\t\t<div class=\"elementor-container elementor-column-gap-default\">\n\t\t\t\t\t<div class=\"has_eae_slider elementor-column elementor-col-100 elementor-top-column elementor-element elementor-element-8f28346\" data-eae-slider=\"62975\" data-id=\"8f28346\" data-element_type=\"column\" data-e-type=\"column\">\n\t\t\t<div class=\"elementor-widget-wrap elementor-element-populated\">\n\t\t\t\t\t\t<div class=\"elementor-element elementor-element-6a6f3f7 elementor-widget elementor-widget-spacer\" data-id=\"6a6f3f7\" data-element_type=\"widget\" data-e-type=\"widget\" data-widget_type=\"spacer.default\">\n\t\t\t\t<div class=\"elementor-widget-container\">\n\t\t\t\t\t\t\t<div class=\"elementor-spacer\">\n\t\t\t<div class=\"elementor-spacer-inner\"><\/div>\n\t\t<\/div>\n\t\t\t\t\t\t<\/div>\n\t\t\t\t<\/div>\n\t\t\t\t<div class=\"elementor-element elementor-element-286da39 elementor-widget elementor-widget-heading\" data-id=\"286da39\" data-element_type=\"widget\" data-e-type=\"widget\" data-widget_type=\"heading.default\">\n\t\t\t\t<div class=\"elementor-widget-container\">\n\t\t\t\t\t<h2 class=\"elementor-heading-title elementor-size-default\">NUESTRAS CASAS PRODUCTORAS<\/h2>\t\t\t\t<\/div>\n\t\t\t\t<\/div>\n\t\t\t\t<div class=\"elementor-element elementor-element-daff4d3 elementor-widget elementor-widget-spacer\" data-id=\"daff4d3\" data-element_type=\"widget\" data-e-type=\"widget\" data-widget_type=\"spacer.default\">\n\t\t\t\t<div class=\"elementor-widget-container\">\n\t\t\t\t\t\t\t<div class=\"elementor-spacer\">\n\t\t\t<div class=\"elementor-spacer-inner\"><\/div>\n\t\t<\/div>\n\t\t\t\t\t\t<\/div>\n\t\t\t\t<\/div>\n\t\t\t\t\t<\/div>\n\t\t<\/div>\n\t\t\t\t\t<\/div>\n\t\t<\/section>\n\t\t\t\t<section class=\"has_eae_slider elementor-section elementor-top-section elementor-element elementor-element-f37531a elementor-section-boxed elementor-section-height-default elementor-section-height-default\" data-eae-slider=\"49805\" data-id=\"f37531a\" data-element_type=\"section\" data-e-type=\"section\">\n\t\t\t\t\t\t<div class=\"elementor-container elementor-column-gap-default\">\n\t\t\t\t\t<div class=\"has_eae_slider elementor-column elementor-col-100 elementor-top-column elementor-element elementor-element-178f6c7\" data-eae-slider=\"63378\" data-id=\"178f6c7\" data-element_type=\"column\" data-e-type=\"column\">\n\t\t\t<div class=\"elementor-widget-wrap elementor-element-populated\">\n\t\t\t\t\t\t<div class=\"elementor-element elementor-element-7863e33 elementor-widget__width-initial elementor-widget elementor-widget-text-editor\" data-id=\"7863e33\" data-element_type=\"widget\" data-e-type=\"widget\" data-widget_type=\"text-editor.default\">\n\t\t\t\t<div class=\"elementor-widget-container\">\n\t\t\t\t\t\t\t\t\t<p style=\"text-align: justify;\"><span style=\"font-weight: 400;\">Noel se propuso llegar por medio de la radio a sus paisanos mexicanos y se da una oportunidad de abrir en Guadalajara, Jalisco con la bendici\u00f3n y bajo el liderazgo de Su Eminencia el Cardenal Jos\u00e9 Robles Ortega se dio inicio a la que hoy es la XEBBB 1040 AM.<\/span><\/p>\n<p style=\"text-align: justify;\"><span style=\"font-weight: 400;\">Nuestras instalaciones en Zapopan, Jalisco fueron consagradas el 16 de enero de 2013 por (en su momento) S.E. Mons. Jos\u00e9 Leopoldo Gonz\u00e1lez Gonz\u00e1lez, Obispo Auxiliar de Guadalajara en representaci\u00f3n del Emmo. Sr. Cardenal Jos\u00e9 Francisco Robles Ortega, Arzobispo de Guadalajara, Presidente Em\u00e9rito de la Conferencia del Episcopado Mexicano y miembro del Pontificio Consejo para las Comunicaciones Sociales; e inauguradas por S.E. Mons. Eugenio Lira Rugarc\u00eda, Obispo Auxiliar de Puebla y Secretario en ese a\u00f1o.<\/span><\/p>\n<p style=\"text-align: justify;\"><span style=\"font-weight: 400;\">General de la Conferencia del Episcopado Mexicano, y por el Sr. Noel D\u00edaz, fundador y Presidente de El Sembrador Nueva Evangelizaci\u00f3n.<\/span><\/p>\n<p style=\"text-align: justify;\"><span style=\"font-weight: 400;\">La obra y su equipamiento inicial se llev\u00f3 acabo con el decidido apoyo de Valora Conciencia en los Medios A.C.\u00a0 y de un grupo de personas que han ofrendado a este proyecto su talento, su recurso, su tiempo, su confianza y, principalmente, su amor.<\/span><\/p>\n<p style=\"text-align: justify;\"><span style=\"font-weight: 400;\">La Estaci\u00f3n del milagro &#8211; Recientemente tuvimos la enorme bendici\u00f3n de celebrar la apertura de la nueva estaci\u00f3n de Radio La Guadalupana ESNE 640 AM para la Ciudad de M\u00e9xico y sus alrededores. La hemos denominado como \u201cla estaci\u00f3n del milagro\u201d debido a la forma como la Divina Providencia quiso que se hiciera realidad este gran sue\u00f1o de Noel de traer la nueva evangelizaci\u00f3n a la capital mexicana. <\/span><\/p>\n<p>\u00a0<\/p>\n<p>\u00a0<\/p>\t\t\t\t\t\t\t\t<\/div>\n\t\t\t\t<\/div>\n\t\t\t\t\t<\/div>\n\t\t<\/div>\n\t\t\t\t\t<\/div>\n\t\t<\/section>\n\t\t\t\t<\/div>\n\t\t","protected":false},"excerpt":{"rendered":"<p>NUESTRAS CASAS PRODUCTORAS Noel se propuso llegar por medio de la radio a sus paisanos mexicanos y se da una oportunidad de abrir en Guadalajara, Jalisco con la bendici\u00f3n y bajo el liderazgo de Su Eminencia el Cardenal Jos\u00e9 Robles Ortega se dio inicio a la que hoy es la XEBBB 1040 AM. Nuestras instalaciones [&hellip;]<\/p>\n","protected":false},"author":1,"featured_media":0,"parent":50697,"menu_order":0,"comment_status":"closed","ping_status":"closed","template":"elementor_canvas","meta":{"_acf_changed":false,"ocean_post_layout":"","ocean_both_sidebars_style":"","ocean_both_sidebars_content_width":0,"ocean_both_sidebars_sidebars_width":0,"ocean_sidebar":"0","ocean_second_sidebar":"0","ocean_disable_margins":"enable","ocean_add_body_class":"","ocean_shortcode_before_top_bar":"","ocean_shortcode_after_top_bar":"","ocean_shortcode_before_header":"","ocean_shortcode_after_header":"","ocean_has_shortcode":"","ocean_shortcode_after_title":"","ocean_shortcode_before_footer_widgets":"","ocean_shortcode_after_footer_widgets":"","ocean_shortcode_before_footer_bottom":"","ocean_shortcode_after_footer_bottom":"","ocean_display_top_bar":"default","ocean_display_header":"default","ocean_header_style":"","ocean_center_header_left_menu":"0","ocean_custom_header_template":"0","ocean_custom_logo":0,"ocean_custom_retina_logo":0,"ocean_custom_logo_max_width":0,"ocean_custom_logo_tablet_max_width":0,"ocean_custom_logo_mobile_max_width":0,"ocean_custom_logo_max_height":0,"ocean_custom_logo_tablet_max_height":0,"ocean_custom_logo_mobile_max_height":0,"ocean_header_custom_menu":"0","ocean_menu_typo_font_family":"0","ocean_menu_typo_font_subset":"","ocean_menu_typo_font_size":0,"ocean_menu_typo_font_size_tablet":0,"ocean_menu_typo_font_size_mobile":0,"ocean_menu_typo_font_size_unit":"px","ocean_menu_typo_font_weight":"","ocean_menu_typo_font_weight_tablet":"","ocean_menu_typo_font_weight_mobile":"","ocean_menu_typo_transform":"","ocean_menu_typo_transform_tablet":"","ocean_menu_typo_transform_mobile":"","ocean_menu_typo_line_height":0,"ocean_menu_typo_line_height_tablet":0,"ocean_menu_typo_line_height_mobile":0,"ocean_menu_typo_line_height_unit":"","ocean_menu_typo_spacing":0,"ocean_menu_typo_spacing_tablet":0,"ocean_menu_typo_spacing_mobile":0,"ocean_menu_typo_spacing_unit":"","ocean_menu_link_color":"","ocean_menu_link_color_hover":"","ocean_menu_link_color_active":"","ocean_menu_link_background":"","ocean_menu_link_hover_background":"","ocean_menu_link_active_background":"","ocean_menu_social_links_bg":"","ocean_menu_social_hover_links_bg":"","ocean_menu_social_links_color":"","ocean_menu_social_hover_links_color":"","ocean_disable_title":"default","ocean_disable_heading":"default","ocean_post_title":"","ocean_post_subheading":"","ocean_post_title_style":"","ocean_post_title_background_color":"","ocean_post_title_background":0,"ocean_post_title_bg_image_position":"","ocean_post_title_bg_image_attachment":"","ocean_post_title_bg_image_repeat":"","ocean_post_title_bg_image_size":"","ocean_post_title_height":0,"ocean_post_title_bg_overlay":0.5,"ocean_post_title_bg_overlay_color":"","ocean_disable_breadcrumbs":"default","ocean_breadcrumbs_color":"","ocean_breadcrumbs_separator_color":"","ocean_breadcrumbs_links_color":"","ocean_breadcrumbs_links_hover_color":"","ocean_display_footer_widgets":"default","ocean_display_footer_bottom":"default","ocean_custom_footer_template":"0","footnotes":""},"categories":[],"class_list":["post-50734","page","type-page","status-publish","hentry","entry"],"acf":[],"publishpress_future_action":{"enabled":false,"date":"2026-04-26 05:58:03","action":"change-status","newStatus":"draft","terms":[],"taxonomy":"category","extraData":[]},"publishpress_future_workflow_manual_trigger":{"enabledWorkflows":[]},"_links":{"self":[{"href":"https:\/\/elsembradorministries.com\/esne\/wp-json\/wp\/v2\/pages\/50734","targetHints":{"allow":["GET"]}}],"collection":[{"href":"https:\/\/elsembradorministries.com\/esne\/wp-json\/wp\/v2\/pages"}],"about":[{"href":"https:\/\/elsembradorministries.com\/esne\/wp-json\/wp\/v2\/types\/page"}],"author":[{"embeddable":true,"href":"https:\/\/elsembradorministries.com\/esne\/wp-json\/wp\/v2\/users\/1"}],"replies":[{"embeddable":true,"href":"https:\/\/elsembradorministries.com\/esne\/wp-json\/wp\/v2\/comments?post=50734"}],"version-history":[{"count":6,"href":"https:\/\/elsembradorministries.com\/esne\/wp-json\/wp\/v2\/pages\/50734\/revisions"}],"predecessor-version":[{"id":52156,"href":"https:\/\/elsembradorministries.com\/esne\/wp-json\/wp\/v2\/pages\/50734\/revisions\/52156"}],"up":[{"embeddable":true,"href":"https:\/\/elsembradorministries.com\/esne\/wp-json\/wp\/v2\/pages\/50697"}],"wp:attachment":[{"href":"https:\/\/elsembradorministries.com\/esne\/wp-json\/wp\/v2\/media?parent=50734"}],"wp:term":[{"taxonomy":"category","embeddable":true,"href":"https:\/\/elsembradorministries.com\/esne\/wp-json\/wp\/v2\/categories?post=50734"}],"curies":[{"name":"wp","href":"https:\/\/api.w.org\/{rel}","templated":true}]}}