{"id":28,"date":"2022-03-04T00:37:54","date_gmt":"2022-03-04T00:37:54","guid":{"rendered":"https:\/\/elsembradorministries.com\/esne\/yosoyel73\/?page_id=28"},"modified":"2022-03-08T23:47:52","modified_gmt":"2022-03-08T23:47:52","slug":"soy-73","status":"publish","type":"page","link":"https:\/\/elsembradorministries.com\/esne\/yosoyel73\/soy-73\/","title":{"rendered":"Soy 73"},"content":{"rendered":"\t\t<div data-elementor-type=\"wp-page\" data-elementor-id=\"28\" class=\"elementor elementor-28\">\n\t\t\t\t\t\t<section class=\"elementor-section elementor-top-section elementor-element elementor-element-d64b82f elementor-section-stretched elementor-section-boxed elementor-section-height-default elementor-section-height-default\" data-id=\"d64b82f\" data-element_type=\"section\" data-e-type=\"section\" data-settings=\"{&quot;stretch_section&quot;:&quot;section-stretched&quot;,&quot;background_background&quot;:&quot;classic&quot;}\">\n\t\t\t\t\t\t<div class=\"elementor-container elementor-column-gap-default\">\n\t\t\t\t\t<div class=\"elementor-column elementor-col-100 elementor-top-column elementor-element elementor-element-31b9bc9\" data-id=\"31b9bc9\" data-element_type=\"column\" data-e-type=\"column\">\n\t\t\t<div class=\"elementor-widget-wrap elementor-element-populated\">\n\t\t\t\t\t\t<section class=\"elementor-section elementor-inner-section elementor-element elementor-element-935f96e elementor-section-boxed elementor-section-height-default elementor-section-height-default\" data-id=\"935f96e\" data-element_type=\"section\" data-e-type=\"section\">\n\t\t\t\t\t\t<div class=\"elementor-container elementor-column-gap-no\">\n\t\t\t\t\t<div class=\"elementor-column elementor-col-100 elementor-inner-column elementor-element elementor-element-ba8df03\" data-id=\"ba8df03\" data-element_type=\"column\" data-e-type=\"column\">\n\t\t\t<div class=\"elementor-widget-wrap elementor-element-populated\">\n\t\t\t\t\t\t<div class=\"elementor-element elementor-element-d1179bf elementor-widget elementor-widget-image\" data-id=\"d1179bf\" data-element_type=\"widget\" data-e-type=\"widget\" data-widget_type=\"image.default\">\n\t\t\t\t<div class=\"elementor-widget-container\">\n\t\t\t\t\t\t\t\t\t\t\t\t\t\t\t<img fetchpriority=\"high\" decoding=\"async\" width=\"800\" height=\"322\" src=\"https:\/\/elsembradorministries.com\/esne\/yosoyel73\/wp-content\/uploads\/sites\/22\/2022\/03\/soy-73-logo-2.png\" class=\"attachment-full size-full wp-image-87\" alt=\"\" srcset=\"https:\/\/elsembradorministries.com\/esne\/yosoyel73\/wp-content\/uploads\/sites\/22\/2022\/03\/soy-73-logo-2.png 800w, https:\/\/elsembradorministries.com\/esne\/yosoyel73\/wp-content\/uploads\/sites\/22\/2022\/03\/soy-73-logo-2-300x121.png 300w, https:\/\/elsembradorministries.com\/esne\/yosoyel73\/wp-content\/uploads\/sites\/22\/2022\/03\/soy-73-logo-2-768x309.png 768w\" sizes=\"(max-width: 800px) 100vw, 800px\" \/>\t\t\t\t\t\t\t\t\t\t\t\t\t\t\t<\/div>\n\t\t\t\t<\/div>\n\t\t\t\t<div class=\"elementor-element elementor-element-b7f7c1b elementor-widget elementor-widget-spacer\" data-id=\"b7f7c1b\" data-element_type=\"widget\" data-e-type=\"widget\" data-widget_type=\"spacer.default\">\n\t\t\t\t<div class=\"elementor-widget-container\">\n\t\t\t\t\t\t\t<div class=\"elementor-spacer\">\n\t\t\t<div class=\"elementor-spacer-inner\"><\/div>\n\t\t<\/div>\n\t\t\t\t\t\t<\/div>\n\t\t\t\t<\/div>\n\t\t\t\t<div class=\"elementor-element elementor-element-c1dd5d4 elementor-widget elementor-widget-text-editor\" data-id=\"c1dd5d4\" data-element_type=\"widget\" data-e-type=\"widget\" data-widget_type=\"text-editor.default\">\n\t\t\t\t<div class=\"elementor-widget-container\">\n\t\t\t\t\t\t\t\t\t<p style=\"text-align: center;\">PREPARACI\u00d3N PARA LA<\/p>\t\t\t\t\t\t\t\t<\/div>\n\t\t\t\t<\/div>\n\t\t\t\t<div class=\"elementor-element elementor-element-a62c460 elementor-widget elementor-widget-text-editor\" data-id=\"a62c460\" data-element_type=\"widget\" data-e-type=\"widget\" data-widget_type=\"text-editor.default\">\n\t\t\t\t<div class=\"elementor-widget-container\">\n\t\t\t\t\t\t\t\t\t<p style=\"text-align: center;\"><strong>CONSAGRACI\u00d3N A JESUCRISTO<\/strong><\/p>\t\t\t\t\t\t\t\t<\/div>\n\t\t\t\t<\/div>\n\t\t\t\t<div class=\"elementor-element elementor-element-860860f elementor-widget elementor-widget-text-editor\" data-id=\"860860f\" data-element_type=\"widget\" data-e-type=\"widget\" data-widget_type=\"text-editor.default\">\n\t\t\t\t<div class=\"elementor-widget-container\">\n\t\t\t\t\t\t\t\t\t<p style=\"text-align: center;\">YO SOY EL 73<\/p>\t\t\t\t\t\t\t\t<\/div>\n\t\t\t\t<\/div>\n\t\t\t\t\t<\/div>\n\t\t<\/div>\n\t\t\t\t\t<\/div>\n\t\t<\/section>\n\t\t\t\t<div class=\"elementor-element elementor-element-5bd50f5 elementor-widget elementor-widget-spacer\" data-id=\"5bd50f5\" data-element_type=\"widget\" data-e-type=\"widget\" data-widget_type=\"spacer.default\">\n\t\t\t\t<div class=\"elementor-widget-container\">\n\t\t\t\t\t\t\t<div class=\"elementor-spacer\">\n\t\t\t<div class=\"elementor-spacer-inner\"><\/div>\n\t\t<\/div>\n\t\t\t\t\t\t<\/div>\n\t\t\t\t<\/div>\n\t\t\t\t\t<\/div>\n\t\t<\/div>\n\t\t\t\t\t<\/div>\n\t\t<\/section>\n\t\t\t\t<section class=\"elementor-section elementor-top-section elementor-element elementor-element-6da9f55 elementor-section-boxed elementor-section-height-default elementor-section-height-default\" data-id=\"6da9f55\" data-element_type=\"section\" data-e-type=\"section\">\n\t\t\t\t\t\t<div class=\"elementor-container elementor-column-gap-default\">\n\t\t\t\t\t<div class=\"elementor-column elementor-col-100 elementor-top-column elementor-element elementor-element-fa44902\" data-id=\"fa44902\" data-element_type=\"column\" data-e-type=\"column\">\n\t\t\t<div class=\"elementor-widget-wrap elementor-element-populated\">\n\t\t\t\t\t\t<div class=\"elementor-element elementor-element-f9a6e9c elementor-widget elementor-widget-text-editor\" data-id=\"f9a6e9c\" data-element_type=\"widget\" data-e-type=\"widget\" data-widget_type=\"text-editor.default\">\n\t\t\t\t<div class=\"elementor-widget-container\">\n\t\t\t\t\t\t\t\t\t<p style=\"text-align: center;\"><span style=\"font-size: 18pt;\">LA ALEGR\u00cdA DE SER DISC\u00cdPULOS MISIONEROS PARA ANUNCIAR EL EVANGELIO DE JESUCRISTO<\/span><\/p>\t\t\t\t\t\t\t\t<\/div>\n\t\t\t\t<\/div>\n\t\t\t\t<div class=\"elementor-element elementor-element-feaeb2e elementor-widget elementor-widget-text-editor\" data-id=\"feaeb2e\" data-element_type=\"widget\" data-e-type=\"widget\" data-widget_type=\"text-editor.default\">\n\t\t\t\t<div class=\"elementor-widget-container\">\n\t\t\t\t\t\t\t\t\t<p style=\"text-align: justify;\">En este momento, con incertidumbres en el coraz\u00f3n, nos preguntamos con Santo Tom\u00e1s: &#8220;\u00bfC\u00f3mo vamos a saber el camino?&#8221; (Juan 14:5). Jes\u00fas nos responde con una propuesta provocadora: &#8220;Yo soy el Camino, la Verdad y la Vida&#8221; (Jn 14,6). \u00c9l es el verdadero camino hacia el Padre, que tanto am\u00f3 al mundo que entreg\u00f3 a su Hijo \u00fanico, para que todo el que crea en \u00e9l tenga la vida eterna (cf. Jn 3, 16). Esta es la vida eterna: &#8220;Que te conozcan a ti, el \u00fanico Dios verdadero, ya Jesucristo, a quien t\u00fa enviaste&#8221; (Jn 17, 3). La fe en Jes\u00fas como Hijo del Padre es la puerta de entrada a la Vida. Los disc\u00edpulos de Jes\u00fas confesamos nuestra fe con las palabras de Pedro: &#8220;Tus palabras dan Vida eterna&#8221; (Jn 6, 68); &#8220;T\u00fa eres el Mes\u00edas, el Hijo de Dios vivo&#8221; (Mt 16,16).<\/p><p style=\"text-align: justify;\">Los disc\u00edpulos de Jes\u00fas reconocen que \u00c9l es el primer y m\u00e1s grande evangelizador enviado por Dios (cf. Lc 4,44) y, al mismo tiempo, Evangelio de Dios (cf. Rm 1,3). Creemos y anunciamos &#8220;la buena nueva de Jes\u00fas, Mes\u00edas, Hijo de Dios&#8221; (Mc 1,1). Como hijos obedientes a la voz del Padre, queremos escuchar a Jes\u00fas (cf. Lc 9,35) porque \u00c9l es el \u00fanico Maestro (cf. Mt 23,8).<\/p><p style=\"text-align: justify;\">Este es nuestro principio fundamental que nos mueve a consagrar nuestra vida enteramente a Nuestro Se\u00f1or y Salvador Jesucristo. Deseamos conocerlo m\u00e1s en los evangelios, queremos amarlo m\u00e1s, queremos servirlo a \u00c9l y a Su Iglesia. Si le conocemos nos enamoramos, si nos enamoramos le amamos y si le amamos, le servimos y no lo abandonamos.<\/p><p style=\"text-align: justify;\"><strong>EL PROCESO DE FORMACI\u00d3N Y CONSAGRACI\u00d3N<\/strong><br \/>La vocaci\u00f3n y el compromiso de ser disc\u00edpulos y misioneros de Jesucristo exigen hoy una opci\u00f3n clara y decidida por la formaci\u00f3n de los miembros de nuestras comunidades, por el bien de todos los bautizados, cualquiera que sea la funci\u00f3n que desempe\u00f1en en la Iglesia. Miramos a Jes\u00fas, el Maestro que form\u00f3 personalmente a sus ap\u00f3stoles y disc\u00edpulos. Cristo nos da el m\u00e9todo: &#8220;Venid y ver\u00e9is&#8221; (Jn 1,39), &#8220;Yo soy el Camino, la Verdad y la Vida&#8221; (Jn 14,6). Con \u00c9l podemos desarrollar las potencialidades que hay en las personas y formar disc\u00edpulos misioneros.<\/p><p style=\"text-align: justify;\">El itinerario formativo del seguidor de Jes\u00fas est\u00e1 enraizado en el dinamismo de la persona y en la invitaci\u00f3n personal de Jesucristo, que llama a los suyos por su nombre, y le siguen porque conocen su voz. El Se\u00f1or despert\u00f3 las profundas aspiraciones de sus disc\u00edpulos y los atrajo hacia s\u00ed llenos de asombro. El seguimiento es fruto de una fascinaci\u00f3n que responde al deseo de realizaci\u00f3n humana, al deseo de una vida plena. El disc\u00edpulo es alguien apasionado por Cristo, a quien reconoce como el maestro que lo gu\u00eda y lo acompa\u00f1a.<\/p><p style=\"text-align: justify;\">Estamos siguiendo el modelo de otras consagraciones, como la Consagraci\u00f3n Total a Jes\u00fas por Mar\u00eda de San Luis Mar\u00eda de Montfort que incluye una preparaci\u00f3n de 33 d\u00edas para que podamos comprender plenamente lo que implica esta consagraci\u00f3n a Jesucristo.<\/p><p style=\"text-align: justify;\">La preparaci\u00f3n consiste en una reuni\u00f3n de orientaci\u00f3n por zoom (introducci\u00f3n), una reuni\u00f3n por zoom semanal (una vez por semana durante 5 semanas) y lecturas diarias, meditaci\u00f3n, rezo del rosario, ayuno (todos los mi\u00e9rcoles) y vida sacramental, particularmente la Eucarist\u00eda y la Reconciliaci\u00f3n tan a menudo como sea posible.<\/p><p style=\"text-align: justify;\">Nuestra Madre Iglesia nos ense\u00f1a en el Catecismo que:<br \/>Los sacramentos son &#8220;de la Iglesia&#8221; en el doble sentido de que existen &#8220;por ella&#8221; y &#8220;para ella&#8221;. Existen &#8220;para la Iglesia&#8221; porque ella es el sacramento de la acci\u00f3n de Cristo que act\u00faa en ella gracias a la misi\u00f3n del Esp\u00edritu Santo. Y existen &#8220;para la Iglesia&#8221;, porque son &#8220;sacramentos [&#8230;] que constituyen la Iglesia&#8221;, ya que manifiestan y comunican a los hombres, especialmente en la Eucarist\u00eda, el misterio de la Comuni\u00f3n de Dios Amor, uno en tres personas. (Santo Tom\u00e1s de Aquino) Catecismo 1118<\/p><p style=\"text-align: justify;\"><strong>FIELES AL SANTO PADRE Y A LA IGLESIA<\/strong><br \/>Uno de los principales objetivos de la consagraci\u00f3n a Jesucristo <strong>\u201cYo soy 73\u201d<\/strong> no es solo acercar a las personas a nuestro Se\u00f1or, sino tambi\u00e9n llevarlas a una COMUNI\u00d3N plena con la Madre Iglesia y con el Santo Padre, a comprender el tesoro que poseemos en nuestra fe cat\u00f3lica.<\/p><p style=\"text-align: justify;\">No pretendemos iniciar un \u201cnuevo movimiento\u201d en la Iglesia, nuestro objetivo principal es que cada cat\u00f3lico bautizado pueda cumplir el prop\u00f3sito para el cual Dios nos ha creado. Esta plenitud de vida y prop\u00f3sito se hace m\u00e1s clara una vez que vivimos un Encuentro con Jes\u00fas porque \u00c9l nos revela claramente cu\u00e1les son sus planes para cada uno de nosotros a trav\u00e9s de su Esp\u00edritu Santo.<\/p><p style=\"text-align: justify;\">El Papa Francisco dijo: \u201cEl discipulado es la verdadera identidad del cristiano, y ser\u00e1 el discipulado lo que te dar\u00e1 la libertad. El disc\u00edpulo es un hombre libre porque permanece en el Se\u00f1or. Y permanecer en el Se\u00f1or, \u00bfqu\u00e9 significa? Dejarse guiar por el Esp\u00edritu Santo.\u201d<\/p><p style=\"text-align: justify;\">Una vez consagrado, cada disc\u00edpulo 73 compromete su vida a continuar la misi\u00f3n de llegar a m\u00e1s almas y llevarlas a un Encuentro con Jes\u00fas, virtualmente (Zoom) en la primera fase de implementaci\u00f3n de \u201cYo soy el 73\u201d y posteriormente en las parroquias cuando est\u00e9 todo dispuesto.<\/p><p style=\"text-align: justify;\"><strong>UN ESTILO DE VIDA<\/strong><br \/>Como consagrados, los disc\u00edpulos y misioneros \u201cSoy 73\u201d entienden que ahora son parte de un estilo de vida conforme al coraz\u00f3n de Jes\u00fas y se convierten en testimonios vivos de Su misericordia y servicio a los dem\u00e1s con su Talento \u2013 Tiempo y Tesoro.<\/p><p style=\"text-align: justify;\">Se han convertido ahora en embajadores de Jesucristo que extienden Su Reino invitando a m\u00e1s almas a ser parte del tremendo gozo de seguir y servir a Jes\u00fas aqu\u00ed en la tierra y un d\u00eda en Su presencia, eternamente en el Cielo.<\/p><p style=\"text-align: justify;\"><strong>Como dijo el Gran San Juan Pablo II:<\/strong><br \/><em>\u201cLa aventura de la santidad comienza con un S\u00cd a Dios\u201d.<\/em><\/p>\t\t\t\t\t\t\t\t<\/div>\n\t\t\t\t<\/div>\n\t\t\t\t\t<\/div>\n\t\t<\/div>\n\t\t\t\t\t<\/div>\n\t\t<\/section>\n\t\t\t\t<\/div>\n\t\t","protected":false},"excerpt":{"rendered":"<p>PREPARACI\u00d3N PARA LA CONSAGRACI\u00d3N A JESUCRISTO YO SOY EL 73 LA ALEGR\u00cdA DE SER DISC\u00cdPULOS MISIONEROS PARA ANUNCIAR EL EVANGELIO DE JESUCRISTO En este momento, con incertidumbres en el coraz\u00f3n, nos preguntamos con Santo Tom\u00e1s: &#8220;\u00bfC\u00f3mo vamos a saber el camino?&#8221; (Juan 14:5). Jes\u00fas nos responde con una propuesta provocadora: &#8220;Yo soy el Camino, la [&hellip;]<\/p>\n","protected":false},"author":1,"featured_media":0,"parent":0,"menu_order":0,"comment_status":"closed","ping_status":"closed","template":"elementor_header_footer","meta":{"ocean_post_layout":"","ocean_both_sidebars_style":"","ocean_both_sidebars_content_width":0,"ocean_both_sidebars_sidebars_width":0,"ocean_sidebar":"0","ocean_second_sidebar":"0","ocean_disable_margins":"enable","ocean_add_body_class":"","ocean_shortcode_before_top_bar":"","ocean_shortcode_after_top_bar":"","ocean_shortcode_before_header":"","ocean_shortcode_after_header":"","ocean_has_shortcode":"","ocean_shortcode_after_title":"","ocean_shortcode_before_footer_widgets":"","ocean_shortcode_after_footer_widgets":"","ocean_shortcode_before_footer_bottom":"","ocean_shortcode_after_footer_bottom":"","ocean_display_top_bar":"default","ocean_display_header":"default","ocean_header_style":"","ocean_center_header_left_menu":"0","ocean_custom_header_template":"0","ocean_custom_logo":0,"ocean_custom_retina_logo":0,"ocean_custom_logo_max_width":0,"ocean_custom_logo_tablet_max_width":0,"ocean_custom_logo_mobile_max_width":0,"ocean_custom_logo_max_height":0,"ocean_custom_logo_tablet_max_height":0,"ocean_custom_logo_mobile_max_height":0,"ocean_header_custom_menu":"0","ocean_menu_typo_font_family":"0","ocean_menu_typo_font_subset":"","ocean_menu_typo_font_size":0,"ocean_menu_typo_font_size_tablet":0,"ocean_menu_typo_font_size_mobile":0,"ocean_menu_typo_font_size_unit":"px","ocean_menu_typo_font_weight":"","ocean_menu_typo_font_weight_tablet":"","ocean_menu_typo_font_weight_mobile":"","ocean_menu_typo_transform":"","ocean_menu_typo_transform_tablet":"","ocean_menu_typo_transform_mobile":"","ocean_menu_typo_line_height":0,"ocean_menu_typo_line_height_tablet":0,"ocean_menu_typo_line_height_mobile":0,"ocean_menu_typo_line_height_unit":"","ocean_menu_typo_spacing":0,"ocean_menu_typo_spacing_tablet":0,"ocean_menu_typo_spacing_mobile":0,"ocean_menu_typo_spacing_unit":"","ocean_menu_link_color":"","ocean_menu_link_color_hover":"","ocean_menu_link_color_active":"","ocean_menu_link_background":"","ocean_menu_link_hover_background":"","ocean_menu_link_active_background":"","ocean_menu_social_links_bg":"","ocean_menu_social_hover_links_bg":"","ocean_menu_social_links_color":"","ocean_menu_social_hover_links_color":"","ocean_disable_title":"default","ocean_disable_heading":"default","ocean_post_title":"","ocean_post_subheading":"","ocean_post_title_style":"","ocean_post_title_background_color":"","ocean_post_title_background":0,"ocean_post_title_bg_image_position":"","ocean_post_title_bg_image_attachment":"","ocean_post_title_bg_image_repeat":"","ocean_post_title_bg_image_size":"","ocean_post_title_height":0,"ocean_post_title_bg_overlay":0.5,"ocean_post_title_bg_overlay_color":"","ocean_disable_breadcrumbs":"default","ocean_breadcrumbs_color":"","ocean_breadcrumbs_separator_color":"","ocean_breadcrumbs_links_color":"","ocean_breadcrumbs_links_hover_color":"","ocean_display_footer_widgets":"default","ocean_display_footer_bottom":"default","ocean_custom_footer_template":"0","footnotes":""},"categories":[],"class_list":["post-28","page","type-page","status-publish","hentry","entry"],"publishpress_future_action":{"enabled":false,"date":"2026-05-06 20:05:09","action":"change-status","newStatus":"draft","terms":[],"taxonomy":"category","extraData":[]},"publishpress_future_workflow_manual_trigger":{"enabledWorkflows":[]},"_links":{"self":[{"href":"https:\/\/elsembradorministries.com\/esne\/yosoyel73\/wp-json\/wp\/v2\/pages\/28","targetHints":{"allow":["GET"]}}],"collection":[{"href":"https:\/\/elsembradorministries.com\/esne\/yosoyel73\/wp-json\/wp\/v2\/pages"}],"about":[{"href":"https:\/\/elsembradorministries.com\/esne\/yosoyel73\/wp-json\/wp\/v2\/types\/page"}],"author":[{"embeddable":true,"href":"https:\/\/elsembradorministries.com\/esne\/yosoyel73\/wp-json\/wp\/v2\/users\/1"}],"replies":[{"embeddable":true,"href":"https:\/\/elsembradorministries.com\/esne\/yosoyel73\/wp-json\/wp\/v2\/comments?post=28"}],"version-history":[{"count":6,"href":"https:\/\/elsembradorministries.com\/esne\/yosoyel73\/wp-json\/wp\/v2\/pages\/28\/revisions"}],"predecessor-version":[{"id":560,"href":"https:\/\/elsembradorministries.com\/esne\/yosoyel73\/wp-json\/wp\/v2\/pages\/28\/revisions\/560"}],"wp:attachment":[{"href":"https:\/\/elsembradorministries.com\/esne\/yosoyel73\/wp-json\/wp\/v2\/media?parent=28"}],"wp:term":[{"taxonomy":"category","embeddable":true,"href":"https:\/\/elsembradorministries.com\/esne\/yosoyel73\/wp-json\/wp\/v2\/categories?post=28"}],"curies":[{"name":"wp","href":"https:\/\/api.w.org\/{rel}","templated":true}]}}