{"id":34,"date":"2022-03-06T20:49:05","date_gmt":"2022-03-06T20:49:05","guid":{"rendered":"https:\/\/elsembradorministries.com\/esne\/yosoyel73\/?page_id=34"},"modified":"2024-11-22T11:46:40","modified_gmt":"2024-11-22T19:46:40","slug":"selection","status":"publish","type":"page","link":"https:\/\/elsembradorministries.com\/esne\/yosoyel73\/","title":{"rendered":"Selection"},"content":{"rendered":"\t\t<div data-elementor-type=\"wp-page\" data-elementor-id=\"34\" class=\"elementor elementor-34\">\n\t\t\t\t\t\t<section class=\"elementor-section elementor-top-section elementor-element elementor-element-7f2eef6 elementor-section-stretched elementor-section-full_width elementor-section-height-default elementor-section-height-default\" data-id=\"7f2eef6\" data-element_type=\"section\" data-e-type=\"section\" data-settings=\"{&quot;stretch_section&quot;:&quot;section-stretched&quot;,&quot;background_background&quot;:&quot;classic&quot;}\">\n\t\t\t\t\t\t<div class=\"elementor-container elementor-column-gap-default\">\n\t\t\t\t\t<div class=\"elementor-column elementor-col-100 elementor-top-column elementor-element elementor-element-480444e\" data-id=\"480444e\" data-element_type=\"column\" data-e-type=\"column\">\n\t\t\t<div class=\"elementor-widget-wrap elementor-element-populated\">\n\t\t\t\t\t\t<section class=\"elementor-section elementor-inner-section elementor-element elementor-element-aefa072 elementor-section-boxed elementor-section-height-default elementor-section-height-default\" data-id=\"aefa072\" data-element_type=\"section\" data-e-type=\"section\">\n\t\t\t\t\t\t<div class=\"elementor-container elementor-column-gap-default\">\n\t\t\t\t\t<div class=\"elementor-column elementor-col-100 elementor-inner-column elementor-element elementor-element-3b7fc84\" data-id=\"3b7fc84\" data-element_type=\"column\" data-e-type=\"column\">\n\t\t\t<div class=\"elementor-widget-wrap elementor-element-populated\">\n\t\t\t\t\t\t<div class=\"elementor-element elementor-element-b093c17 elementor-widget elementor-widget-image\" data-id=\"b093c17\" data-element_type=\"widget\" data-e-type=\"widget\" data-widget_type=\"image.default\">\n\t\t\t\t<div class=\"elementor-widget-container\">\n\t\t\t\t\t\t\t\t\t\t\t\t\t\t\t<img fetchpriority=\"high\" decoding=\"async\" width=\"800\" height=\"322\" src=\"https:\/\/elsembradorministries.com\/esne\/yosoyel73\/wp-content\/uploads\/sites\/22\/2022\/03\/soy-73-logo-2.png\" class=\"attachment-full size-full wp-image-87\" alt=\"\" srcset=\"https:\/\/elsembradorministries.com\/esne\/yosoyel73\/wp-content\/uploads\/sites\/22\/2022\/03\/soy-73-logo-2.png 800w, https:\/\/elsembradorministries.com\/esne\/yosoyel73\/wp-content\/uploads\/sites\/22\/2022\/03\/soy-73-logo-2-300x121.png 300w, https:\/\/elsembradorministries.com\/esne\/yosoyel73\/wp-content\/uploads\/sites\/22\/2022\/03\/soy-73-logo-2-768x309.png 768w\" sizes=\"(max-width: 800px) 100vw, 800px\" \/>\t\t\t\t\t\t\t\t\t\t\t\t\t\t\t<\/div>\n\t\t\t\t<\/div>\n\t\t\t\t<div class=\"elementor-element elementor-element-8ab5608 elementor-widget elementor-widget-spacer\" data-id=\"8ab5608\" data-element_type=\"widget\" data-e-type=\"widget\" data-widget_type=\"spacer.default\">\n\t\t\t\t<div class=\"elementor-widget-container\">\n\t\t\t\t\t\t\t<div class=\"elementor-spacer\">\n\t\t\t<div class=\"elementor-spacer-inner\"><\/div>\n\t\t<\/div>\n\t\t\t\t\t\t<\/div>\n\t\t\t\t<\/div>\n\t\t\t\t\t<\/div>\n\t\t<\/div>\n\t\t\t\t\t<\/div>\n\t\t<\/section>\n\t\t\t\t<section class=\"elementor-section elementor-inner-section elementor-element elementor-element-0c2ca21 elementor-section-boxed elementor-section-height-default elementor-section-height-default\" data-id=\"0c2ca21\" data-element_type=\"section\" data-e-type=\"section\">\n\t\t\t\t\t\t<div class=\"elementor-container elementor-column-gap-default\">\n\t\t\t\t\t<div class=\"elementor-column elementor-col-50 elementor-inner-column elementor-element elementor-element-30df424\" data-id=\"30df424\" data-element_type=\"column\" data-e-type=\"column\">\n\t\t\t<div class=\"elementor-widget-wrap elementor-element-populated\">\n\t\t\t\t\t\t<div class=\"elementor-element elementor-element-2c1c6f5 elementor-widget elementor-widget-image\" data-id=\"2c1c6f5\" data-element_type=\"widget\" data-e-type=\"widget\" data-widget_type=\"image.default\">\n\t\t\t\t<div class=\"elementor-widget-container\">\n\t\t\t\t\t\t\t\t\t\t\t\t\t\t\t\t<a href=\"https:\/\/elsembradorministries.com\/esne\/yosoyel73\/soy-73\/\">\n\t\t\t\t\t\t\t<img decoding=\"async\" width=\"490\" height=\"152\" src=\"https:\/\/elsembradorministries.com\/esne\/yosoyel73\/wp-content\/uploads\/sites\/22\/2022\/03\/soy-73-boton-consagracion.png\" class=\"attachment-full size-full wp-image-55\" alt=\"\" srcset=\"https:\/\/elsembradorministries.com\/esne\/yosoyel73\/wp-content\/uploads\/sites\/22\/2022\/03\/soy-73-boton-consagracion.png 490w, https:\/\/elsembradorministries.com\/esne\/yosoyel73\/wp-content\/uploads\/sites\/22\/2022\/03\/soy-73-boton-consagracion-300x93.png 300w\" sizes=\"(max-width: 490px) 100vw, 490px\" \/>\t\t\t\t\t\t\t\t<\/a>\n\t\t\t\t\t\t\t\t\t\t\t\t\t\t\t<\/div>\n\t\t\t\t<\/div>\n\t\t\t\t\t<\/div>\n\t\t<\/div>\n\t\t\t\t<div class=\"elementor-column elementor-col-50 elementor-inner-column elementor-element elementor-element-6e3b732\" data-id=\"6e3b732\" data-element_type=\"column\" data-e-type=\"column\">\n\t\t\t<div class=\"elementor-widget-wrap elementor-element-populated\">\n\t\t\t\t\t\t<div class=\"elementor-element elementor-element-e506e6d elementor-widget elementor-widget-image\" data-id=\"e506e6d\" data-element_type=\"widget\" data-e-type=\"widget\" data-widget_type=\"image.default\">\n\t\t\t\t<div class=\"elementor-widget-container\">\n\t\t\t\t\t\t\t\t\t\t\t\t\t\t\t\t<a href=\"https:\/\/elsembradorministries.com\/esne\/yosoyel73\/consagracion\/\">\n\t\t\t\t\t\t\t<img decoding=\"async\" width=\"490\" height=\"152\" src=\"https:\/\/elsembradorministries.com\/esne\/yosoyel73\/wp-content\/uploads\/sites\/22\/2022\/03\/soy-73-boton-info.png\" class=\"attachment-full size-full wp-image-62\" alt=\"\" srcset=\"https:\/\/elsembradorministries.com\/esne\/yosoyel73\/wp-content\/uploads\/sites\/22\/2022\/03\/soy-73-boton-info.png 490w, https:\/\/elsembradorministries.com\/esne\/yosoyel73\/wp-content\/uploads\/sites\/22\/2022\/03\/soy-73-boton-info-300x93.png 300w\" sizes=\"(max-width: 490px) 100vw, 490px\" \/>\t\t\t\t\t\t\t\t<\/a>\n\t\t\t\t\t\t\t\t\t\t\t\t\t\t\t<\/div>\n\t\t\t\t<\/div>\n\t\t\t\t\t<\/div>\n\t\t<\/div>\n\t\t\t\t\t<\/div>\n\t\t<\/section>\n\t\t\t\t<section class=\"elementor-section elementor-inner-section elementor-element elementor-element-98ce26b elementor-section-boxed elementor-section-height-default elementor-section-height-default\" data-id=\"98ce26b\" data-element_type=\"section\" data-e-type=\"section\">\n\t\t\t\t\t\t<div class=\"elementor-container elementor-column-gap-default\">\n\t\t\t\t\t<div class=\"elementor-column elementor-col-50 elementor-inner-column elementor-element elementor-element-88e3933\" data-id=\"88e3933\" data-element_type=\"column\" data-e-type=\"column\">\n\t\t\t<div class=\"elementor-widget-wrap elementor-element-populated\">\n\t\t\t\t\t\t<div class=\"elementor-element elementor-element-95e4b7f elementor-widget elementor-widget-image\" data-id=\"95e4b7f\" data-element_type=\"widget\" data-e-type=\"widget\" data-widget_type=\"image.default\">\n\t\t\t\t<div class=\"elementor-widget-container\">\n\t\t\t\t\t\t\t\t\t\t\t\t\t\t\t\t<a href=\"https:\/\/elsembradorministries.com\/esne\/yosoyel73\/preguntas-frecuentes\/\">\n\t\t\t\t\t\t\t<img loading=\"lazy\" decoding=\"async\" width=\"490\" height=\"152\" src=\"https:\/\/elsembradorministries.com\/esne\/yosoyel73\/wp-content\/uploads\/sites\/22\/2022\/05\/soy-73-boton-faq-2.png\" class=\"attachment-full size-full wp-image-1178\" alt=\"\" srcset=\"https:\/\/elsembradorministries.com\/esne\/yosoyel73\/wp-content\/uploads\/sites\/22\/2022\/05\/soy-73-boton-faq-2.png 490w, https:\/\/elsembradorministries.com\/esne\/yosoyel73\/wp-content\/uploads\/sites\/22\/2022\/05\/soy-73-boton-faq-2-300x93.png 300w\" sizes=\"(max-width: 490px) 100vw, 490px\" \/>\t\t\t\t\t\t\t\t<\/a>\n\t\t\t\t\t\t\t\t\t\t\t\t\t\t\t<\/div>\n\t\t\t\t<\/div>\n\t\t\t\t\t<\/div>\n\t\t<\/div>\n\t\t\t\t<div class=\"elementor-column elementor-col-50 elementor-inner-column elementor-element elementor-element-e5bcb7a\" data-id=\"e5bcb7a\" data-element_type=\"column\" data-e-type=\"column\">\n\t\t\t<div class=\"elementor-widget-wrap elementor-element-populated\">\n\t\t\t\t\t\t<div class=\"elementor-element elementor-element-b71d5f4 elementor-widget elementor-widget-image\" data-id=\"b71d5f4\" data-element_type=\"widget\" data-e-type=\"widget\" data-widget_type=\"image.default\">\n\t\t\t\t<div class=\"elementor-widget-container\">\n\t\t\t\t\t\t\t\t\t\t\t\t\t\t\t\t<a href=\"https:\/\/elsembradorministries.com\/esne\/yosoyel73\/proximas-consagraciones\/\">\n\t\t\t\t\t\t\t<img loading=\"lazy\" decoding=\"async\" width=\"490\" height=\"152\" src=\"https:\/\/elsembradorministries.com\/esne\/yosoyel73\/wp-content\/uploads\/sites\/22\/2024\/01\/soy-73-boton-proximas.png\" class=\"attachment-full size-full wp-image-2732\" alt=\"\" srcset=\"https:\/\/elsembradorministries.com\/esne\/yosoyel73\/wp-content\/uploads\/sites\/22\/2024\/01\/soy-73-boton-proximas.png 490w, https:\/\/elsembradorministries.com\/esne\/yosoyel73\/wp-content\/uploads\/sites\/22\/2024\/01\/soy-73-boton-proximas-300x93.png 300w\" sizes=\"(max-width: 490px) 100vw, 490px\" \/>\t\t\t\t\t\t\t\t<\/a>\n\t\t\t\t\t\t\t\t\t\t\t\t\t\t\t<\/div>\n\t\t\t\t<\/div>\n\t\t\t\t\t<\/div>\n\t\t<\/div>\n\t\t\t\t\t<\/div>\n\t\t<\/section>\n\t\t\t\t<section class=\"elementor-section elementor-inner-section elementor-element elementor-element-6f99692 elementor-section-boxed elementor-section-height-default elementor-section-height-default\" data-id=\"6f99692\" data-element_type=\"section\" data-e-type=\"section\">\n\t\t\t\t\t\t<div class=\"elementor-container elementor-column-gap-default\">\n\t\t\t\t\t<div class=\"elementor-column elementor-col-33 elementor-inner-column elementor-element elementor-element-1a51cf9\" data-id=\"1a51cf9\" data-element_type=\"column\" data-e-type=\"column\">\n\t\t\t<div class=\"elementor-widget-wrap\">\n\t\t\t\t\t\t\t<\/div>\n\t\t<\/div>\n\t\t\t\t<div class=\"elementor-column elementor-col-33 elementor-inner-column elementor-element elementor-element-e9ba5e4\" data-id=\"e9ba5e4\" data-element_type=\"column\" data-e-type=\"column\">\n\t\t\t<div class=\"elementor-widget-wrap elementor-element-populated\">\n\t\t\t\t\t\t<div class=\"elementor-element elementor-element-1cc6ef1 elementor-widget elementor-widget-image\" data-id=\"1cc6ef1\" data-element_type=\"widget\" data-e-type=\"widget\" data-widget_type=\"image.default\">\n\t\t\t\t<div class=\"elementor-widget-container\">\n\t\t\t\t\t\t\t\t\t\t\t\t\t\t\t\t<a href=\"https:\/\/elsembradorministries.com\/esne\/yosoyel73\/comunidades\/\">\n\t\t\t\t\t\t\t<img loading=\"lazy\" decoding=\"async\" width=\"490\" height=\"152\" src=\"https:\/\/elsembradorministries.com\/esne\/yosoyel73\/wp-content\/uploads\/sites\/22\/2024\/11\/soy-73-boton-comunidades.png\" class=\"attachment-large size-large wp-image-2850\" alt=\"\" srcset=\"https:\/\/elsembradorministries.com\/esne\/yosoyel73\/wp-content\/uploads\/sites\/22\/2024\/11\/soy-73-boton-comunidades.png 490w, https:\/\/elsembradorministries.com\/esne\/yosoyel73\/wp-content\/uploads\/sites\/22\/2024\/11\/soy-73-boton-comunidades-300x93.png 300w\" sizes=\"(max-width: 490px) 100vw, 490px\" \/>\t\t\t\t\t\t\t\t<\/a>\n\t\t\t\t\t\t\t\t\t\t\t\t\t\t\t<\/div>\n\t\t\t\t<\/div>\n\t\t\t\t\t<\/div>\n\t\t<\/div>\n\t\t\t\t<div class=\"elementor-column elementor-col-33 elementor-inner-column elementor-element elementor-element-9748ae4\" data-id=\"9748ae4\" data-element_type=\"column\" data-e-type=\"column\">\n\t\t\t<div class=\"elementor-widget-wrap\">\n\t\t\t\t\t\t\t<\/div>\n\t\t<\/div>\n\t\t\t\t\t<\/div>\n\t\t<\/section>\n\t\t\t\t<div class=\"elementor-element elementor-element-45ead70 elementor-widget elementor-widget-spacer\" data-id=\"45ead70\" data-element_type=\"widget\" data-e-type=\"widget\" data-widget_type=\"spacer.default\">\n\t\t\t\t<div class=\"elementor-widget-container\">\n\t\t\t\t\t\t\t<div class=\"elementor-spacer\">\n\t\t\t<div class=\"elementor-spacer-inner\"><\/div>\n\t\t<\/div>\n\t\t\t\t\t\t<\/div>\n\t\t\t\t<\/div>\n\t\t\t\t<div class=\"elementor-element elementor-element-bdaa529 elementor-widget elementor-widget-heading\" data-id=\"bdaa529\" data-element_type=\"widget\" data-e-type=\"widget\" data-widget_type=\"heading.default\">\n\t\t\t\t<div class=\"elementor-widget-container\">\n\t\t\t\t\t<h2 class=\"elementor-heading-title elementor-size-default\">Yo soy el 73, y t\u00fa\u2026 \u00bfquieres serlo?<\/h2>\t\t\t\t<\/div>\n\t\t\t\t<\/div>\n\t\t\t\t<div class=\"elementor-element elementor-element-96f5623 elementor-widget elementor-widget-text-editor\" data-id=\"96f5623\" data-element_type=\"widget\" data-e-type=\"widget\" data-widget_type=\"text-editor.default\">\n\t\t\t\t<div class=\"elementor-widget-container\">\n\t\t\t\t\t\t\t\t\t<div dir=\"auto\"><strong><em>Yo soy el 73<\/em><\/strong> es un proyecto cat\u00f3lico que inicia con una primera etapa de 33 d\u00edas para la consagraci\u00f3n a Jesucristo. Durante este tiempo se leen y meditan los cuatro Evangelios; se reza diariamente el santo rosario; se ayuna un d\u00eda a la semana, y se participa en cinco sesiones virtuales de formaci\u00f3n. Al t\u00e9rmino de esta preparaci\u00f3n se participa en la santa misa de consagraci\u00f3n.<\/div>\n<div dir=\"auto\">\u00a0<\/div>\n<div dir=\"auto\">Estamos pr\u00f3ximos a iniciar un nuevo grupo:<\/div>\n<div dir=\"auto\">\u00a0<\/div>\n<div dir=\"auto\">Registra tu participaci\u00f3n llenando el siguiente formulario:<\/div>\t\t\t\t\t\t\t\t<\/div>\n\t\t\t\t<\/div>\n\t\t\t\t<div class=\"elementor-element elementor-element-c66fb66 elementor-align-center elementor-widget elementor-widget-button\" data-id=\"c66fb66\" data-element_type=\"widget\" data-e-type=\"widget\" data-widget_type=\"button.default\">\n\t\t\t\t<div class=\"elementor-widget-container\">\n\t\t\t\t\t\t\t\t\t<div class=\"elementor-button-wrapper\">\n\t\t\t\t\t<a class=\"elementor-button elementor-button-link elementor-size-sm\" href=\"https:\/\/yosoyel73.org\/registro\">\n\t\t\t\t\t\t<span class=\"elementor-button-content-wrapper\">\n\t\t\t\t\t\t\t\t\t<span class=\"elementor-button-text\">Reg\u00edstrate aqu\u00ed:<\/span>\n\t\t\t\t\t<\/span>\n\t\t\t\t\t<\/a>\n\t\t\t\t<\/div>\n\t\t\t\t\t\t\t\t<\/div>\n\t\t\t\t<\/div>\n\t\t\t\t\t<\/div>\n\t\t<\/div>\n\t\t\t\t\t<\/div>\n\t\t<\/section>\n\t\t\t\t<section class=\"elementor-section elementor-top-section elementor-element elementor-element-8c2e5a1 elementor-section-boxed elementor-section-height-default elementor-section-height-default\" data-id=\"8c2e5a1\" data-element_type=\"section\" data-e-type=\"section\">\n\t\t\t\t\t\t<div class=\"elementor-container elementor-column-gap-default\">\n\t\t\t\t\t<div class=\"elementor-column elementor-col-100 elementor-top-column elementor-element elementor-element-5f2821a\" data-id=\"5f2821a\" data-element_type=\"column\" data-e-type=\"column\">\n\t\t\t<div class=\"elementor-widget-wrap elementor-element-populated\">\n\t\t\t\t\t\t<div class=\"elementor-element elementor-element-18fc006 elementor-widget elementor-widget-spacer\" data-id=\"18fc006\" data-element_type=\"widget\" data-e-type=\"widget\" data-widget_type=\"spacer.default\">\n\t\t\t\t<div class=\"elementor-widget-container\">\n\t\t\t\t\t\t\t<div class=\"elementor-spacer\">\n\t\t\t<div class=\"elementor-spacer-inner\"><\/div>\n\t\t<\/div>\n\t\t\t\t\t\t<\/div>\n\t\t\t\t<\/div>\n\t\t\t\t\t<\/div>\n\t\t<\/div>\n\t\t\t\t\t<\/div>\n\t\t<\/section>\n\t\t\t\t<section class=\"elementor-section elementor-top-section elementor-element elementor-element-57460ca elementor-section-boxed elementor-section-height-default elementor-section-height-default\" data-id=\"57460ca\" data-element_type=\"section\" data-e-type=\"section\" data-settings=\"{&quot;background_background&quot;:&quot;gradient&quot;}\">\n\t\t\t\t\t\t<div class=\"elementor-container elementor-column-gap-default\">\n\t\t\t\t\t<div class=\"elementor-column elementor-col-100 elementor-top-column elementor-element elementor-element-6595ca6\" data-id=\"6595ca6\" data-element_type=\"column\" data-e-type=\"column\">\n\t\t\t<div class=\"elementor-widget-wrap elementor-element-populated\">\n\t\t\t\t\t\t<div class=\"elementor-element elementor-element-01daa06 elementor-widget elementor-widget-eael-sticky-video\" data-id=\"01daa06\" data-element_type=\"widget\" data-e-type=\"widget\" data-widget_type=\"eael-sticky-video.default\">\n\t\t\t\t<div class=\"elementor-widget-container\">\n\t\t\t\t\t<div class=\"eael-sticky-video-wrapper eaelsv-overlay-visibility-\"><div class=\"eael-sticky-video-player2\" data-sticky=\"yes\" data-position=\"bottom-right\" data-sheight=\"169\" data-swidth=\"300\" data-scroll_height=\"70\" data-autoplay=\"no\" data-overlay=\"no\"><div\n\t\t\tid=\"eaelsv-player-01daa06\"\n\t\t\tdata-plyr-provider=\"youtube\"\n\t\t\tdata-plyr-embed-id=\"T1nrnUyxYmE\"\n\t\t\tdata-plyr-config=\"{&quot;storage&quot;: {&quot;enabled&quot;: false, &quot;key&quot;: &quot;plyr&quot;}, &quot;autoplay&quot;:0, &quot;muted&quot;:0, &quot;loop&quot;: {&quot;active&quot;: false}}\"\n\t\t><\/div>\n\t\t\t\t<span class=\"eaelsv-sticky-player-close\"><i class=\"fas fa-times-circle\"><\/i><\/span>\n\t\t\t<\/div>\n\t\t<\/div>\t\t\t\t<\/div>\n\t\t\t\t<\/div>\n\t\t\t\t<div class=\"elementor-element elementor-element-f64a532 elementor-widget elementor-widget-spacer\" data-id=\"f64a532\" data-element_type=\"widget\" data-e-type=\"widget\" data-widget_type=\"spacer.default\">\n\t\t\t\t<div class=\"elementor-widget-container\">\n\t\t\t\t\t\t\t<div class=\"elementor-spacer\">\n\t\t\t<div class=\"elementor-spacer-inner\"><\/div>\n\t\t<\/div>\n\t\t\t\t\t\t<\/div>\n\t\t\t\t<\/div>\n\t\t\t\t\t<\/div>\n\t\t<\/div>\n\t\t\t\t\t<\/div>\n\t\t<\/section>\n\t\t\t\t<section class=\"elementor-section elementor-top-section elementor-element elementor-element-9147ce6 elementor-section-full_width elementor-section-height-default elementor-section-height-default\" data-id=\"9147ce6\" data-element_type=\"section\" data-e-type=\"section\">\n\t\t\t\t\t\t<div class=\"elementor-container elementor-column-gap-default\">\n\t\t\t\t\t<div class=\"elementor-column elementor-col-100 elementor-top-column elementor-element elementor-element-255f9cb\" data-id=\"255f9cb\" data-element_type=\"column\" data-e-type=\"column\">\n\t\t\t<div class=\"elementor-widget-wrap elementor-element-populated\">\n\t\t\t\t\t\t<div class=\"elementor-element elementor-element-4ac3917 elementor-widget__width-initial elementor-widget elementor-widget-text-editor\" data-id=\"4ac3917\" data-element_type=\"widget\" data-e-type=\"widget\" data-widget_type=\"text-editor.default\">\n\t\t\t\t<div class=\"elementor-widget-container\">\n\t\t\t\t\t\t\t\t\t<div dir=\"auto\">Para mayor informaci\u00f3n, oprime el bot\u00f3n de&nbsp; &#8220;<span style=\"color: #ffffff;\"><a style=\"color: #ffffff;\" href=\"https:\/\/elsembradorministries.com\/esne\/yosoyel73\/preguntas-frecuentes\/\"><b>Preguntas frecuentes<\/b><\/a><\/span>&#8221; en el inicio y s\u00edguenos en Facebook, Instagram y YouTube con el nombre Yo soy el 73 \/ escr\u00edbenos a&nbsp;<span style=\"color: #ffcc00;\"><strong><a style=\"color: #ffcc00;\" href=\"mailto:info@soy73.com\" target=\"_blank\" rel=\"noopener\">info@soy73.com<\/a>&nbsp;<\/strong><\/span>\/ ll\u00e1manos o escr\u00edbenos por WhatsApp o Telegram al +52 33 1487 6681.<\/div>\n<div dir=\"auto\">Buenvenido(a) a la comunidad <span style=\"color: #ffffff;\"><strong>\u00a1YO SOY EL 73!<\/strong><\/span><\/div>\t\t\t\t\t\t\t\t<\/div>\n\t\t\t\t<\/div>\n\t\t\t\t<div class=\"elementor-element elementor-element-4073805 elementor-widget elementor-widget-spacer\" data-id=\"4073805\" data-element_type=\"widget\" data-e-type=\"widget\" data-widget_type=\"spacer.default\">\n\t\t\t\t<div class=\"elementor-widget-container\">\n\t\t\t\t\t\t\t<div class=\"elementor-spacer\">\n\t\t\t<div class=\"elementor-spacer-inner\"><\/div>\n\t\t<\/div>\n\t\t\t\t\t\t<\/div>\n\t\t\t\t<\/div>\n\t\t\t\t\t<\/div>\n\t\t<\/div>\n\t\t\t\t\t<\/div>\n\t\t<\/section>\n\t\t\t\t<\/div>\n\t\t","protected":false},"excerpt":{"rendered":"<p>Yo soy el 73, y t\u00fa\u2026 \u00bfquieres serlo? Yo soy el 73 es un proyecto cat\u00f3lico que inicia con una primera etapa de 33 d\u00edas para la consagraci\u00f3n a Jesucristo. Durante este tiempo se leen y meditan los cuatro Evangelios; se reza diariamente el santo rosario; se ayuna un d\u00eda a la semana, y se [&hellip;]<\/p>\n","protected":false},"author":1,"featured_media":0,"parent":0,"menu_order":0,"comment_status":"closed","ping_status":"closed","template":"elementor_header_footer","meta":{"ocean_post_layout":"","ocean_both_sidebars_style":"","ocean_both_sidebars_content_width":0,"ocean_both_sidebars_sidebars_width":0,"ocean_sidebar":"0","ocean_second_sidebar":"0","ocean_disable_margins":"enable","ocean_add_body_class":"","ocean_shortcode_before_top_bar":"","ocean_shortcode_after_top_bar":"","ocean_shortcode_before_header":"","ocean_shortcode_after_header":"","ocean_has_shortcode":"","ocean_shortcode_after_title":"","ocean_shortcode_before_footer_widgets":"","ocean_shortcode_after_footer_widgets":"","ocean_shortcode_before_footer_bottom":"","ocean_shortcode_after_footer_bottom":"","ocean_display_top_bar":"default","ocean_display_header":"default","ocean_header_style":"","ocean_center_header_left_menu":"0","ocean_custom_header_template":"0","ocean_custom_logo":0,"ocean_custom_retina_logo":0,"ocean_custom_logo_max_width":0,"ocean_custom_logo_tablet_max_width":0,"ocean_custom_logo_mobile_max_width":0,"ocean_custom_logo_max_height":0,"ocean_custom_logo_tablet_max_height":0,"ocean_custom_logo_mobile_max_height":0,"ocean_header_custom_menu":"0","ocean_menu_typo_font_family":"0","ocean_menu_typo_font_subset":"","ocean_menu_typo_font_size":0,"ocean_menu_typo_font_size_tablet":0,"ocean_menu_typo_font_size_mobile":0,"ocean_menu_typo_font_size_unit":"px","ocean_menu_typo_font_weight":"","ocean_menu_typo_font_weight_tablet":"","ocean_menu_typo_font_weight_mobile":"","ocean_menu_typo_transform":"","ocean_menu_typo_transform_tablet":"","ocean_menu_typo_transform_mobile":"","ocean_menu_typo_line_height":0,"ocean_menu_typo_line_height_tablet":0,"ocean_menu_typo_line_height_mobile":0,"ocean_menu_typo_line_height_unit":"","ocean_menu_typo_spacing":0,"ocean_menu_typo_spacing_tablet":0,"ocean_menu_typo_spacing_mobile":0,"ocean_menu_typo_spacing_unit":"","ocean_menu_link_color":"","ocean_menu_link_color_hover":"","ocean_menu_link_color_active":"","ocean_menu_link_background":"","ocean_menu_link_hover_background":"","ocean_menu_link_active_background":"","ocean_menu_social_links_bg":"","ocean_menu_social_hover_links_bg":"","ocean_menu_social_links_color":"","ocean_menu_social_hover_links_color":"","ocean_disable_title":"default","ocean_disable_heading":"default","ocean_post_title":"","ocean_post_subheading":"","ocean_post_title_style":"","ocean_post_title_background_color":"","ocean_post_title_background":0,"ocean_post_title_bg_image_position":"","ocean_post_title_bg_image_attachment":"","ocean_post_title_bg_image_repeat":"","ocean_post_title_bg_image_size":"","ocean_post_title_height":0,"ocean_post_title_bg_overlay":0.5,"ocean_post_title_bg_overlay_color":"","ocean_disable_breadcrumbs":"default","ocean_breadcrumbs_color":"","ocean_breadcrumbs_separator_color":"","ocean_breadcrumbs_links_color":"","ocean_breadcrumbs_links_hover_color":"","ocean_display_footer_widgets":"default","ocean_display_footer_bottom":"default","ocean_custom_footer_template":"0","footnotes":""},"categories":[],"class_list":["post-34","page","type-page","status-publish","hentry","entry"],"publishpress_future_action":{"enabled":false,"date":"2026-05-18 05:06:54","action":"change-status","newStatus":"draft","terms":[],"taxonomy":"category","extraData":[]},"publishpress_future_workflow_manual_trigger":{"enabledWorkflows":[]},"_links":{"self":[{"href":"https:\/\/elsembradorministries.com\/esne\/yosoyel73\/wp-json\/wp\/v2\/pages\/34","targetHints":{"allow":["GET"]}}],"collection":[{"href":"https:\/\/elsembradorministries.com\/esne\/yosoyel73\/wp-json\/wp\/v2\/pages"}],"about":[{"href":"https:\/\/elsembradorministries.com\/esne\/yosoyel73\/wp-json\/wp\/v2\/types\/page"}],"author":[{"embeddable":true,"href":"https:\/\/elsembradorministries.com\/esne\/yosoyel73\/wp-json\/wp\/v2\/users\/1"}],"replies":[{"embeddable":true,"href":"https:\/\/elsembradorministries.com\/esne\/yosoyel73\/wp-json\/wp\/v2\/comments?post=34"}],"version-history":[{"count":6,"href":"https:\/\/elsembradorministries.com\/esne\/yosoyel73\/wp-json\/wp\/v2\/pages\/34\/revisions"}],"predecessor-version":[{"id":2854,"href":"https:\/\/elsembradorministries.com\/esne\/yosoyel73\/wp-json\/wp\/v2\/pages\/34\/revisions\/2854"}],"wp:attachment":[{"href":"https:\/\/elsembradorministries.com\/esne\/yosoyel73\/wp-json\/wp\/v2\/media?parent=34"}],"wp:term":[{"taxonomy":"category","embeddable":true,"href":"https:\/\/elsembradorministries.com\/esne\/yosoyel73\/wp-json\/wp\/v2\/categories?post=34"}],"curies":[{"name":"wp","href":"https:\/\/api.w.org\/{rel}","templated":true}]}}