{"id":6625,"date":"2019-02-13T11:18:17","date_gmt":"2019-02-13T19:18:17","guid":{"rendered":"https:\/\/elsembradorministries.com\/eventos\/?page_id=6625"},"modified":"2026-02-24T11:36:45","modified_gmt":"2026-02-24T19:36:45","slug":"lugares-con-venta-de-boletos","status":"publish","type":"page","link":"https:\/\/elsembradorministries.com\/eventos\/lugares-con-venta-de-boletos\/","title":{"rendered":"Lugares con venta de boletos"},"content":{"rendered":"\t\t<div data-elementor-type=\"wp-page\" data-elementor-id=\"6625\" class=\"elementor elementor-6625\">\n\t\t\t\t\t\t<section class=\"elementor-section elementor-top-section elementor-element elementor-element-49a080e elementor-section-boxed elementor-section-height-default elementor-section-height-default\" data-id=\"49a080e\" data-element_type=\"section\" data-e-type=\"section\">\n\t\t\t\t\t\t<div class=\"elementor-container elementor-column-gap-default\">\n\t\t\t\t\t<div class=\"elementor-column elementor-col-100 elementor-top-column elementor-element elementor-element-663a6f4\" data-id=\"663a6f4\" data-element_type=\"column\" data-e-type=\"column\">\n\t\t\t<div class=\"elementor-widget-wrap elementor-element-populated\">\n\t\t\t\t\t\t<div class=\"elementor-element elementor-element-4b42fc2 elementor-widget elementor-widget-text-editor\" data-id=\"4b42fc2\" data-element_type=\"widget\" data-e-type=\"widget\" data-widget_type=\"text-editor.default\">\n\t\t\t\t<div class=\"elementor-widget-container\">\n\t\t\t\t\t\t\t\t\t<p style=\"text-align: center;\">GET YOUR TICKETS AT THE FOLLOWING LOCATIONS:<br \/><em>ADQUIERE TUS BOLETOS EN LOS SIGUIENTES LUGARES:<\/em><\/p>\t\t\t\t\t\t\t\t<\/div>\n\t\t\t\t<\/div>\n\t\t\t\t\t<\/div>\n\t\t<\/div>\n\t\t\t\t\t<\/div>\n\t\t<\/section>\n\t\t\t\t<section class=\"elementor-section elementor-top-section elementor-element elementor-element-573854e elementor-section-boxed elementor-section-height-default elementor-section-height-default\" data-id=\"573854e\" data-element_type=\"section\" data-e-type=\"section\">\n\t\t\t\t\t\t<div class=\"elementor-container elementor-column-gap-default\">\n\t\t\t\t\t<div class=\"elementor-column elementor-col-25 elementor-top-column elementor-element elementor-element-581dc19\" data-id=\"581dc19\" data-element_type=\"column\" data-e-type=\"column\">\n\t\t\t<div class=\"elementor-widget-wrap elementor-element-populated\">\n\t\t\t\t\t\t<div class=\"elementor-element elementor-element-7ffa6e8 elementor-widget elementor-widget-text-editor\" data-id=\"7ffa6e8\" data-element_type=\"widget\" data-e-type=\"widget\" data-widget_type=\"text-editor.default\">\n\t\t\t\t<div class=\"elementor-widget-container\">\n\t\t\t\t\t\t\t\t\t<h2><strong>LOS \u00c1NGELES, CA<\/strong><\/h2><p><strong>Mar\u00eda Ur\u00edas <\/strong><br \/>Los \u00c1ngeles, CA <br \/>Tel. (323) 360-8756<\/p><p><strong>Milvia Lazo <\/strong><br \/>Los \u00c1ngeles, CA <br \/>Tel. (213) 369-9075<\/p><p><strong>ESB Mayoreo\/Juan Torres <\/strong><br \/>Los \u00c1ngeles, CA <br \/>Tel. (213) 944-6452<\/p><p><strong>Idalia Amaya <\/strong><br \/>Los \u00c1ngeles, CA <br \/>Tel. (323) 535-8247<\/p><p><strong>Miguel y Gloria Ram\u00edrez <\/strong><br \/>Los \u00c1ngeles, CA <br \/>Tel. (323) 822-8858<\/p><p><strong>Rosal\u00eda V\u00e1zquez <\/strong><br \/>South Gate, CA <br \/>Tel. (562) 760-8058<\/p><p><strong>Mar\u00eda Galindo <\/strong><br \/>Lynwood, CA <br \/>Tel. (310) 733-9012<\/p><p><strong>Gladis Cruz <\/strong><br \/>Covina, CA <br \/>Tel. (626) 512-6261<\/p><p><strong>Delia Rodr\u00edguez <\/strong><br \/>Ontario, CA <br \/>Tel. (909) 518-3036<\/p><p><strong>Elisa Ramos <\/strong><br \/>Bell Gardens, CA <br \/>Tel. (562) 469-9051<\/p><p><strong>Eversoft dry cleaning <\/strong><br \/>Inglewood, CA <br \/>Tel. (310) 920-3227<\/p><p><strong>Marta L\u00f3pez <\/strong><br \/>Palmdale, CA <br \/>Tel. (661) 225-7775<\/p><p><strong>Edgar Floiran <\/strong><br \/>Van Nuys, CA <br \/>Tel. (818) 481-9952<\/p><p><strong>The Sower Shoe &amp; Bags Repair\/Victor Garc\u00eda <\/strong><br \/>Los Angeles, CA <br \/>Tel. (323) 333-5832<\/p><p><strong>Lidia L\u00f3pez <\/strong><br \/>Winnetka, CA <br \/>Tel. (818) 433-5808<\/p><p><strong>LAX Equipment\/Salvador Soto <\/strong><br \/>Inglewood, CA <br \/>Tel. (310) 330-2657<\/p><p><strong>La Michoacana <\/strong><br \/>Inglewood, CA <br \/>Tel. (310) 677-7197<\/p><p><strong>Carmen Garc\u00eda <\/strong><br \/>Ontario, CA <br \/>Tel. (909) 615-5842<\/p><p><strong>Librer\u00eda Los Salmos <\/strong><br \/>La Puente, CA <br \/>Tel. (626) 917-6000<\/p><p><strong>Librer\u00eda Novedades <\/strong><br \/>San Fernando, CA <br \/>Tel. (818) 837-3141<\/p><p><strong>Lupita Huerta <\/strong><br \/>Santa Clarita, CA <br \/>Tel. (661) 298-4537<\/p>\t\t\t\t\t\t\t\t<\/div>\n\t\t\t\t<\/div>\n\t\t\t\t\t<\/div>\n\t\t<\/div>\n\t\t\t\t<div class=\"elementor-column elementor-col-25 elementor-top-column elementor-element elementor-element-c1888b9\" data-id=\"c1888b9\" data-element_type=\"column\" data-e-type=\"column\">\n\t\t\t<div class=\"elementor-widget-wrap elementor-element-populated\">\n\t\t\t\t\t\t<div class=\"elementor-element elementor-element-5aefc3a elementor-widget elementor-widget-text-editor\" data-id=\"5aefc3a\" data-element_type=\"widget\" data-e-type=\"widget\" data-widget_type=\"text-editor.default\">\n\t\t\t\t<div class=\"elementor-widget-container\">\n\t\t\t\t\t\t\t\t\t<h2><strong>LOS \u00c1NGELES, CA<\/strong><\/h2><p><strong>Jaime Enriquez <\/strong><br \/>Yucaipa, CA <br \/>Tel. (909) 835-5742<\/p><p><strong>Librer\u00eda San Pablo <\/strong><br \/>Los \u00c1ngeles, CA <br \/>Tel. (323) 268-5010<\/p><p><strong>Parroquia Santo Tomas <\/strong><br \/>Los \u00c1ngeles, CA <br \/>Tel. (323) 737-3325<\/p><p><strong>Librer\u00eda San Juan Diego <\/strong><br \/>Los \u00c1ngeles, CA <br \/>Tel. (213) 318-7029<\/p><p><strong>Jalisco Sporting <\/strong><br \/>Baldwin Park, CA <br \/>Tel. (626) 338-9337<\/p>\t\t\t\t\t\t\t\t<\/div>\n\t\t\t\t<\/div>\n\t\t\t\t<div class=\"elementor-element elementor-element-c58a03a elementor-widget elementor-widget-text-editor\" data-id=\"c58a03a\" data-element_type=\"widget\" data-e-type=\"widget\" data-widget_type=\"text-editor.default\">\n\t\t\t\t<div class=\"elementor-widget-container\">\n\t\t\t\t\t\t\t\t\t<h2>SAN BERNARDINO, CA<\/h2><p><strong>Ricos Tacos Jalisco <\/strong><br \/>San Bernardino, CA <br \/>Tel. (909) 381-0708<\/p><p><strong>Jes\u00fas Pedraza <\/strong><br \/>Fontana, CA <br \/>Tel. (909) 258-8095<\/p><p><strong>Lucia Monge <\/strong><br \/>San Bernardino, CA <br \/>Tel. (909) 663-7452<\/p><p><strong>Mar\u00eda y Mario Bravo <\/strong><br \/>Ontario, CA <br \/>Tel. (626) 533-9176<\/p><p><strong>Rosita Garnica <\/strong><br \/>Jurupa Valley, CA <br \/>Tel. (951) 213-7315<\/p>\t\t\t\t\t\t\t\t<\/div>\n\t\t\t\t<\/div>\n\t\t\t\t<div class=\"elementor-element elementor-element-31f4db1 elementor-widget elementor-widget-text-editor\" data-id=\"31f4db1\" data-element_type=\"widget\" data-e-type=\"widget\" data-widget_type=\"text-editor.default\">\n\t\t\t\t<div class=\"elementor-widget-container\">\n\t\t\t\t\t\t\t\t\t<h2>BAKERSFIELD, CA<\/h2><p><strong>ROQUE ARELLANO <\/strong><br \/>Bakersfield, CA <br \/>Tel. (661) 544-7233<\/p><p><strong>Floro y Olivia San Agustin <\/strong><br \/>Lancaster, CA <br \/>Tel. (818) 296-8576<\/p>\t\t\t\t\t\t\t\t<\/div>\n\t\t\t\t<\/div>\n\t\t\t\t<div class=\"elementor-element elementor-element-2dc9d2e elementor-widget elementor-widget-text-editor\" data-id=\"2dc9d2e\" data-element_type=\"widget\" data-e-type=\"widget\" data-widget_type=\"text-editor.default\">\n\t\t\t\t<div class=\"elementor-widget-container\">\n\t\t\t\t\t\t\t\t\t<h2>VALLE IMPERIAL, CA<\/h2><p><strong>Francis Auyon <\/strong><br \/>Valle Imperial <br \/>Tel. (760) 427-5576<\/p><p><strong>Georgina S\u00e1nchez <\/strong><br \/>B.C. Mexicali <br \/>Tel. (686) 227-6318<\/p>\t\t\t\t\t\t\t\t<\/div>\n\t\t\t\t<\/div>\n\t\t\t\t<div class=\"elementor-element elementor-element-7a31b26 elementor-widget elementor-widget-text-editor\" data-id=\"7a31b26\" data-element_type=\"widget\" data-e-type=\"widget\" data-widget_type=\"text-editor.default\">\n\t\t\t\t<div class=\"elementor-widget-container\">\n\t\t\t\t\t\t\t\t\t<h2>SANTA MAR\u00cdA, CA<\/h2><p><strong>Isabel Mendoza <\/strong><br \/>821 E. Mariposa Way Sta Maria, CA 93454 <br \/>Tel. (805) 266-8330<\/p><p><strong>FRANCISCO DELGADILLO <\/strong><br \/>Santa Maria, CA <br \/>Tel. (805) 931-4022<\/p>\t\t\t\t\t\t\t\t<\/div>\n\t\t\t\t<\/div>\n\t\t\t\t<div class=\"elementor-element elementor-element-3dcdc10 elementor-widget elementor-widget-text-editor\" data-id=\"3dcdc10\" data-element_type=\"widget\" data-e-type=\"widget\" data-widget_type=\"text-editor.default\">\n\t\t\t\t<div class=\"elementor-widget-container\">\n\t\t\t\t\t\t\t\t\t<h2>ORANGE, CA<\/h2><p><strong>Librer\u00eda Cristo Vive<\/strong><br \/>Santa Ana, CA <br \/>Tel. (714) 264-2985<\/p><p><strong>Librer\u00eda Guadalupana Nuevo Amanecer<\/strong><br \/>Anaheim, CA<br \/>Tel. (714) 772-6280<\/p>\t\t\t\t\t\t\t\t<\/div>\n\t\t\t\t<\/div>\n\t\t\t\t<div class=\"elementor-element elementor-element-63c0331 elementor-widget elementor-widget-text-editor\" data-id=\"63c0331\" data-element_type=\"widget\" data-e-type=\"widget\" data-widget_type=\"text-editor.default\">\n\t\t\t\t<div class=\"elementor-widget-container\">\n\t\t\t\t\t\t\t\t\t<h2>NEVADA<\/h2><p><strong>Mayra<\/strong><span><strong> y Jacobo Rodr\u00edguez<\/strong> <br \/><\/span><span><\/span><span>Las<\/span><span> Vegas, NV <br \/><\/span><span><\/span><span>Tel<\/span><span>. (<\/span><span>702<\/span><span>) <\/span><span>630<\/span><span>&#8211;<\/span><span>4407<\/span><span> <\/span><\/p><p><span><\/span><strong>Angelica Contreras <br \/><\/strong><span><\/span><span>Las<\/span><span> Vegas, NV <br \/><\/span><span><\/span><span>Tel<\/span><span>. (<\/span><span>702<\/span><span>) <\/span><span>348<\/span><span>&#8211;<\/span><span>8370<\/span><span> <\/span><\/p>\t\t\t\t\t\t\t\t<\/div>\n\t\t\t\t<\/div>\n\t\t\t\t\t<\/div>\n\t\t<\/div>\n\t\t\t\t<div class=\"elementor-column elementor-col-25 elementor-top-column elementor-element elementor-element-4b7230c\" data-id=\"4b7230c\" data-element_type=\"column\" data-e-type=\"column\">\n\t\t\t<div class=\"elementor-widget-wrap elementor-element-populated\">\n\t\t\t\t\t\t<div class=\"elementor-element elementor-element-e8ac525 elementor-widget elementor-widget-text-editor\" data-id=\"e8ac525\" data-element_type=\"widget\" data-e-type=\"widget\" data-widget_type=\"text-editor.default\">\n\t\t\t\t<div class=\"elementor-widget-container\">\n\t\t\t\t\t\t\t\t\t<h2>GONZ\u00c1LES, CA<\/h2><p><strong>Hugo Olivera <\/strong><br \/>San Francisco, Oakland y San Jos\u00e9, CA <br \/>Tel. (707) 541-8243<\/p><p><strong>Lupita Garc\u00eda <\/strong><br \/>San Juan Bautista y San Jos\u00e9, CA <br \/>Tel. (831) 707-9658<\/p><p><strong>Mage Birruete <\/strong><br \/>Salinas, CA <br \/>Tel. (831) 444-5458<\/p><p><strong>Vicky Reynoso <\/strong><br \/>Monterey y Seaside, CA <br \/>Tel. (831) 262-2191<\/p><p><strong>Serafin Guzman <\/strong><br \/>Greenfield, CA <br \/>Tel. (831) 970-2617<\/p><p><strong>Guadalupe Garc\u00eda <\/strong><br \/>Watsonville, CA <br \/>Tel. (831) 402-3389<\/p><p><strong>Lupita \u00c1lvarez <\/strong><br \/>Salinas, CA <br \/>Tel. (831) 276-6530<\/p><p><strong>Ver\u00f3nica y Antonio Guevara <\/strong><br \/>Soledad, CA <br \/>Tel. (831) 210-6586<\/p><p><strong>Israel Gonz\u00e1lez <\/strong><br \/>Salinas, CA <br \/>Tel. (831) 776-9165<\/p><p><strong>Nohem\u00ed Rodr\u00edguez <\/strong><br \/>Los Ba\u00f1os, CA <br \/>Tel. (831) 707-3843<\/p><p><strong>Berta Lara <\/strong><br \/>Santa Cruz, CA <br \/>Tel. (831) 331-9001<\/p><p><strong>Juan y Mari Santoyo <\/strong><br \/>San Jos\u00e9, CA <br \/>Tel. (408) 630-7312<\/p><p><strong>Eunice Adame <\/strong><br \/>Gilroy, CA <br \/>Tel. (831) 296-7873<\/p><p><strong>Cristina Correa <\/strong><br \/>Hollister, CA <br \/>Tel. (831) 524-3546<\/p><p><strong>Espinosa Produce <\/strong><br \/>Salinas, CA <br \/>Tel. (831) 444-6396<\/p><p><strong>San Gabriel Arc\u00e1ngel Art\u00edculos Religiosos <\/strong><br \/>Watsonville, CA <br \/>Tel. (831) 772-9090<\/p>\t\t\t\t\t\t\t\t<\/div>\n\t\t\t\t<\/div>\n\t\t\t\t<div class=\"elementor-element elementor-element-261124d elementor-widget elementor-widget-text-editor\" data-id=\"261124d\" data-element_type=\"widget\" data-e-type=\"widget\" data-widget_type=\"text-editor.default\">\n\t\t\t\t<div class=\"elementor-widget-container\">\n\t\t\t\t\t\t\t\t\t<h2>RIVERSIDE, CA<\/h2><p><strong>Rosa M. S\u00e1nchez <\/strong><br \/>Riverside, CA <br \/>Tel. (951) 410-1163<\/p><p><strong>Librer\u00eda Lupita <\/strong><br \/>Wildomar, CA <br \/>Tel. (951) 813-5762<\/p><p><strong>Evelyn Librer\u00eda Cat\u00f3lica <\/strong><br \/>Perris, CA <br \/>Tel. (951) 250-5238<\/p><p><strong>Electr\u00f3nica Vallarta <\/strong><br \/>Perris, CA <br \/>Tel. (951) 943-5215<\/p><p><strong>Ana Cabrales <\/strong><br \/>Rialto, CA <br \/>Tel. (213) 300-8743<\/p><p><strong>Ricardo y Virginia Garcia <\/strong><br \/>Moreno Valley, CA <br \/>Tel. (951) 227-3554<\/p><p><strong>Alicia Cisneros <\/strong><br \/>Hemet, CA <br \/>Tel. (951) 551-4129<\/p><p><strong>Librer\u00eda Divino Ni\u00f1o\/Alejandra L\u00faa <\/strong><br \/>Riverside, CA <br \/>Tel. (951) 227-3554<\/p><p><strong>Melis Granero <\/strong><br \/>Rialto, CA <br \/>Tel. (909) 258-3065<\/p><p><strong>Rosita Mendoza <\/strong><br \/>Riverside, CA <br \/>Tel. (951) 373-0719<\/p>\t\t\t\t\t\t\t\t<\/div>\n\t\t\t\t<\/div>\n\t\t\t\t\t<\/div>\n\t\t<\/div>\n\t\t\t\t<div class=\"elementor-column elementor-col-25 elementor-top-column elementor-element elementor-element-602c56d\" data-id=\"602c56d\" data-element_type=\"column\" data-e-type=\"column\">\n\t\t\t<div class=\"elementor-widget-wrap elementor-element-populated\">\n\t\t\t\t\t\t<div class=\"elementor-element elementor-element-73b991f elementor-widget elementor-widget-text-editor\" data-id=\"73b991f\" data-element_type=\"widget\" data-e-type=\"widget\" data-widget_type=\"text-editor.default\">\n\t\t\t\t<div class=\"elementor-widget-container\">\n\t\t\t\t\t\t\t\t\t<h2>SAN DIEGO, CA<\/h2><p><strong>Anabel de la Cruz <\/strong><br \/>San Diego, CA <br \/>Tel. (619) 577-7392<\/p><p><strong>Yolanda Mendoza <\/strong><br \/>San Diego, CA <br \/>Tel. (619) 855-7061<\/p><p><strong>Catarino Terrones <\/strong><br \/>Chula Vista, CA <br \/>Tel. (619) 288-2807<\/p><p><strong>Francisco Gayt\u00e1n <\/strong><br \/>Escondido, CA <br \/>Tel. (760) 715-1683<\/p><p><strong>I\u2019m Catholic Gear and Bookstore <\/strong><br \/>San Diego, CA <br \/>Tel. (619) 888-6892<\/p><p><strong>Magdalena Rodr\u00edguez <\/strong><br \/>Chula Vista, CA <br \/>Tel. (619) 407-0403<\/p><p><strong>Chayito Garc\u00eda <\/strong><br \/>San Diego, CA <br \/>Tel. (619) 339-9585<\/p><p><strong>Olga Garc\u00eda <\/strong><br \/>Tijuana B.C <br \/>Tel. (664) 128-6589<\/p>\t\t\t\t\t\t\t\t<\/div>\n\t\t\t\t<\/div>\n\t\t\t\t<div class=\"elementor-element elementor-element-685b8f5 elementor-widget elementor-widget-text-editor\" data-id=\"685b8f5\" data-element_type=\"widget\" data-e-type=\"widget\" data-widget_type=\"text-editor.default\">\n\t\t\t\t<div class=\"elementor-widget-container\">\n\t\t\t\t\t\t\t\t\t<h2>COLORADO<\/h2><p><strong>Chary Pasillas <\/strong><br \/>Denver, CO <br \/>Tel. (720) 519-2404<\/p><p><strong>Librer\u00eda Cat\u00f3lica Emmanuel <\/strong><br \/>7961 Federal Blvd #101, Westminster, CO 80030 <br \/>Tel. (720) 524-6862<\/p><p><strong>ESNE DENVER <\/strong><br \/>Tel. (720) 967-7237<\/p>\t\t\t\t\t\t\t\t<\/div>\n\t\t\t\t<\/div>\n\t\t\t\t<div class=\"elementor-element elementor-element-f2abbe6 elementor-widget elementor-widget-text-editor\" data-id=\"f2abbe6\" data-element_type=\"widget\" data-e-type=\"widget\" data-widget_type=\"text-editor.default\">\n\t\t\t\t<div class=\"elementor-widget-container\">\n\t\t\t\t\t\t\t\t\t<h2>UTAH<\/h2><p><strong>Elena Soriano<\/strong><br \/>Herriman, UT<br \/>Tel. (801) 505-2714<\/p>\t\t\t\t\t\t\t\t<\/div>\n\t\t\t\t<\/div>\n\t\t\t\t<div class=\"elementor-element elementor-element-3efdae7 elementor-widget elementor-widget-text-editor\" data-id=\"3efdae7\" data-element_type=\"widget\" data-e-type=\"widget\" data-widget_type=\"text-editor.default\">\n\t\t\t\t<div class=\"elementor-widget-container\">\n\t\t\t\t\t\t\t\t\t<h2>SAN FRANCISCO, CA<\/h2><p><strong>Hugo Olivera <\/strong><br \/>San Francisco, CA\/San Jose, CA\/Oakland, CA <br \/>Tel. (707) 541-8243<\/p><p><strong>Lupe Garc\u00eda <\/strong><br \/>San Jose, CA\/San Bautista, CA <br \/>Tel. (831) 707-9658<\/p><p><strong>Blanca Sedano <\/strong><br \/>Oakland, CA <br \/>Tel. (510) 634-6651<\/p><p><strong>Rebeca Ram\u00edrez <\/strong><br \/>Hayward, CA <br \/>Tel. (510) 246-7873<\/p><p><strong>Cristina Correa <\/strong><br \/>Hollister, CA <br \/>Tel. (831) 524-3546<\/p><p><strong>Cristian Alcaraz <\/strong><br \/>Santa Rosa, CA <br \/>Tel. (707) 307-8507<\/p><p><strong>Marisol y Sergio Cano <\/strong><br \/>Petaluma, CA <br \/>Tel. (707) 781-2266<\/p><p><strong>Fresh Napa Juices <\/strong><br \/>Napa, CA <br \/>Te. (707) 307-9077<\/p><p><strong>Guadalupe Cruz <\/strong><br \/>San Rafael, CA <br \/>Tel. (707) 726-3016<\/p><p><strong>Martha Arroyo <\/strong><br \/>Calistoga, CA <br \/>Tel. (707) 363-3472<\/p>\t\t\t\t\t\t\t\t<\/div>\n\t\t\t\t<\/div>\n\t\t\t\t\t<\/div>\n\t\t<\/div>\n\t\t\t\t\t<\/div>\n\t\t<\/section>\n\t\t\t\t<\/div>\n\t\t","protected":false},"excerpt":{"rendered":"<p>GET YOUR TICKETS AT THE FOLLOWING LOCATIONS:ADQUIERE TUS BOLETOS EN LOS SIGUIENTES LUGARES:LOS \u00c1NGELES, CAMar\u00eda Ur\u00edas Los \u00c1ngeles, CA Tel. (323) 360-8756Milvia Lazo Los \u00c1ngeles, CA Tel. (213) 369-9075ESB Mayoreo\/Juan Torres Los \u00c1ngeles, CA Tel. (213) 944-6452Idalia Amaya Los \u00c1ngeles, CA Tel. (323) 535-8247Miguel y Gloria Ram\u00edrez Los \u00c1ngeles, CA Tel. (323) 822-8858Rosal\u00eda V\u00e1zquez South [&hellip;]<\/p>\n","protected":false},"author":1,"featured_media":0,"parent":0,"menu_order":0,"comment_status":"closed","ping_status":"closed","template":"elementor_header_footer","meta":{"_acf_changed":false,"_exactmetrics_skip_tracking":false,"_exactmetrics_sitenote_active":false,"_exactmetrics_sitenote_note":"","_exactmetrics_sitenote_category":0,"ocean_post_layout":"","ocean_both_sidebars_style":"","ocean_both_sidebars_content_width":0,"ocean_both_sidebars_sidebars_width":0,"ocean_sidebar":"0","ocean_second_sidebar":"0","ocean_disable_margins":"enable","ocean_add_body_class":"","ocean_shortcode_before_top_bar":"","ocean_shortcode_after_top_bar":"","ocean_shortcode_before_header":"","ocean_shortcode_after_header":"","ocean_has_shortcode":"","ocean_shortcode_after_title":"","ocean_shortcode_before_footer_widgets":"","ocean_shortcode_after_footer_widgets":"","ocean_shortcode_before_footer_bottom":"","ocean_shortcode_after_footer_bottom":"","ocean_display_top_bar":"default","ocean_display_header":"default","ocean_header_style":"","ocean_center_header_left_menu":"0","ocean_custom_header_template":"0","ocean_custom_logo":0,"ocean_custom_retina_logo":0,"ocean_custom_logo_max_width":0,"ocean_custom_logo_tablet_max_width":0,"ocean_custom_logo_mobile_max_width":0,"ocean_custom_logo_max_height":0,"ocean_custom_logo_tablet_max_height":0,"ocean_custom_logo_mobile_max_height":0,"ocean_header_custom_menu":"0","ocean_menu_typo_font_family":"0","ocean_menu_typo_font_subset":"","ocean_menu_typo_font_size":0,"ocean_menu_typo_font_size_tablet":0,"ocean_menu_typo_font_size_mobile":0,"ocean_menu_typo_font_size_unit":"px","ocean_menu_typo_font_weight":"","ocean_menu_typo_font_weight_tablet":"","ocean_menu_typo_font_weight_mobile":"","ocean_menu_typo_transform":"","ocean_menu_typo_transform_tablet":"","ocean_menu_typo_transform_mobile":"","ocean_menu_typo_line_height":0,"ocean_menu_typo_line_height_tablet":0,"ocean_menu_typo_line_height_mobile":0,"ocean_menu_typo_line_height_unit":"","ocean_menu_typo_spacing":0,"ocean_menu_typo_spacing_tablet":0,"ocean_menu_typo_spacing_mobile":0,"ocean_menu_typo_spacing_unit":"","ocean_menu_link_color":"","ocean_menu_link_color_hover":"","ocean_menu_link_color_active":"","ocean_menu_link_background":"","ocean_menu_link_hover_background":"","ocean_menu_link_active_background":"","ocean_menu_social_links_bg":"","ocean_menu_social_hover_links_bg":"","ocean_menu_social_links_color":"","ocean_menu_social_hover_links_color":"","ocean_disable_title":"default","ocean_disable_heading":"default","ocean_post_title":"","ocean_post_subheading":"","ocean_post_title_style":"","ocean_post_title_background_color":"","ocean_post_title_background":0,"ocean_post_title_bg_image_position":"","ocean_post_title_bg_image_attachment":"","ocean_post_title_bg_image_repeat":"","ocean_post_title_bg_image_size":"","ocean_post_title_height":0,"ocean_post_title_bg_overlay":0.5,"ocean_post_title_bg_overlay_color":"","ocean_disable_breadcrumbs":"default","ocean_breadcrumbs_color":"","ocean_breadcrumbs_separator_color":"","ocean_breadcrumbs_links_color":"","ocean_breadcrumbs_links_hover_color":"","ocean_display_footer_widgets":"default","ocean_display_footer_bottom":"default","ocean_custom_footer_template":"0","footnotes":""},"categories":[],"class_list":["post-6625","page","type-page","status-publish","hentry","entry","owp-thumbs-layout-horizontal","owp-btn-normal","owp-tabs-layout-horizontal","has-no-thumbnails"],"acf":[],"_links":{"self":[{"href":"https:\/\/elsembradorministries.com\/eventos\/wp-json\/wp\/v2\/pages\/6625","targetHints":{"allow":["GET"]}}],"collection":[{"href":"https:\/\/elsembradorministries.com\/eventos\/wp-json\/wp\/v2\/pages"}],"about":[{"href":"https:\/\/elsembradorministries.com\/eventos\/wp-json\/wp\/v2\/types\/page"}],"author":[{"embeddable":true,"href":"https:\/\/elsembradorministries.com\/eventos\/wp-json\/wp\/v2\/users\/1"}],"replies":[{"embeddable":true,"href":"https:\/\/elsembradorministries.com\/eventos\/wp-json\/wp\/v2\/comments?post=6625"}],"version-history":[{"count":4,"href":"https:\/\/elsembradorministries.com\/eventos\/wp-json\/wp\/v2\/pages\/6625\/revisions"}],"predecessor-version":[{"id":19763,"href":"https:\/\/elsembradorministries.com\/eventos\/wp-json\/wp\/v2\/pages\/6625\/revisions\/19763"}],"wp:attachment":[{"href":"https:\/\/elsembradorministries.com\/eventos\/wp-json\/wp\/v2\/media?parent=6625"}],"wp:term":[{"taxonomy":"category","embeddable":true,"href":"https:\/\/elsembradorministries.com\/eventos\/wp-json\/wp\/v2\/categories?post=6625"}],"curies":[{"name":"wp","href":"https:\/\/api.w.org\/{rel}","templated":true}]}}