{"id":19786,"date":"2026-02-25T15:20:29","date_gmt":"2026-02-25T23:20:29","guid":{"rendered":"https:\/\/elsembradorministries.com\/eventos\/?post_type=product&#038;p=19786"},"modified":"2026-04-13T21:07:57","modified_gmt":"2026-04-14T04:07:57","slug":"desayuno-del-dia-de-las-madres-2026","status":"publish","type":"product","link":"https:\/\/elsembradorministries.com\/eventos\/product\/desayuno-del-dia-de-las-madres-2026\/","title":{"rendered":"Desayuno del D\u00eda de las Madres 2026"},"content":{"rendered":"<img fetchpriority=\"high\" decoding=\"async\" src=\"https:\/\/elsembradorministries.com\/eventos\/wp-content\/uploads\/2026\/02\/desayuno-2026-.jpg\" alt=\"\" width=\"1600\" height=\"689\" class=\"alignnone size-full wp-image-19815\" srcset=\"https:\/\/elsembradorministries.com\/eventos\/wp-content\/uploads\/2026\/02\/desayuno-2026-.jpg 1600w, https:\/\/elsembradorministries.com\/eventos\/wp-content\/uploads\/2026\/02\/desayuno-2026--300x129.jpg 300w, https:\/\/elsembradorministries.com\/eventos\/wp-content\/uploads\/2026\/02\/desayuno-2026--1024x441.jpg 1024w, https:\/\/elsembradorministries.com\/eventos\/wp-content\/uploads\/2026\/02\/desayuno-2026--768x331.jpg 768w, https:\/\/elsembradorministries.com\/eventos\/wp-content\/uploads\/2026\/02\/desayuno-2026--1536x661.jpg 1536w, https:\/\/elsembradorministries.com\/eventos\/wp-content\/uploads\/2026\/02\/desayuno-2026--600x258.jpg 600w\" sizes=\"(max-width: 1600px) 100vw, 1600px\" \/><br \/><br \/><strong><span style=\"font-size: 24pt;\">Habr\u00e1 Mariachi en vivo<\/span><\/strong><br \/><span style=\"font-size: 24pt;\">Cupo Limitado | Reserva tus boletos hoy mismo<\/span>","protected":false},"excerpt":{"rendered":"<p><span style=\"font-size: 18pt;\">\u00a1Adquiere tus boletos hoy!<br \/><\/span><span style=\"font-size: 24pt;\">S\u00e1bado 9 de mayo, 2026<\/span><\/p>\n<p><span style=\"font-size: 14pt;\"><strong>9:00 am a 12:00 pm<\/strong><\/span><br \/>El costo del boleto es por persona. Una vez hayas hecho tu orden, los boletos ser\u00e1n enviados por correo postal y los recibir\u00e1s dentro de 5 a 7 d\u00edas h\u00e1biles.<br \/>\n<br \/>\n<strong>El costo de manejo y env\u00edo es de $14.00<\/strong><\/p>\n<p><a href=\"https:\/\/www.eventbrite.com\/e\/desayuno-del-dia-de-las-madres-2026-tickets-1984001717545\" class=\"button-link\" target=\"_blank\" rel=\"noopener\"><br \/>\n Si deseas boletos digitales:<br \/>Presiona aqu\u00ed<br \/>\n<\/a><\/p>\n<p>\nM\u00e1s informaci\u00f3n: <span style=\"font-size: 18pt;\">(773) 777-7773<\/span><\/p>\n<p>&nbsp;<\/p>\n<h5>NOTA: Una vez hecha la compra, los boletos no son reembolsables ni canjeables.<\/h5>\n<style>\n  .button-link {\n    background-color: #f44336; \/* Example color *\/\n    color: white;\n    padding: 4px 25px 14px 25px;\n    text-align: center;\n    text-decoration: none; \/* Removes the default link underline *\/\n    display: inline-block; \/* Allows padding and margin *\/\n    border-radius: 4px; \/* Optional: adds rounded corners *\/\n    cursor: pointer; \/* Ensures the cursor is a hand icon *\/\n  }<\/p>\n<p>  .button-link:hover {\n    background-color: red;\n  }\n<\/style>\n","protected":false},"featured_media":19804,"template":"","meta":{"_acf_changed":false,"_exactmetrics_skip_tracking":false,"_exactmetrics_sitenote_active":false,"_exactmetrics_sitenote_note":"","_exactmetrics_sitenote_category":0,"ocean_post_layout":"","ocean_both_sidebars_style":"","ocean_both_sidebars_content_width":0,"ocean_both_sidebars_sidebars_width":0,"ocean_sidebar":"0","ocean_second_sidebar":"0","ocean_disable_margins":"enable","ocean_add_body_class":"","ocean_shortcode_before_top_bar":"","ocean_shortcode_after_top_bar":"","ocean_shortcode_before_header":"","ocean_shortcode_after_header":"","ocean_has_shortcode":"","ocean_shortcode_after_title":"","ocean_shortcode_before_footer_widgets":"","ocean_shortcode_after_footer_widgets":"","ocean_shortcode_before_footer_bottom":"","ocean_shortcode_after_footer_bottom":"","ocean_display_top_bar":"default","ocean_display_header":"default","ocean_header_style":"","ocean_center_header_left_menu":"0","ocean_custom_header_template":"0","ocean_custom_logo":0,"ocean_custom_retina_logo":0,"ocean_custom_logo_max_width":0,"ocean_custom_logo_tablet_max_width":0,"ocean_custom_logo_mobile_max_width":0,"ocean_custom_logo_max_height":0,"ocean_custom_logo_tablet_max_height":0,"ocean_custom_logo_mobile_max_height":0,"ocean_header_custom_menu":"0","ocean_menu_typo_font_family":"0","ocean_menu_typo_font_subset":"","ocean_menu_typo_font_size":0,"ocean_menu_typo_font_size_tablet":0,"ocean_menu_typo_font_size_mobile":0,"ocean_menu_typo_font_size_unit":"px","ocean_menu_typo_font_weight":"","ocean_menu_typo_font_weight_tablet":"","ocean_menu_typo_font_weight_mobile":"","ocean_menu_typo_transform":"","ocean_menu_typo_transform_tablet":"","ocean_menu_typo_transform_mobile":"","ocean_menu_typo_line_height":0,"ocean_menu_typo_line_height_tablet":0,"ocean_menu_typo_line_height_mobile":0,"ocean_menu_typo_line_height_unit":"","ocean_menu_typo_spacing":0,"ocean_menu_typo_spacing_tablet":0,"ocean_menu_typo_spacing_mobile":0,"ocean_menu_typo_spacing_unit":"","ocean_menu_link_color":"","ocean_menu_link_color_hover":"","ocean_menu_link_color_active":"","ocean_menu_link_background":"","ocean_menu_link_hover_background":"","ocean_menu_link_active_background":"","ocean_menu_social_links_bg":"","ocean_menu_social_hover_links_bg":"","ocean_menu_social_links_color":"","ocean_menu_social_hover_links_color":"","ocean_disable_title":"default","ocean_disable_heading":"default","ocean_post_title":"","ocean_post_subheading":"","ocean_post_title_style":"","ocean_post_title_background_color":"","ocean_post_title_background":0,"ocean_post_title_bg_image_position":"","ocean_post_title_bg_image_attachment":"","ocean_post_title_bg_image_repeat":"","ocean_post_title_bg_image_size":"","ocean_post_title_height":0,"ocean_post_title_bg_overlay":0.5,"ocean_post_title_bg_overlay_color":"","ocean_disable_breadcrumbs":"default","ocean_breadcrumbs_color":"","ocean_breadcrumbs_separator_color":"","ocean_breadcrumbs_links_color":"","ocean_breadcrumbs_links_hover_color":"","ocean_display_footer_widgets":"default","ocean_display_footer_bottom":"default","ocean_custom_footer_template":"0"},"product_brand":[],"product_cat":[54],"product_tag":[],"class_list":{"0":"post-19786","1":"product","2":"type-product","3":"status-publish","4":"has-post-thumbnail","6":"product_cat-uncategorized","8":"entry","9":"has-media","11":"first","12":"instock","13":"shipping-taxable","14":"purchasable","15":"product-type-simple","16":"col","17":"span_1_of_3","18":"owp-content-center","19":"owp-thumbs-layout-horizontal","20":"owp-btn-normal","21":"owp-tabs-layout-horizontal","22":"has-no-thumbnails"},"acf":[],"_links":{"self":[{"href":"https:\/\/elsembradorministries.com\/eventos\/wp-json\/wp\/v2\/product\/19786","targetHints":{"allow":["GET"]}}],"collection":[{"href":"https:\/\/elsembradorministries.com\/eventos\/wp-json\/wp\/v2\/product"}],"about":[{"href":"https:\/\/elsembradorministries.com\/eventos\/wp-json\/wp\/v2\/types\/product"}],"wp:featuredmedia":[{"embeddable":true,"href":"https:\/\/elsembradorministries.com\/eventos\/wp-json\/wp\/v2\/media\/19804"}],"wp:attachment":[{"href":"https:\/\/elsembradorministries.com\/eventos\/wp-json\/wp\/v2\/media?parent=19786"}],"wp:term":[{"taxonomy":"product_brand","embeddable":true,"href":"https:\/\/elsembradorministries.com\/eventos\/wp-json\/wp\/v2\/product_brand?post=19786"},{"taxonomy":"product_cat","embeddable":true,"href":"https:\/\/elsembradorministries.com\/eventos\/wp-json\/wp\/v2\/product_cat?post=19786"},{"taxonomy":"product_tag","embeddable":true,"href":"https:\/\/elsembradorministries.com\/eventos\/wp-json\/wp\/v2\/product_tag?post=19786"}],"curies":[{"name":"wp","href":"https:\/\/api.w.org\/{rel}","templated":true}]}}